{"id":46022,"date":"2023-12-15T10:27:14","date_gmt":"2023-12-15T10:27:14","guid":{"rendered":"https:\/\/wydawnictwo.ug.edu.pl\/ksiegarnia-online\/uncategorized\/studia-scandinavica-727-2023\/"},"modified":"2026-02-11T13:06:01","modified_gmt":"2026-02-11T13:06:01","slug":"studia-scandinavica-727-2023","status":"publish","type":"product","link":"https:\/\/wydawnictwo.ug.edu.pl\/en\/ksiegarnia-online\/varia\/studia-scandinavica-727-2023\/","title":{"rendered":"Studia Scandinavica 7(27)\/2023"},"content":{"rendered":"","protected":false},"excerpt":{"rendered":"<p>\u201eStudia Scandinavica\u201d jest czasopismem wpisuj\u0105cym si\u0119 w dynamiczn\u0105 definicj\u0119 skandynawistyki jako multidyscyplinarnego obszaru studi\u00f3w i bada\u0144 naukowych.<\/p>\n<p>\u0141amy naszego czasopisma udost\u0119pniamy przede wszystkim tekstom, kt\u00f3re redefiniuj\u0105 i poszerzaj\u0105 wsp\u00f3\u0142czesny obraz kultur i spo\u0142ecze\u0144stw obszaru nordyckiego, a tak\u017ce publikacjom analizuj\u0105cym spo\u0142eczne, historyczne i kulturowe kontakty polsko-nordyckie.<\/p>\n","protected":false},"featured_media":27263,"template":"","meta":{"_acf_changed":false},"journal":[7070],"rodzaj":[7075,7077],"seria":[],"product_brand":[],"product_cat":[6948],"product_tag":[],"class_list":{"0":"post-46022","1":"product","2":"type-product","3":"status-publish","4":"has-post-thumbnail","6":"journal-studia-scandinavica","7":"rodzaj-e-book","8":"rodzaj-czasopismo","9":"product_cat-varia","11":"first","12":"instock","13":"taxable","14":"shipping-taxable","15":"purchasable","16":"product-type-external"},"acf":[],"_links":{"self":[{"href":"https:\/\/wydawnictwo.ug.edu.pl\/en\/wp-json\/wp\/v2\/product\/46022","targetHints":{"allow":["GET"]}}],"collection":[{"href":"https:\/\/wydawnictwo.ug.edu.pl\/en\/wp-json\/wp\/v2\/product"}],"about":[{"href":"https:\/\/wydawnictwo.ug.edu.pl\/en\/wp-json\/wp\/v2\/types\/product"}],"wp:featuredmedia":[{"embeddable":true,"href":"https:\/\/wydawnictwo.ug.edu.pl\/en\/wp-json\/wp\/v2\/media\/27263"}],"wp:attachment":[{"href":"https:\/\/wydawnictwo.ug.edu.pl\/en\/wp-json\/wp\/v2\/media?parent=46022"}],"wp:term":[{"taxonomy":"journal","embeddable":true,"href":"https:\/\/wydawnictwo.ug.edu.pl\/en\/wp-json\/wp\/v2\/journal?post=46022"},{"taxonomy":"rodzaj","embeddable":true,"href":"https:\/\/wydawnictwo.ug.edu.pl\/en\/wp-json\/wp\/v2\/rodzaj?post=46022"},{"taxonomy":"seria","embeddable":true,"href":"https:\/\/wydawnictwo.ug.edu.pl\/en\/wp-json\/wp\/v2\/seria?post=46022"},{"taxonomy":"product_brand","embeddable":true,"href":"https:\/\/wydawnictwo.ug.edu.pl\/en\/wp-json\/wp\/v2\/product_brand?post=46022"},{"taxonomy":"product_cat","embeddable":true,"href":"https:\/\/wydawnictwo.ug.edu.pl\/en\/wp-json\/wp\/v2\/product_cat?post=46022"},{"taxonomy":"product_tag","embeddable":true,"href":"https:\/\/wydawnictwo.ug.edu.pl\/en\/wp-json\/wp\/v2\/product_tag?post=46022"}],"curies":[{"name":"wp","href":"https:\/\/api.w.org\/{rel}","templated":true}]}}