{"id":46021,"date":"2023-12-15T13:37:12","date_gmt":"2023-12-15T13:37:12","guid":{"rendered":"https:\/\/wydawnictwo.ug.edu.pl\/ksiegarnia-online\/uncategorized\/educatio-iuris-ars-boni-et-aequi\/"},"modified":"2026-02-11T13:05:57","modified_gmt":"2026-02-11T13:05:57","slug":"educatio-iuris-ars-boni-et-aequi","status":"publish","type":"product","link":"https:\/\/wydawnictwo.ug.edu.pl\/en\/ksiegarnia-online\/prawo-i-administracja\/educatio-iuris-ars-boni-et-aequi\/","title":{"rendered":"Educatio iuris \u2013 ars boni et aequi"},"content":{"rendered":"","protected":false},"excerpt":{"rendered":"<p>\u201eW\u0105tkiem przewodnim wszystkich bez ma\u0142a tekst\u00f3w w recenzowanej ksi\u0105\u017cce jest troska o stan jako\u015bci kszta\u0142cenia student\u00f3w prawa, i w konsekwencji prawnik\u00f3w, oraz d\u0105\u017cenie do jego doskonalenia i poszukiwania form optymalizuj\u0105cych dotychczasow\u0105 dydaktyk\u0119. Niew\u0105tpliwymi walorami ksi\u0105\u017cki s\u0105 jej wieloaspektowo\u015b\u0107 i wielow\u0105tkowo\u015b\u0107. (\u2026) Odnosi si\u0119 wra\u017cenie uj\u0119cia wszystkich problem\u00f3w wymagaj\u0105cych komentarza oraz dyskusji. Od kwestii kompetencji nauczaj\u0105cych, czyli kadry akademickiej, do kompetencji student\u00f3w (&#8230;). Chodzi tu nie tylko o w\u0142\u0105czanie ich w proces dydaktyczny, ale i o kszta\u0142cenie ich umiej\u0119tno\u015bci komunikacyjnych, negocjacyjnych i retorycznych, docenienie wagi dyskusji jako formy kszta\u0142towania zdolno\u015bci przekonywania, poszukiwanie modelu profilu absolwenta prawa w XXI wieku i poszukiwanie nowego modelu edukacji prawniczej, kt\u00f3rego konstruowanie wymaga udzia\u0142u nie tylko i nie wy\u0142\u0105cznie prawnik\u00f3w (sic!). Jestem przekonany, \u017ce ksi\u0105\u017cka powinna sta\u0107 si\u0119 lektur\u0105 obowi\u0105zkow\u0105 dla ca\u0142ego prawniczego \u015brodowiska akademickiego w naszym kraju\u201d.<\/p>\n<p style=\"text-align: right;\"><em>Z recenzji prof. dr. hab. Zbigniewa Witkowskiego<\/em><\/p>\n","protected":false},"featured_media":27266,"template":"","meta":{"_acf_changed":false},"journal":[],"rodzaj":[7074],"seria":[],"product_brand":[],"product_cat":[6932],"product_tag":[7509],"class_list":{"0":"post-46021","1":"product","2":"type-product","3":"status-publish","4":"has-post-thumbnail","6":"rodzaj-ksiazki","7":"product_cat-prawo-i-administracja","8":"product_tag-jerzy-zajadlojerzy-zajadlo","10":"first","11":"instock","12":"taxable","13":"shipping-taxable","14":"purchasable","15":"product-type-simple"},"acf":[],"_links":{"self":[{"href":"https:\/\/wydawnictwo.ug.edu.pl\/en\/wp-json\/wp\/v2\/product\/46021","targetHints":{"allow":["GET"]}}],"collection":[{"href":"https:\/\/wydawnictwo.ug.edu.pl\/en\/wp-json\/wp\/v2\/product"}],"about":[{"href":"https:\/\/wydawnictwo.ug.edu.pl\/en\/wp-json\/wp\/v2\/types\/product"}],"wp:featuredmedia":[{"embeddable":true,"href":"https:\/\/wydawnictwo.ug.edu.pl\/en\/wp-json\/wp\/v2\/media\/27266"}],"wp:attachment":[{"href":"https:\/\/wydawnictwo.ug.edu.pl\/en\/wp-json\/wp\/v2\/media?parent=46021"}],"wp:term":[{"taxonomy":"journal","embeddable":true,"href":"https:\/\/wydawnictwo.ug.edu.pl\/en\/wp-json\/wp\/v2\/journal?post=46021"},{"taxonomy":"rodzaj","embeddable":true,"href":"https:\/\/wydawnictwo.ug.edu.pl\/en\/wp-json\/wp\/v2\/rodzaj?post=46021"},{"taxonomy":"seria","embeddable":true,"href":"https:\/\/wydawnictwo.ug.edu.pl\/en\/wp-json\/wp\/v2\/seria?post=46021"},{"taxonomy":"product_brand","embeddable":true,"href":"https:\/\/wydawnictwo.ug.edu.pl\/en\/wp-json\/wp\/v2\/product_brand?post=46021"},{"taxonomy":"product_cat","embeddable":true,"href":"https:\/\/wydawnictwo.ug.edu.pl\/en\/wp-json\/wp\/v2\/product_cat?post=46021"},{"taxonomy":"product_tag","embeddable":true,"href":"https:\/\/wydawnictwo.ug.edu.pl\/en\/wp-json\/wp\/v2\/product_tag?post=46021"}],"curies":[{"name":"wp","href":"https:\/\/api.w.org\/{rel}","templated":true}]}}