{"id":46019,"date":"2023-12-21T09:23:07","date_gmt":"2023-12-21T09:23:07","guid":{"rendered":"https:\/\/wydawnictwo.ug.edu.pl\/ksiegarnia-online\/uncategorized\/studia-germanica-gedanensia-48-beitrage-zur-literaturwissenschaft\/"},"modified":"2026-02-11T13:05:52","modified_gmt":"2026-02-11T13:05:52","slug":"studia-germanica-gedanensia-48-beitrage-zur-literaturwissenschaft","status":"publish","type":"product","link":"https:\/\/wydawnictwo.ug.edu.pl\/en\/ksiegarnia-online\/jezykoznawstwo\/studia-germanica-gedanensia-48-beitrage-zur-literaturwissenschaft\/","title":{"rendered":"Studia Germanica Gedanensia 48. Beitr\u00e4ge zur Literaturwissenschaft"},"content":{"rendered":"","protected":false},"excerpt":{"rendered":"<p>Czasopismo \u201eStudia Germanica Gedanensia\u201d ma za zadanie prezentowa\u0107 wyniki oryginalnych bada\u0144 z zakresu filologii germa\u0144skiej. Szczeg\u00f3lnym znaczeniem zosta\u0142y obj\u0119te takie obszary badawcze, jak: historia literatury niemieckiej i komparatystyka literacka, literatura regionalna, lingwistyka stosowana i germanistyczna, lingwistyka kontrastywna, kontakty j\u0119zykowe i kulturowe w Europie \u015arodkowej, germanistyka interkulturowa, historia kultury niemieckiej, czy polsko-niemieckie relacje kulturowe.<\/p>\n","protected":false},"featured_media":27365,"template":"","meta":{"_acf_changed":false},"journal":[7069],"rodzaj":[7077],"seria":[],"product_brand":[],"product_cat":[6924,6925,6926],"product_tag":[7547],"class_list":{"0":"post-46019","1":"product","2":"type-product","3":"status-publish","4":"has-post-thumbnail","6":"journal-studia-germanica-gedanensia","7":"rodzaj-czasopismo","8":"product_cat-jezykoznawstwo","9":"product_cat-literaturoznawstwo","10":"product_cat-przekladoznawstwo","11":"product_tag-marion-brandt","13":"first","14":"instock","15":"taxable","16":"shipping-taxable","17":"purchasable","18":"product-type-simple"},"acf":[],"_links":{"self":[{"href":"https:\/\/wydawnictwo.ug.edu.pl\/en\/wp-json\/wp\/v2\/product\/46019","targetHints":{"allow":["GET"]}}],"collection":[{"href":"https:\/\/wydawnictwo.ug.edu.pl\/en\/wp-json\/wp\/v2\/product"}],"about":[{"href":"https:\/\/wydawnictwo.ug.edu.pl\/en\/wp-json\/wp\/v2\/types\/product"}],"wp:featuredmedia":[{"embeddable":true,"href":"https:\/\/wydawnictwo.ug.edu.pl\/en\/wp-json\/wp\/v2\/media\/27365"}],"wp:attachment":[{"href":"https:\/\/wydawnictwo.ug.edu.pl\/en\/wp-json\/wp\/v2\/media?parent=46019"}],"wp:term":[{"taxonomy":"journal","embeddable":true,"href":"https:\/\/wydawnictwo.ug.edu.pl\/en\/wp-json\/wp\/v2\/journal?post=46019"},{"taxonomy":"rodzaj","embeddable":true,"href":"https:\/\/wydawnictwo.ug.edu.pl\/en\/wp-json\/wp\/v2\/rodzaj?post=46019"},{"taxonomy":"seria","embeddable":true,"href":"https:\/\/wydawnictwo.ug.edu.pl\/en\/wp-json\/wp\/v2\/seria?post=46019"},{"taxonomy":"product_brand","embeddable":true,"href":"https:\/\/wydawnictwo.ug.edu.pl\/en\/wp-json\/wp\/v2\/product_brand?post=46019"},{"taxonomy":"product_cat","embeddable":true,"href":"https:\/\/wydawnictwo.ug.edu.pl\/en\/wp-json\/wp\/v2\/product_cat?post=46019"},{"taxonomy":"product_tag","embeddable":true,"href":"https:\/\/wydawnictwo.ug.edu.pl\/en\/wp-json\/wp\/v2\/product_tag?post=46019"}],"curies":[{"name":"wp","href":"https:\/\/api.w.org\/{rel}","templated":true}]}}