{"id":46018,"date":"2023-12-21T09:50:59","date_gmt":"2023-12-21T09:50:59","guid":{"rendered":"https:\/\/wydawnictwo.ug.edu.pl\/ksiegarnia-online\/uncategorized\/studia-historica-gedanensia-tom-xiv-2023-cnoty-niewiescie\/"},"modified":"2026-02-11T13:05:48","modified_gmt":"2026-02-11T13:05:48","slug":"studia-historica-gedanensia-tom-xiv-2023-cnoty-niewiescie","status":"publish","type":"product","link":"https:\/\/wydawnictwo.ug.edu.pl\/en\/ksiegarnia-online\/historia\/studia-historica-gedanensia-tom-xiv-2023-cnoty-niewiescie\/","title":{"rendered":"Studia Historica Gedanensia. Tom XIV (2023)"},"content":{"rendered":"","protected":false},"excerpt":{"rendered":"<p>\u201eStudia Historica Gedanensia. Tom XIV (2023). Cnoty niewie\u015bcie\u201d<\/p>\n<p>\u201eStudia Historica Gedanensia\u201d to rocznik humanistyczny publikuj\u0105cy teksty o tematyce historycznej. Istnieje od 2010 r. Wydaje tomy tematyczne, z przydzielonymi do ka\u017cdego redaktorami tematycznymi. W ka\u017cdym z tom\u00f3w redakcja d\u0105\u017cy, aby obecne by\u0142y artyku\u0142y obejmuj\u0105ce epok\u0119 staro\u017cytno\u015bci, przez \u015bredniowiecze, czasy nowo\u017cytne, wiek XIX i XX.<\/p>\n<p><a href=\"https:\/\/ejournals.eu\/czasopismo\/studia-historica-gedanensia\/numer\/tom-14-2023\">Pobierz e-book<\/a><\/p>\n","protected":false},"featured_media":27356,"template":"","meta":{"_acf_changed":false},"journal":[7072],"rodzaj":[7077],"seria":[],"product_brand":[],"product_cat":[6958],"product_tag":[],"class_list":{"0":"post-46018","1":"product","2":"type-product","3":"status-publish","4":"has-post-thumbnail","6":"journal-studia-historica-gedanensia","7":"rodzaj-czasopismo","8":"product_cat-historia","10":"first","11":"instock","12":"taxable","13":"shipping-taxable","14":"product-type-simple"},"acf":[],"_links":{"self":[{"href":"https:\/\/wydawnictwo.ug.edu.pl\/en\/wp-json\/wp\/v2\/product\/46018","targetHints":{"allow":["GET"]}}],"collection":[{"href":"https:\/\/wydawnictwo.ug.edu.pl\/en\/wp-json\/wp\/v2\/product"}],"about":[{"href":"https:\/\/wydawnictwo.ug.edu.pl\/en\/wp-json\/wp\/v2\/types\/product"}],"wp:featuredmedia":[{"embeddable":true,"href":"https:\/\/wydawnictwo.ug.edu.pl\/en\/wp-json\/wp\/v2\/media\/27356"}],"wp:attachment":[{"href":"https:\/\/wydawnictwo.ug.edu.pl\/en\/wp-json\/wp\/v2\/media?parent=46018"}],"wp:term":[{"taxonomy":"journal","embeddable":true,"href":"https:\/\/wydawnictwo.ug.edu.pl\/en\/wp-json\/wp\/v2\/journal?post=46018"},{"taxonomy":"rodzaj","embeddable":true,"href":"https:\/\/wydawnictwo.ug.edu.pl\/en\/wp-json\/wp\/v2\/rodzaj?post=46018"},{"taxonomy":"seria","embeddable":true,"href":"https:\/\/wydawnictwo.ug.edu.pl\/en\/wp-json\/wp\/v2\/seria?post=46018"},{"taxonomy":"product_brand","embeddable":true,"href":"https:\/\/wydawnictwo.ug.edu.pl\/en\/wp-json\/wp\/v2\/product_brand?post=46018"},{"taxonomy":"product_cat","embeddable":true,"href":"https:\/\/wydawnictwo.ug.edu.pl\/en\/wp-json\/wp\/v2\/product_cat?post=46018"},{"taxonomy":"product_tag","embeddable":true,"href":"https:\/\/wydawnictwo.ug.edu.pl\/en\/wp-json\/wp\/v2\/product_tag?post=46018"}],"curies":[{"name":"wp","href":"https:\/\/api.w.org\/{rel}","templated":true}]}}