{"id":46017,"date":"2023-12-28T10:50:07","date_gmt":"2023-12-28T10:50:07","guid":{"rendered":"https:\/\/wydawnictwo.ug.edu.pl\/ksiegarnia-online\/uncategorized\/ksiega-jubileuszowa-dedykowana-profesorowi-eugeniuszowi-koce\/"},"modified":"2026-02-11T13:05:48","modified_gmt":"2026-02-11T13:05:48","slug":"ksiega-jubileuszowa-dedykowana-profesorowi-eugeniuszowi-koce","status":"publish","type":"product","link":"https:\/\/wydawnictwo.ug.edu.pl\/en\/ksiegarnia-online\/varia\/ksiega-jubileuszowa-dedykowana-profesorowi-eugeniuszowi-koce\/","title":{"rendered":"Polska i Ukraina w XIX i XX wieku. Ksi\u0119ga jubileuszowa dedykowana Profesorowi Eugeniuszowi Koce z okazji siedemdziesi\u0105tej rocznicy urodzin"},"content":{"rendered":"","protected":false},"excerpt":{"rendered":"<p>Badania problematyki ukrai\u0144skiej i stosunk\u00f3w polsko -ukrai\u0144skich w Instytucie Historii Uniwersytetu Gda\u0144skiego zosta\u0142y zapocz\u0105tkowane w kr\u0119gu badaczy skupionych wok\u00f3\u0142 prof. dr. hab. Romana Wapi\u0144skiego w latach osiemdziesi\u0105tych i dziewi\u0119\u0107dziesi\u0105tych XX w. W\u00f3wczas to m\u0142odzi adepci historii skierowali swoje zainteresowania w stron\u0119 relacji polsko-ukrai\u0144skich w XX w. Profesor Eugeniusz Koko nale\u017cy do najbardziej zas\u0142u\u017conych spo\u015br\u00f3d nich w zakresie bada\u0144 nad problematyk\u0105 ukrai\u0144sk\u0105. Jego zainteresowania badawcze koncentruj\u0105 si\u0119 wok\u00f3\u0142 dw\u00f3ch zagadnie\u0144. Pierwszym z nich s\u0105 dzieje relacji polsko-ukrai\u0144skich ze szczeg\u00f3lnym uwzgl\u0119dnieniem stanowiska Polskiej Partii Socjalistycznej wobec kwestii ukrai\u0144skiej w II Rzeczypospolitej. Drugim obszarem badawczym, kt\u00f3ry rozwin\u0105\u0142 Profesor, s\u0105 badania z zakresu historii historiografii, dotycz\u0105ce przede wszystkim historiografii polskiej i ukrai\u0144skiej w XIX i XX w. Oba obszary wzajemnie si\u0119 zaz\u0119bia\u0142y, czyni\u0105c Profesora Eugeniusza Kok\u0119 jednym z wybitniejszych znawc\u00f3w tej tematyki w Polsce. Warto podkre\u015bli\u0107, i\u017c dorobek Profesora znalaz\u0142 uznanie poza granicami naszego kraju, nade wszystko w Ukrainie.<\/p>\n","protected":false},"featured_media":27423,"template":"","meta":{"_acf_changed":false},"journal":[],"rodzaj":[7074],"seria":[],"product_brand":[],"product_cat":[6948],"product_tag":[7359,7360,8271],"class_list":{"0":"post-46017","1":"product","2":"type-product","3":"status-publish","4":"has-post-thumbnail","6":"rodzaj-ksiazki","7":"product_cat-varia","8":"product_tag-bianca-sadowska","9":"product_tag-magdalena-nowakmagdalena-nowak","10":"product_tag-piotr-perkowski","12":"first","13":"instock","14":"taxable","15":"shipping-taxable","16":"product-type-simple"},"acf":[],"_links":{"self":[{"href":"https:\/\/wydawnictwo.ug.edu.pl\/en\/wp-json\/wp\/v2\/product\/46017","targetHints":{"allow":["GET"]}}],"collection":[{"href":"https:\/\/wydawnictwo.ug.edu.pl\/en\/wp-json\/wp\/v2\/product"}],"about":[{"href":"https:\/\/wydawnictwo.ug.edu.pl\/en\/wp-json\/wp\/v2\/types\/product"}],"wp:featuredmedia":[{"embeddable":true,"href":"https:\/\/wydawnictwo.ug.edu.pl\/en\/wp-json\/wp\/v2\/media\/27423"}],"wp:attachment":[{"href":"https:\/\/wydawnictwo.ug.edu.pl\/en\/wp-json\/wp\/v2\/media?parent=46017"}],"wp:term":[{"taxonomy":"journal","embeddable":true,"href":"https:\/\/wydawnictwo.ug.edu.pl\/en\/wp-json\/wp\/v2\/journal?post=46017"},{"taxonomy":"rodzaj","embeddable":true,"href":"https:\/\/wydawnictwo.ug.edu.pl\/en\/wp-json\/wp\/v2\/rodzaj?post=46017"},{"taxonomy":"seria","embeddable":true,"href":"https:\/\/wydawnictwo.ug.edu.pl\/en\/wp-json\/wp\/v2\/seria?post=46017"},{"taxonomy":"product_brand","embeddable":true,"href":"https:\/\/wydawnictwo.ug.edu.pl\/en\/wp-json\/wp\/v2\/product_brand?post=46017"},{"taxonomy":"product_cat","embeddable":true,"href":"https:\/\/wydawnictwo.ug.edu.pl\/en\/wp-json\/wp\/v2\/product_cat?post=46017"},{"taxonomy":"product_tag","embeddable":true,"href":"https:\/\/wydawnictwo.ug.edu.pl\/en\/wp-json\/wp\/v2\/product_tag?post=46017"}],"curies":[{"name":"wp","href":"https:\/\/api.w.org\/{rel}","templated":true}]}}