{"id":46015,"date":"2024-01-05T07:12:58","date_gmt":"2024-01-05T07:12:58","guid":{"rendered":"https:\/\/wydawnictwo.ug.edu.pl\/ksiegarnia-online\/uncategorized\/wstep-do-prawoznawstwa\/"},"modified":"2026-02-11T12:51:08","modified_gmt":"2026-02-11T12:51:08","slug":"wstep-do-prawoznawstwa","status":"publish","type":"product","link":"https:\/\/wydawnictwo.ug.edu.pl\/en\/ksiegarnia-online\/prawo-i-administracja\/wstep-do-prawoznawstwa\/","title":{"rendered":"Wst\u0119p do prawoznawstwa"},"content":{"rendered":"","protected":false},"excerpt":{"rendered":"<p>Podr\u0119cznik do przedmiotu Wst\u0119p do prawoznawstwa zosta\u0142 napisany przez pracownik\u00f3w Katedry Teorii i Filozofii Pa\u0144stwa i Prawa Wydzia\u0142u Prawa i Administracji Uniwersytetu Gda\u0144skiego. Wychodz\u0105c z za\u0142o\u017cenia, \u017ce fenomen prawa obejmuje pi\u0119\u0107 \u201ewymiar\u00f3w\u201d, tj. tworzenie, obowi\u0105zywanie, przestrzeganie, stosowanie i wyk\u0142adni\u0119, redaktorzy zdecydowali si\u0119 tym zagadnieniom po\u015bwi\u0119ci\u0107 poszczeg\u00f3lne rozdzia\u0142y. W ten spos\u00f3b studenci uzyskuj\u0105 szans\u0119 nauki prawoznawstwa w kontek\u015bcie tego, jak prawo powstaje i dzia\u0142a.<\/p>\n<p><strong>Autorzy: Magdalena Glanc-\u017babie\u0142owicz, Karol Gregorczuk, Wojciech Jankowski, Jaros\u0142aw Niesio\u0142owski, Pawe\u0142 Sut, Przemys\u0142aw Rybi\u0144ski, Tomasz Wid\u0142ak, Maciej Wojciechowski, Jerzy Zajad\u0142o, Kamil Zeidler<\/strong><\/p>\n","protected":false},"featured_media":27460,"template":"","meta":{"_acf_changed":false},"journal":[],"rodzaj":[7074,7330],"seria":[],"product_brand":[],"product_cat":[7014,6932],"product_tag":[7509,7413],"class_list":{"0":"post-46015","1":"product","2":"type-product","3":"status-publish","4":"has-post-thumbnail","6":"rodzaj-ksiazki","7":"rodzaj-schoolbook","8":"product_cat-bestsellery","9":"product_cat-prawo-i-administracja","10":"product_tag-jerzy-zajadlojerzy-zajadlo","11":"product_tag-kamil-zeidlerkamil-zeidler","13":"first","14":"instock","15":"taxable","16":"shipping-taxable","17":"purchasable","18":"product-type-simple"},"acf":[],"_links":{"self":[{"href":"https:\/\/wydawnictwo.ug.edu.pl\/en\/wp-json\/wp\/v2\/product\/46015","targetHints":{"allow":["GET"]}}],"collection":[{"href":"https:\/\/wydawnictwo.ug.edu.pl\/en\/wp-json\/wp\/v2\/product"}],"about":[{"href":"https:\/\/wydawnictwo.ug.edu.pl\/en\/wp-json\/wp\/v2\/types\/product"}],"wp:featuredmedia":[{"embeddable":true,"href":"https:\/\/wydawnictwo.ug.edu.pl\/en\/wp-json\/wp\/v2\/media\/27460"}],"wp:attachment":[{"href":"https:\/\/wydawnictwo.ug.edu.pl\/en\/wp-json\/wp\/v2\/media?parent=46015"}],"wp:term":[{"taxonomy":"journal","embeddable":true,"href":"https:\/\/wydawnictwo.ug.edu.pl\/en\/wp-json\/wp\/v2\/journal?post=46015"},{"taxonomy":"rodzaj","embeddable":true,"href":"https:\/\/wydawnictwo.ug.edu.pl\/en\/wp-json\/wp\/v2\/rodzaj?post=46015"},{"taxonomy":"seria","embeddable":true,"href":"https:\/\/wydawnictwo.ug.edu.pl\/en\/wp-json\/wp\/v2\/seria?post=46015"},{"taxonomy":"product_brand","embeddable":true,"href":"https:\/\/wydawnictwo.ug.edu.pl\/en\/wp-json\/wp\/v2\/product_brand?post=46015"},{"taxonomy":"product_cat","embeddable":true,"href":"https:\/\/wydawnictwo.ug.edu.pl\/en\/wp-json\/wp\/v2\/product_cat?post=46015"},{"taxonomy":"product_tag","embeddable":true,"href":"https:\/\/wydawnictwo.ug.edu.pl\/en\/wp-json\/wp\/v2\/product_tag?post=46015"}],"curies":[{"name":"wp","href":"https:\/\/api.w.org\/{rel}","templated":true}]}}