{"id":46013,"date":"2024-01-09T13:43:55","date_gmt":"2024-01-09T13:43:55","guid":{"rendered":"https:\/\/wydawnictwo.ug.edu.pl\/ksiegarnia-online\/uncategorized\/potencjal-aglomeracji-trojmiasta-i-metodyka-pomiaru-jego-wykorzystania\/"},"modified":"2026-02-11T12:51:00","modified_gmt":"2026-02-11T12:51:00","slug":"potencjal-aglomeracji-trojmiasta-i-metodyka-pomiaru-jego-wykorzystania","status":"publish","type":"product","link":"https:\/\/wydawnictwo.ug.edu.pl\/en\/ksiegarnia-online\/ekonomia\/potencjal-aglomeracji-trojmiasta-i-metodyka-pomiaru-jego-wykorzystania\/","title":{"rendered":"Potencja\u0142 aglomeracji Tr\u00f3jmiasta i metodyka pomiaru jego wykorzystania"},"content":{"rendered":"","protected":false},"excerpt":{"rendered":"<p class=\"x_elementToProof\">Monografia naukowa stanowi interdyscyplinarny zbi\u00f3r opracowa\u0144 powsta\u0142ych w wyniku obj\u0119cia przez prof. Leszka Balcerowicza kierownictwa nad Katedr\u0105 w dziedzinie nauk spo\u0142ecznych im. Eugeniusza Kwiatkowskiego na Uniwersytecie Gda\u0144skim. W wyniku wsp\u00f3\u0142pracy naukowej pracownik\u00f3w Wydzia\u0142\u00f3w: Ekonomicznego, Prawa i Administracji, Nauk spo\u0142ecznych oraz Zarz\u0105dzania UG powsta\u0142o wieloautorskie opracowanie obejmuj\u0105ce diagnoz\u0119, propozycje opomiarowania i zarys perspektyw rozwoju Tr\u00f3jmiejskiej Aglomeracji. Struktura ksi\u0105\u017cki obejmuje wielowymiarowe zagadnienia: prawne oraz regulacyjne, gospodarcze i ekonomiczne, spo\u0142eczno-kulturowe, a tak\u017ce technologiczne. Podzia\u0142 jej tre\u015bci zosta\u0142 podporz\u0105dkowany metodyce PEST, kt\u00f3ra m.in. pozwala na diagnoz\u0119, ocen\u0119 i identyfikacj\u0119 kluczowych czynnik\u00f3w sukcesu oraz ryzyka regionu w uj\u0119ciu makroekonomicznym. Z uwagi na lokalizacj\u0119 Tr\u00f3jmiasta w regionie basenu Morza Ba\u0142tyckiego w opracowaniu nie zabrak\u0142o zagadnie\u0144 zwi\u0105zanych z transportem morskim, portami, turystyk\u0105 oraz innymi kluczowymi i reprezentowanymi przez Pomorze sektorami.<\/p>\n","protected":false},"featured_media":27565,"template":"","meta":{"_acf_changed":false},"journal":[],"rodzaj":[7074],"seria":[],"product_brand":[],"product_cat":[6934],"product_tag":[7542],"class_list":{"0":"post-46013","1":"product","2":"type-product","3":"status-publish","4":"has-post-thumbnail","6":"rodzaj-ksiazki","7":"product_cat-ekonomia","8":"product_tag-leszek-balcerowicz","10":"first","11":"instock","12":"taxable","13":"shipping-taxable","14":"purchasable","15":"product-type-simple"},"acf":[],"_links":{"self":[{"href":"https:\/\/wydawnictwo.ug.edu.pl\/en\/wp-json\/wp\/v2\/product\/46013","targetHints":{"allow":["GET"]}}],"collection":[{"href":"https:\/\/wydawnictwo.ug.edu.pl\/en\/wp-json\/wp\/v2\/product"}],"about":[{"href":"https:\/\/wydawnictwo.ug.edu.pl\/en\/wp-json\/wp\/v2\/types\/product"}],"wp:featuredmedia":[{"embeddable":true,"href":"https:\/\/wydawnictwo.ug.edu.pl\/en\/wp-json\/wp\/v2\/media\/27565"}],"wp:attachment":[{"href":"https:\/\/wydawnictwo.ug.edu.pl\/en\/wp-json\/wp\/v2\/media?parent=46013"}],"wp:term":[{"taxonomy":"journal","embeddable":true,"href":"https:\/\/wydawnictwo.ug.edu.pl\/en\/wp-json\/wp\/v2\/journal?post=46013"},{"taxonomy":"rodzaj","embeddable":true,"href":"https:\/\/wydawnictwo.ug.edu.pl\/en\/wp-json\/wp\/v2\/rodzaj?post=46013"},{"taxonomy":"seria","embeddable":true,"href":"https:\/\/wydawnictwo.ug.edu.pl\/en\/wp-json\/wp\/v2\/seria?post=46013"},{"taxonomy":"product_brand","embeddable":true,"href":"https:\/\/wydawnictwo.ug.edu.pl\/en\/wp-json\/wp\/v2\/product_brand?post=46013"},{"taxonomy":"product_cat","embeddable":true,"href":"https:\/\/wydawnictwo.ug.edu.pl\/en\/wp-json\/wp\/v2\/product_cat?post=46013"},{"taxonomy":"product_tag","embeddable":true,"href":"https:\/\/wydawnictwo.ug.edu.pl\/en\/wp-json\/wp\/v2\/product_tag?post=46013"}],"curies":[{"name":"wp","href":"https:\/\/api.w.org\/{rel}","templated":true}]}}