{"id":46010,"date":"2024-01-26T07:55:21","date_gmt":"2024-01-26T07:55:21","guid":{"rendered":"https:\/\/wydawnictwo.ug.edu.pl\/ksiegarnia-online\/uncategorized\/wstep-do-psychologii-etnicznej\/"},"modified":"2026-02-11T12:50:53","modified_gmt":"2026-02-11T12:50:53","slug":"wstep-do-psychologii-etnicznej","status":"publish","type":"product","link":"https:\/\/wydawnictwo.ug.edu.pl\/en\/ksiegarnia-online\/pedagogika-i-psychologia\/wstep-do-psychologii-etnicznej\/","title":{"rendered":"Wst\u0119p do psychologii etnicznej"},"content":{"rendered":"","protected":false},"excerpt":{"rendered":"<p>Jakkolwiek by\u015bmy okre\u015blali w\u0142a\u015bciwy przedmiot psychologii etnicznej, jasne jest, \u017ce sfera tego przedmiotu nie stanowi ani dziedziny bezpo\u015bredniej obserwacji za pomoc\u0105 zmys\u0142\u00f3w, ani dziedziny samoobserwacji, ani wreszcie dziedziny konstrukcji idealnych. Sfer\u0119 psychologii etnicznej a priori zakre\u015bla si\u0119 jako sfer\u0119 tego, co jest dost\u0119pne przez rozumienie pewnego systemu znak\u00f3w, a zatem do jej przedmiotu dochodzi si\u0119 jedynie drog\u0105 rozszyfrowywania i interpretowania tych znak\u00f3w. To, \u017ce te znaki s\u0105 nie tylko oznakami rzeczy, ale te\u017c i przekazami o nich, wida\u0107 z tego, \u017ce byt stosownych rzeczy nie ogranicza si\u0119 do samego zjawiska znak\u00f3w. Innymi s\u0142owy, mamy do czynienia ze znakami, kt\u00f3re s\u0142u\u017c\u0105 nie tylko wskazywaniu rzeczy, ale tak\u017ce wyra\u017caj\u0105 pewne znaczenie. Ukazanie, na czym polega to znaczenie, jest w\u0142a\u015bnie niczym innym, jak ods\u0142anianiem stosownego przedmiotu z jego tre\u015bci\u0105, czyli w naszym przypadku \u2013 drog\u0105 ku \u015bcis\u0142emu ustalaniu przedmiotu psychologii etnicznej. Powstaje sp\u00f3r wok\u00f3\u0142 precyzji tego okre\u015blenia, ale nade wszystko domaga si\u0119 rozwi\u0105zania zasadniczy problem, co w og\u00f3le wyst\u0119puje jako znaczenie, kiedy wyodr\u0119bniamy znaki i wyra\u017cenia w specyficzn\u0105 dziedzin\u0119 \u017ar\u00f3de\u0142 poznania. W ten spos\u00f3b to wst\u0119pne i aprioryczne wskazanie sfery przedmiotu psychologii etnicznej nie tylko nic nie m\u00f3wi o jego charakterze, ale nawet nie przes\u0105dza o jego istnieniu w\u0142a\u015bnie jako przedmiotu psychologicznego.<\/p>\n<p style=\"text-align: right;\">Z ksi\u0105\u017cki <em>Wst\u0119p do psychologii etnicznej<\/em><\/p>\n","protected":false},"featured_media":27743,"template":"","meta":{"_acf_changed":false},"journal":[],"rodzaj":[7074,7076],"seria":[7539],"product_brand":[],"product_cat":[7007],"product_tag":[7443,7540],"class_list":{"0":"post-46010","1":"product","2":"type-product","3":"status-publish","4":"has-post-thumbnail","6":"rodzaj-ksiazki","7":"rodzaj-serie-wydawnicze","8":"seria-literatura-i-okolice","9":"product_cat-pedagogika-i-psychologia","10":"product_tag-boguslaw-zylko","11":"product_tag-gustaw-szpetgustaw-szpet","13":"first","14":"instock","15":"taxable","16":"shipping-taxable","17":"product-type-simple"},"acf":[],"_links":{"self":[{"href":"https:\/\/wydawnictwo.ug.edu.pl\/en\/wp-json\/wp\/v2\/product\/46010","targetHints":{"allow":["GET"]}}],"collection":[{"href":"https:\/\/wydawnictwo.ug.edu.pl\/en\/wp-json\/wp\/v2\/product"}],"about":[{"href":"https:\/\/wydawnictwo.ug.edu.pl\/en\/wp-json\/wp\/v2\/types\/product"}],"wp:featuredmedia":[{"embeddable":true,"href":"https:\/\/wydawnictwo.ug.edu.pl\/en\/wp-json\/wp\/v2\/media\/27743"}],"wp:attachment":[{"href":"https:\/\/wydawnictwo.ug.edu.pl\/en\/wp-json\/wp\/v2\/media?parent=46010"}],"wp:term":[{"taxonomy":"journal","embeddable":true,"href":"https:\/\/wydawnictwo.ug.edu.pl\/en\/wp-json\/wp\/v2\/journal?post=46010"},{"taxonomy":"rodzaj","embeddable":true,"href":"https:\/\/wydawnictwo.ug.edu.pl\/en\/wp-json\/wp\/v2\/rodzaj?post=46010"},{"taxonomy":"seria","embeddable":true,"href":"https:\/\/wydawnictwo.ug.edu.pl\/en\/wp-json\/wp\/v2\/seria?post=46010"},{"taxonomy":"product_brand","embeddable":true,"href":"https:\/\/wydawnictwo.ug.edu.pl\/en\/wp-json\/wp\/v2\/product_brand?post=46010"},{"taxonomy":"product_cat","embeddable":true,"href":"https:\/\/wydawnictwo.ug.edu.pl\/en\/wp-json\/wp\/v2\/product_cat?post=46010"},{"taxonomy":"product_tag","embeddable":true,"href":"https:\/\/wydawnictwo.ug.edu.pl\/en\/wp-json\/wp\/v2\/product_tag?post=46010"}],"curies":[{"name":"wp","href":"https:\/\/api.w.org\/{rel}","templated":true}]}}