{"id":46008,"date":"2024-01-30T10:10:14","date_gmt":"2024-01-30T10:10:14","guid":{"rendered":"https:\/\/wydawnictwo.ug.edu.pl\/ksiegarnia-online\/uncategorized\/kosciol-sw-andrzeja-w-barczewie\/"},"modified":"2026-02-11T12:50:46","modified_gmt":"2026-02-11T12:50:46","slug":"kosciol-sw-andrzeja-w-barczewie","status":"publish","type":"product","link":"https:\/\/wydawnictwo.ug.edu.pl\/en\/ksiegarnia-online\/historia\/kosciol-sw-andrzeja-w-barczewie\/","title":{"rendered":"Ko\u015bci\u00f3\u0142 \u015bw. Andrzeja w Barczewie"},"content":{"rendered":"","protected":false},"excerpt":{"rendered":"<p>Ko\u015bci\u00f3\u0142 \u015bw. Andrzeja w Barczewie jest jedyn\u0105 zachowan\u0105 \u015bwi\u0105tyni\u0105 klasztorn\u0105 na Warmii, kt\u00f3rej pocz\u0105tki si\u0119gaj\u0105 \u015bredniowiecza. Porzucone przez franciszkan\u00f3w w po\u0142owie XVI w. za\u0142o\u017cenie klasztorne zosta\u0142o odbudowane staraniem kardyna\u0142a Andrzeja Batorego, bratanka kr\u00f3la Stefana, i przekazane bernardynom. Batory zacz\u0105\u0142 wznosi\u0107 unikaln\u0105 centraln\u0105 kaplic\u0119 grobow\u0105, w kt\u00f3rej umie\u015bci\u0142 podw\u00f3jny cenotaf d\u0142uta Willema van den Blocke. Kolejne przebudowy zatar\u0142y jednak architektur\u0119 \u00f3wczesnego za\u0142o\u017cenia.<\/p>\n<p>W niniejszej ksi\u0105\u017cce Piotr Sam\u00f3l \u015bledzi losy zespo\u0142u franciszka\u0144skiego i chronologi\u0119 jego przekszta\u0142ce\u0144, poczynaj\u0105c od problematyki fundacji klasztor\u00f3w na Warmii, a ko\u0144cz\u0105c na om\u00f3wieniu kompleksowych prac konserwatorskich prowadzonych w latach 2018\u20132022, w kt\u00f3rych bra\u0142 udzia\u0142. Poniewa\u017c podstawowym \u017ar\u00f3d\u0142em do poznania dziej\u00f3w zabytku jest jego autentyczna substancja, autor \u0142\u0105czy warsztaty architekta i historyka \u2013 korzystaj\u0105c z wynik\u00f3w prowadzonych przez siebie bada\u0144 terenowych i kwerend archiwalnych. Prac\u0119 uzupe\u0142nia pr\u00f3ba analizy zmieniaj\u0105cej si\u0119 w czasie architektury ko\u015bcio\u0142a \u015bw. Andrzeja w uj\u0119ciu por\u00f3wnawczym. W efekcie autor znacz\u0105co poszerza wiedz\u0119 na temat budownictwa zakonnego w Prusach Kr\u00f3lewskich oraz wskazuje, jak istotne s\u0105 badania podstawowe (architektoniczne, archeologiczne, konserwatorskie, historyczne) zar\u00f3wno dla poznawania dziej\u00f3w poszczeg\u00f3lnych obiekt\u00f3w, jak i syntezowania wiedzy o zjawiskach artystycznych.<\/p>\n","protected":false},"featured_media":27837,"template":"","meta":{"_acf_changed":false},"journal":[],"rodzaj":[7074],"seria":[],"product_brand":[],"product_cat":[6958],"product_tag":[7538],"class_list":{"0":"post-46008","1":"product","2":"type-product","3":"status-publish","4":"has-post-thumbnail","6":"rodzaj-ksiazki","7":"product_cat-historia","8":"product_tag-piotr-samolpiotr-samol","10":"first","11":"outofstock","12":"taxable","13":"shipping-taxable","14":"purchasable","15":"product-type-simple"},"acf":[],"_links":{"self":[{"href":"https:\/\/wydawnictwo.ug.edu.pl\/en\/wp-json\/wp\/v2\/product\/46008","targetHints":{"allow":["GET"]}}],"collection":[{"href":"https:\/\/wydawnictwo.ug.edu.pl\/en\/wp-json\/wp\/v2\/product"}],"about":[{"href":"https:\/\/wydawnictwo.ug.edu.pl\/en\/wp-json\/wp\/v2\/types\/product"}],"wp:featuredmedia":[{"embeddable":true,"href":"https:\/\/wydawnictwo.ug.edu.pl\/en\/wp-json\/wp\/v2\/media\/27837"}],"wp:attachment":[{"href":"https:\/\/wydawnictwo.ug.edu.pl\/en\/wp-json\/wp\/v2\/media?parent=46008"}],"wp:term":[{"taxonomy":"journal","embeddable":true,"href":"https:\/\/wydawnictwo.ug.edu.pl\/en\/wp-json\/wp\/v2\/journal?post=46008"},{"taxonomy":"rodzaj","embeddable":true,"href":"https:\/\/wydawnictwo.ug.edu.pl\/en\/wp-json\/wp\/v2\/rodzaj?post=46008"},{"taxonomy":"seria","embeddable":true,"href":"https:\/\/wydawnictwo.ug.edu.pl\/en\/wp-json\/wp\/v2\/seria?post=46008"},{"taxonomy":"product_brand","embeddable":true,"href":"https:\/\/wydawnictwo.ug.edu.pl\/en\/wp-json\/wp\/v2\/product_brand?post=46008"},{"taxonomy":"product_cat","embeddable":true,"href":"https:\/\/wydawnictwo.ug.edu.pl\/en\/wp-json\/wp\/v2\/product_cat?post=46008"},{"taxonomy":"product_tag","embeddable":true,"href":"https:\/\/wydawnictwo.ug.edu.pl\/en\/wp-json\/wp\/v2\/product_tag?post=46008"}],"curies":[{"name":"wp","href":"https:\/\/api.w.org\/{rel}","templated":true}]}}