{"id":46006,"date":"2024-02-08T08:11:25","date_gmt":"2024-02-08T08:11:25","guid":{"rendered":"https:\/\/wydawnictwo.ug.edu.pl\/ksiegarnia-online\/uncategorized\/progress-13-2023\/"},"modified":"2026-02-11T12:50:38","modified_gmt":"2026-02-11T12:50:38","slug":"progress-13-2023","status":"publish","type":"product","link":"https:\/\/wydawnictwo.ug.edu.pl\/en\/ksiegarnia-online\/prawo-i-administracja\/progress-13-2023\/","title":{"rendered":"Progress 13\/2023"},"content":{"rendered":"","protected":false},"excerpt":{"rendered":"<p>Czasopismo Progress jest p\u00f3\u0142rocznikiem, w kt\u00f3rym publikowane s\u0105 artyku\u0142y naukowe, recenzje, wywiady, sprawozdania z konferencji tworzone zar\u00f3wno przez m\u0142odych naukowc\u00f3w jak i autorytety z r\u00f3\u017cnych dyscyplin.<\/p>\n","protected":false},"featured_media":27904,"template":"","meta":{"_acf_changed":false},"journal":[7067],"rodzaj":[7077],"seria":[],"product_brand":[],"product_cat":[6936,6932,7047],"product_tag":[],"class_list":{"0":"post-46006","1":"product","2":"type-product","3":"status-publish","4":"has-post-thumbnail","6":"journal-progress","7":"rodzaj-czasopismo","8":"product_cat-historia-sztuki-i-kulturoznawstwo","9":"product_cat-prawo-i-administracja","10":"product_cat-politologia","12":"first","13":"instock","14":"taxable","15":"shipping-taxable","16":"purchasable","17":"product-type-external"},"acf":[],"jetpack_sharing_enabled":true,"_links":{"self":[{"href":"https:\/\/wydawnictwo.ug.edu.pl\/en\/wp-json\/wp\/v2\/product\/46006","targetHints":{"allow":["GET"]}}],"collection":[{"href":"https:\/\/wydawnictwo.ug.edu.pl\/en\/wp-json\/wp\/v2\/product"}],"about":[{"href":"https:\/\/wydawnictwo.ug.edu.pl\/en\/wp-json\/wp\/v2\/types\/product"}],"wp:featuredmedia":[{"embeddable":true,"href":"https:\/\/wydawnictwo.ug.edu.pl\/en\/wp-json\/wp\/v2\/media\/27904"}],"wp:attachment":[{"href":"https:\/\/wydawnictwo.ug.edu.pl\/en\/wp-json\/wp\/v2\/media?parent=46006"}],"wp:term":[{"taxonomy":"journal","embeddable":true,"href":"https:\/\/wydawnictwo.ug.edu.pl\/en\/wp-json\/wp\/v2\/journal?post=46006"},{"taxonomy":"rodzaj","embeddable":true,"href":"https:\/\/wydawnictwo.ug.edu.pl\/en\/wp-json\/wp\/v2\/rodzaj?post=46006"},{"taxonomy":"seria","embeddable":true,"href":"https:\/\/wydawnictwo.ug.edu.pl\/en\/wp-json\/wp\/v2\/seria?post=46006"},{"taxonomy":"product_brand","embeddable":true,"href":"https:\/\/wydawnictwo.ug.edu.pl\/en\/wp-json\/wp\/v2\/product_brand?post=46006"},{"taxonomy":"product_cat","embeddable":true,"href":"https:\/\/wydawnictwo.ug.edu.pl\/en\/wp-json\/wp\/v2\/product_cat?post=46006"},{"taxonomy":"product_tag","embeddable":true,"href":"https:\/\/wydawnictwo.ug.edu.pl\/en\/wp-json\/wp\/v2\/product_tag?post=46006"}],"curies":[{"name":"wp","href":"https:\/\/api.w.org\/{rel}","templated":true}]}}