{"id":46005,"date":"2024-02-12T12:22:44","date_gmt":"2024-02-12T12:22:44","guid":{"rendered":"https:\/\/wydawnictwo.ug.edu.pl\/ksiegarnia-online\/uncategorized\/samorzad-metropolitalny-budowany-od-zadan\/"},"modified":"2026-02-11T12:50:34","modified_gmt":"2026-02-11T12:50:34","slug":"samorzad-metropolitalny-budowany-od-zadan","status":"publish","type":"product","link":"https:\/\/wydawnictwo.ug.edu.pl\/en\/ksiegarnia-online\/prawo-i-administracja\/samorzad-metropolitalny-budowany-od-zadan\/","title":{"rendered":"Samorz\u0105d metropolitalny budowany od zada\u0144"},"content":{"rendered":"","protected":false},"excerpt":{"rendered":"<p>Z regu\u0142y do kwestii metropolitalnej podchodzi si\u0119 z perspektywy metropolizacji (w tym globalizacji), zarz\u0105dzania metropolitalnego, reformy metropolitalnej (ingerencji w uk\u0142ad terytorialny, funkcjonalny i organizacyjny) czy w ko\u0144cu identyfikacji miast rdzeniowych i delimitacji obszar\u00f3w funkcjonalnych \u2013 w pewnym sensie \u201eod g\u00f3ry\u201d. Na zasadzie wyj\u0105tku od zasady autorzy prezentowanej ksi\u0105\u017cki buduj\u0105 kwesti\u0119 metropolitaln\u0105 \u201eod do\u0142u\u201d \u2013 konsekwentnie rozprawiaj\u0105 si\u0119 z poszczeg\u00f3lnymi domenami funkcjonowania samorz\u0105du terytorialnego, czasem z konkretnymi zadaniami publicznymi, i rozwa\u017caj\u0105, czy jest w nich przestrze\u0144 dla nowego, metropolitalnego podmiotu. Je\u017celi tak, stawiaj\u0105 stosown\u0105 tez\u0119 (i postulat <em>de lege ferenda<\/em>). Je\u017celi nie, stwierdzaj\u0105 to wprost, by rozwia\u0107 wszelakie w\u0105tpliwo\u015bci.<\/p>\n<p style=\"text-align: right;\"><em>Fragment Wprowadzenia<\/em><\/p>\n<p>Patronat<\/p>\n<p><a href=\"https:\/\/wydawnictwo.ug.edu.pl\/wp-content\/uploads\/2024\/02\/Unia-Metropolii-Polskich-logo.png\"><img decoding=\"async\" class=\"wp-image-27929 alignleft\" src=\"https:\/\/wydawnictwo.ug.edu.pl\/wp-content\/uploads\/2024\/02\/Unia-Metropolii-Polskich-logo.png\" alt=\"\" width=\"101\" height=\"42\" srcset=\"https:\/\/wydawnictwo.ug.edu.pl\/wp-content\/uploads\/2024\/02\/Unia-Metropolii-Polskich-logo.png 2031w, https:\/\/wydawnictwo.ug.edu.pl\/wp-content\/uploads\/2024\/02\/Unia-Metropolii-Polskich-logo-600x250.png 600w, https:\/\/wydawnictwo.ug.edu.pl\/wp-content\/uploads\/2024\/02\/Unia-Metropolii-Polskich-logo-300x125.png 300w, https:\/\/wydawnictwo.ug.edu.pl\/wp-content\/uploads\/2024\/02\/Unia-Metropolii-Polskich-logo-1024x427.png 1024w, https:\/\/wydawnictwo.ug.edu.pl\/wp-content\/uploads\/2024\/02\/Unia-Metropolii-Polskich-logo-768x320.png 768w, https:\/\/wydawnictwo.ug.edu.pl\/wp-content\/uploads\/2024\/02\/Unia-Metropolii-Polskich-logo-1536x641.png 1536w, https:\/\/wydawnictwo.ug.edu.pl\/wp-content\/uploads\/2024\/02\/Unia-Metropolii-Polskich-logo-640x267.png 640w, https:\/\/wydawnictwo.ug.edu.pl\/wp-content\/uploads\/2024\/02\/Unia-Metropolii-Polskich-logo-400x167.png 400w\" sizes=\"(max-width: 101px) 100vw, 101px\" \/><\/a><a href=\"https:\/\/wydawnictwo.ug.edu.pl\/wp-content\/uploads\/2024\/02\/Instytut-Metropolitalny.png\"><img decoding=\"async\" class=\"wp-image-27927 alignleft\" src=\"https:\/\/wydawnictwo.ug.edu.pl\/wp-content\/uploads\/2024\/02\/Instytut-Metropolitalny.png\" alt=\"\" width=\"120\" height=\"45\" srcset=\"https:\/\/wydawnictwo.ug.edu.pl\/wp-content\/uploads\/2024\/02\/Instytut-Metropolitalny.png 1667w, https:\/\/wydawnictwo.ug.edu.pl\/wp-content\/uploads\/2024\/02\/Instytut-Metropolitalny-600x225.png 600w, https:\/\/wydawnictwo.ug.edu.pl\/wp-content\/uploads\/2024\/02\/Instytut-Metropolitalny-300x112.png 300w, https:\/\/wydawnictwo.ug.edu.pl\/wp-content\/uploads\/2024\/02\/Instytut-Metropolitalny-1024x384.png 1024w, https:\/\/wydawnictwo.ug.edu.pl\/wp-content\/uploads\/2024\/02\/Instytut-Metropolitalny-768x288.png 768w, https:\/\/wydawnictwo.ug.edu.pl\/wp-content\/uploads\/2024\/02\/Instytut-Metropolitalny-1536x576.png 1536w, https:\/\/wydawnictwo.ug.edu.pl\/wp-content\/uploads\/2024\/02\/Instytut-Metropolitalny-640x240.png 640w, https:\/\/wydawnictwo.ug.edu.pl\/wp-content\/uploads\/2024\/02\/Instytut-Metropolitalny-400x150.png 400w\" sizes=\"(max-width: 120px) 100vw, 120px\" \/><\/a><\/p>\n","protected":false},"featured_media":28320,"template":"","meta":{"_acf_changed":false},"journal":[],"rodzaj":[2602],"seria":[],"product_brand":[],"product_cat":[232],"product_tag":[745],"class_list":{"0":"post-46005","1":"product","2":"type-product","3":"status-publish","4":"has-post-thumbnail","6":"rodzaj-ksiazki","7":"product_cat-prawo-i-administracja","8":"product_tag-jakub-szlachetko","10":"first","11":"instock","12":"taxable","13":"shipping-taxable","14":"purchasable","15":"product-type-simple"},"acf":[],"_links":{"self":[{"href":"https:\/\/wydawnictwo.ug.edu.pl\/en\/wp-json\/wp\/v2\/product\/46005","targetHints":{"allow":["GET"]}}],"collection":[{"href":"https:\/\/wydawnictwo.ug.edu.pl\/en\/wp-json\/wp\/v2\/product"}],"about":[{"href":"https:\/\/wydawnictwo.ug.edu.pl\/en\/wp-json\/wp\/v2\/types\/product"}],"wp:featuredmedia":[{"embeddable":true,"href":"https:\/\/wydawnictwo.ug.edu.pl\/en\/wp-json\/wp\/v2\/media\/28320"}],"wp:attachment":[{"href":"https:\/\/wydawnictwo.ug.edu.pl\/en\/wp-json\/wp\/v2\/media?parent=46005"}],"wp:term":[{"taxonomy":"journal","embeddable":true,"href":"https:\/\/wydawnictwo.ug.edu.pl\/en\/wp-json\/wp\/v2\/journal?post=46005"},{"taxonomy":"rodzaj","embeddable":true,"href":"https:\/\/wydawnictwo.ug.edu.pl\/en\/wp-json\/wp\/v2\/rodzaj?post=46005"},{"taxonomy":"seria","embeddable":true,"href":"https:\/\/wydawnictwo.ug.edu.pl\/en\/wp-json\/wp\/v2\/seria?post=46005"},{"taxonomy":"product_brand","embeddable":true,"href":"https:\/\/wydawnictwo.ug.edu.pl\/en\/wp-json\/wp\/v2\/product_brand?post=46005"},{"taxonomy":"product_cat","embeddable":true,"href":"https:\/\/wydawnictwo.ug.edu.pl\/en\/wp-json\/wp\/v2\/product_cat?post=46005"},{"taxonomy":"product_tag","embeddable":true,"href":"https:\/\/wydawnictwo.ug.edu.pl\/en\/wp-json\/wp\/v2\/product_tag?post=46005"}],"curies":[{"name":"wp","href":"https:\/\/api.w.org\/{rel}","templated":true}]}}