{"id":46000,"date":"2024-03-14T07:50:52","date_gmt":"2024-03-14T07:50:52","guid":{"rendered":"https:\/\/wydawnictwo.ug.edu.pl\/ksiegarnia-online\/uncategorized\/ksiezniczki-i-inne\/"},"modified":"2026-02-11T12:50:19","modified_gmt":"2026-02-11T12:50:19","slug":"ksiezniczki-i-inne","status":"publish","type":"product","link":"https:\/\/wydawnictwo.ug.edu.pl\/en\/ksiegarnia-online\/historia\/ksiezniczki-i-inne\/","title":{"rendered":"Ksi\u0119\u017cniczki i inne. O sze\u015bciu \u015bredniowiecznych w\u0142adczyniach, szlachciance i pisarce"},"content":{"rendered":"","protected":false},"excerpt":{"rendered":"<p>Dokonuj\u0105c wyboru swoich bohaterek, autorka opisa\u0142a te najbardziej ciekawe, barwne i spektakularne postacie, kt\u00f3re zaznaczy\u0142y si\u0119 wyra\u017anie w naszej europejskiej historii. Lektura ksi\u0105\u017cki pokazuje nam z jednej strony, ile ju\u017c o omawianych bohaterkach wiemy, a z drugiej strony wskazuje, jak bogate s\u0105 \u017ar\u00f3d\u0142a i literatura na ich temat. St\u0105d wielk\u0105 zas\u0142ug\u0105 autorki jest zebranie tych wszystkich przekaz\u00f3w, uporz\u0105dkowanie ich i barwne pokazanie bohaterek na tle \u00f3wczesnych wydarze\u0144 historycznych. (&#8230;) Wszystkie wybrane postacie r\u00f3\u017cni\u0105 si\u0119 mi\u0119dzy sob\u0105, \u017cy\u0142y w odmiennych czasach i dozna\u0142y r\u00f3\u017cnej aprobaty lub dezaprobaty. Wszystkie jednak odegra\u0142y istotn\u0105 rol\u0119 w kszta\u0142towaniu naszej kultury i do dzisiaj utrzymuj\u0105 swoje miejsce jako bohaterki sztuk dramatycznych, powie\u015bci historycznych i film\u00f3w.<\/p>\n<p style=\"text-align: right;\"><em>Z recenzji prof. dr hab. Joachima Zdrenki<\/em><\/p>\n<p>Bohaterkami ksi\u0105\u017cki <em>Ksi\u0119\u017cniczki i inne. O sze\u015bciu \u015bredniowiecznych w\u0142adczyniach, szlachciance i pisarce\u00a0<\/em>s\u0105: Joanna z Nawarry, Izabela Bawarska, Krystyna de Pizan, Eleanor Cobham, Jadwiga Jagiellonka, Izabela d&#8217;Este, Joanna Szalona (Kastylijska) i Margherita Datini.<\/p>\n","protected":false},"featured_media":28378,"template":"","meta":{"_acf_changed":false},"journal":[],"rodzaj":[7074,7077,7076],"seria":[7532],"product_brand":[],"product_cat":[7014,6958],"product_tag":[7393],"class_list":{"0":"post-46000","1":"product","2":"type-product","3":"status-publish","4":"has-post-thumbnail","6":"rodzaj-ksiazki","7":"rodzaj-czasopismo","8":"rodzaj-serie-wydawnicze","9":"seria-tajemnice-sredniowiecza","10":"product_cat-bestsellery","11":"product_cat-historia","12":"product_tag-beata-mozejko","14":"first","15":"instock","16":"taxable","17":"shipping-taxable","18":"purchasable","19":"product-type-simple"},"acf":[],"_links":{"self":[{"href":"https:\/\/wydawnictwo.ug.edu.pl\/en\/wp-json\/wp\/v2\/product\/46000","targetHints":{"allow":["GET"]}}],"collection":[{"href":"https:\/\/wydawnictwo.ug.edu.pl\/en\/wp-json\/wp\/v2\/product"}],"about":[{"href":"https:\/\/wydawnictwo.ug.edu.pl\/en\/wp-json\/wp\/v2\/types\/product"}],"wp:featuredmedia":[{"embeddable":true,"href":"https:\/\/wydawnictwo.ug.edu.pl\/en\/wp-json\/wp\/v2\/media\/28378"}],"wp:attachment":[{"href":"https:\/\/wydawnictwo.ug.edu.pl\/en\/wp-json\/wp\/v2\/media?parent=46000"}],"wp:term":[{"taxonomy":"journal","embeddable":true,"href":"https:\/\/wydawnictwo.ug.edu.pl\/en\/wp-json\/wp\/v2\/journal?post=46000"},{"taxonomy":"rodzaj","embeddable":true,"href":"https:\/\/wydawnictwo.ug.edu.pl\/en\/wp-json\/wp\/v2\/rodzaj?post=46000"},{"taxonomy":"seria","embeddable":true,"href":"https:\/\/wydawnictwo.ug.edu.pl\/en\/wp-json\/wp\/v2\/seria?post=46000"},{"taxonomy":"product_brand","embeddable":true,"href":"https:\/\/wydawnictwo.ug.edu.pl\/en\/wp-json\/wp\/v2\/product_brand?post=46000"},{"taxonomy":"product_cat","embeddable":true,"href":"https:\/\/wydawnictwo.ug.edu.pl\/en\/wp-json\/wp\/v2\/product_cat?post=46000"},{"taxonomy":"product_tag","embeddable":true,"href":"https:\/\/wydawnictwo.ug.edu.pl\/en\/wp-json\/wp\/v2\/product_tag?post=46000"}],"curies":[{"name":"wp","href":"https:\/\/api.w.org\/{rel}","templated":true}]}}