{"id":45999,"date":"2024-03-17T12:15:02","date_gmt":"2024-03-17T12:15:02","guid":{"rendered":"https:\/\/wydawnictwo.ug.edu.pl\/ksiegarnia-online\/uncategorized\/kompleksowe-zagospodarowanie-dolnej-wisly-w-swietle-idei-zrownowazonego-rozwoju\/"},"modified":"2026-02-11T12:50:18","modified_gmt":"2026-02-11T12:50:18","slug":"kompleksowe-zagospodarowanie-dolnej-wisly-w-swietle-idei-zrownowazonego-rozwoju","status":"publish","type":"product","link":"https:\/\/wydawnictwo.ug.edu.pl\/en\/ksiegarnia-online\/ekonomia\/kompleksowe-zagospodarowanie-dolnej-wisly-w-swietle-idei-zrownowazonego-rozwoju\/","title":{"rendered":"Kompleksowe zagospodarowanie dolnej Wis\u0142y w \u015bwietle idei zr\u00f3wnowa\u017conego rozwoju"},"content":{"rendered":"","protected":false},"excerpt":{"rendered":"<p>\u201eRozw\u00f3j transportu wodnego \u015br\u00f3dl\u0105dowego zale\u017cy od odpowiednio przystosowanych dr\u00f3g wodnych, gwarantuj\u0105cych okre\u015blone w klasyfikacji parametry nawigacyjne. W procesie zagospodarowania \u015br\u00f3dl\u0105dowych dr\u00f3g wodnych, z uwagi na wiele podmiot\u00f3w zainteresowanych korzystaniem z wody, rodzi si\u0119 jednak sporo kontrowersji i sprzeciw\u00f3w. (\u2026) Kontrowersje powstaj\u0105ce w zwi\u0105zku z planowanymi czy realizowanymi inwestycjami na \u015br\u00f3dl\u0105dowych drogach wodnych dowodz\u0105, \u017ce istnieje potrzeba zbadania pozytywnych i negatywnych skutk\u00f3w ich zagospodarowania. G\u0142\u00f3wnym celem niniejszej publikacji jest wykazanie korzy\u015bci spo\u0142eczno-gospodarczych i ekologicznych, jakie w wyniku kompleksowego zagospodarowania dolnej Wis\u0142y mo\u017ce uzyska\u0107 wojew\u00f3dztwo pomorskie\u201d.<\/p>\n<p style=\"text-align: right;\"><em>Fragment Wst\u0119pu<\/em><\/p>\n<p>\u201eOpracowanie dotyczy wa\u017cnego i aktualnego zagadnienia, jakim jest rozw\u00f3j transportu wodnego \u015br\u00f3dl\u0105dowego, kt\u00f3ry zyska\u0142 szczeg\u00f3lne miejsce w polityce transportowej UE. Rozw\u00f3j \u017ceglugi \u015br\u00f3dl\u0105dowej sta\u0142 si\u0119 tak\u017ce celem aktualnie prowadzonej w Polsce polityki transportowej, odzwierciedlonym w programach rozwojowych. Autorka skupia si\u0119 na zagadnieniu dotycz\u0105cym kompleksowego zagospodarowania dr\u00f3g wodnych \u015br\u00f3dl\u0105dowych jako narz\u0119dzia s\u0142u\u017c\u0105cego rozwojowi \u017ceglugi \u015br\u00f3dl\u0105dowej, a tak\u017ce w\u0142a\u015bciwej realizacji pozosta\u0142ych funkcji tych dr\u00f3g. Wskazuje dobre praktyki europejskie oraz ich nast\u0119pstwa dla wzrostu udzia\u0142u \u017ceglugi \u015br\u00f3dl\u0105dowej w obs\u0142udze potrzeb transportowych wsp\u00f3\u0142czesnej gospodarki. Istot\u0105 opracowania jest uzasadnienie kompleksowego zagospodarowania dolnej Wis\u0142y oraz pr\u00f3ba oszacowania spo\u0142eczno-ekonomicznych i \u015brodowiskowych efekt\u00f3w takiego podej\u015bcia\u201d.<\/p>\n<p style=\"text-align: right;\"><em>Fragment recenzji prof. dr hab. El\u017cbiety Za\u0142ogi<\/em><\/p>\n","protected":false},"featured_media":28360,"template":"","meta":{"_acf_changed":false},"journal":[],"rodzaj":[7074],"seria":[],"product_brand":[],"product_cat":[6934],"product_tag":[7531],"class_list":{"0":"post-45999","1":"product","2":"type-product","3":"status-publish","4":"has-post-thumbnail","6":"rodzaj-ksiazki","7":"product_cat-ekonomia","8":"product_tag-aleksandra-gus-puszczewicz","10":"first","11":"instock","12":"taxable","13":"shipping-taxable","14":"purchasable","15":"product-type-simple"},"acf":[],"_links":{"self":[{"href":"https:\/\/wydawnictwo.ug.edu.pl\/en\/wp-json\/wp\/v2\/product\/45999","targetHints":{"allow":["GET"]}}],"collection":[{"href":"https:\/\/wydawnictwo.ug.edu.pl\/en\/wp-json\/wp\/v2\/product"}],"about":[{"href":"https:\/\/wydawnictwo.ug.edu.pl\/en\/wp-json\/wp\/v2\/types\/product"}],"wp:featuredmedia":[{"embeddable":true,"href":"https:\/\/wydawnictwo.ug.edu.pl\/en\/wp-json\/wp\/v2\/media\/28360"}],"wp:attachment":[{"href":"https:\/\/wydawnictwo.ug.edu.pl\/en\/wp-json\/wp\/v2\/media?parent=45999"}],"wp:term":[{"taxonomy":"journal","embeddable":true,"href":"https:\/\/wydawnictwo.ug.edu.pl\/en\/wp-json\/wp\/v2\/journal?post=45999"},{"taxonomy":"rodzaj","embeddable":true,"href":"https:\/\/wydawnictwo.ug.edu.pl\/en\/wp-json\/wp\/v2\/rodzaj?post=45999"},{"taxonomy":"seria","embeddable":true,"href":"https:\/\/wydawnictwo.ug.edu.pl\/en\/wp-json\/wp\/v2\/seria?post=45999"},{"taxonomy":"product_brand","embeddable":true,"href":"https:\/\/wydawnictwo.ug.edu.pl\/en\/wp-json\/wp\/v2\/product_brand?post=45999"},{"taxonomy":"product_cat","embeddable":true,"href":"https:\/\/wydawnictwo.ug.edu.pl\/en\/wp-json\/wp\/v2\/product_cat?post=45999"},{"taxonomy":"product_tag","embeddable":true,"href":"https:\/\/wydawnictwo.ug.edu.pl\/en\/wp-json\/wp\/v2\/product_tag?post=45999"}],"curies":[{"name":"wp","href":"https:\/\/api.w.org\/{rel}","templated":true}]}}