{"id":45998,"date":"2024-03-19T11:55:03","date_gmt":"2024-03-19T11:55:03","guid":{"rendered":"https:\/\/wydawnictwo.ug.edu.pl\/ksiegarnia-online\/uncategorized\/rynek-imprez-biegowych-uczestnicy-doswiadczenia-technologia\/"},"modified":"2026-02-11T12:50:16","modified_gmt":"2026-02-11T12:50:16","slug":"rynek-imprez-biegowych-uczestnicy-doswiadczenia-technologia","status":"publish","type":"product","link":"https:\/\/wydawnictwo.ug.edu.pl\/en\/ksiegarnia-online\/zarzadzanie\/rynek-imprez-biegowych-uczestnicy-doswiadczenia-technologia\/","title":{"rendered":"Rynek imprez biegowych. Uczestnicy \u2013 do\u015bwiadczenia \u2013 technologia"},"content":{"rendered":"","protected":false},"excerpt":{"rendered":"<p>Rynek imprez biegowych to absolutnie nowa kategoria ekonomiczna, gdy\u017c bieganie do niedawna nie by\u0142o postrzegane, a tym bardziej analizowane z perspektywy rynku i praw nim rz\u0105dz\u0105cych. W Polsce zorganizowane formy biegania s\u0105 przedmiotem bada\u0144 naukowych zaledwie od oko\u0142o 10 lat [\u2026]. Niniejsz\u0105 prac\u0119 nale\u017cy wobec tego uzna\u0107 nie tylko za interesuj\u0105c\u0105, ale przede wszystkim oryginaln\u0105 i nowatorsk\u0105, jak do tej pory zrealizowano bowiem niewiele pr\u00f3b zbadania rynku imprez biegowych w tak wszechstronny i pog\u0142\u0119biony spos\u00f3b. Autorka podj\u0119\u0142a si\u0119 ogromnego wysi\u0142ku, kt\u00f3ry zaowocowa\u0142 bardzo warto\u015bciowym opracowaniem naukowym. Zgromadzony w jednym dziele materia\u0142 dotycz\u0105cy specyficznego i rzadko dostrzeganego na niwie naukowej rynku imprez biegowych jest imponuj\u0105cy. Mimo wielu r\u00f3wnolegle prowadzonych w\u0105tk\u00f3w badawczych uda\u0142o jej si\u0119 z sukcesem zrealizowa\u0107 za\u0142o\u017cenia i cele, jakie na wst\u0119pie przyj\u0119\u0142a.<\/p>\n<p style=\"text-align: right;\"><em>Z recenzji dr. hab. Zygmunta Wa\u015bkowskiego, prof. UEP<\/em><\/p>\n","protected":false},"featured_media":28799,"template":"","meta":{"_acf_changed":false},"journal":[],"rodzaj":[7074],"seria":[],"product_brand":[],"product_cat":[6942],"product_tag":[7530],"class_list":{"0":"post-45998","1":"product","2":"type-product","3":"status-publish","4":"has-post-thumbnail","6":"rodzaj-ksiazki","7":"product_cat-zarzadzanie","8":"product_tag-liwia-delinskaliwia-delinska","10":"first","11":"instock","12":"taxable","13":"shipping-taxable","14":"product-type-simple"},"acf":[],"_links":{"self":[{"href":"https:\/\/wydawnictwo.ug.edu.pl\/en\/wp-json\/wp\/v2\/product\/45998","targetHints":{"allow":["GET"]}}],"collection":[{"href":"https:\/\/wydawnictwo.ug.edu.pl\/en\/wp-json\/wp\/v2\/product"}],"about":[{"href":"https:\/\/wydawnictwo.ug.edu.pl\/en\/wp-json\/wp\/v2\/types\/product"}],"wp:featuredmedia":[{"embeddable":true,"href":"https:\/\/wydawnictwo.ug.edu.pl\/en\/wp-json\/wp\/v2\/media\/28799"}],"wp:attachment":[{"href":"https:\/\/wydawnictwo.ug.edu.pl\/en\/wp-json\/wp\/v2\/media?parent=45998"}],"wp:term":[{"taxonomy":"journal","embeddable":true,"href":"https:\/\/wydawnictwo.ug.edu.pl\/en\/wp-json\/wp\/v2\/journal?post=45998"},{"taxonomy":"rodzaj","embeddable":true,"href":"https:\/\/wydawnictwo.ug.edu.pl\/en\/wp-json\/wp\/v2\/rodzaj?post=45998"},{"taxonomy":"seria","embeddable":true,"href":"https:\/\/wydawnictwo.ug.edu.pl\/en\/wp-json\/wp\/v2\/seria?post=45998"},{"taxonomy":"product_brand","embeddable":true,"href":"https:\/\/wydawnictwo.ug.edu.pl\/en\/wp-json\/wp\/v2\/product_brand?post=45998"},{"taxonomy":"product_cat","embeddable":true,"href":"https:\/\/wydawnictwo.ug.edu.pl\/en\/wp-json\/wp\/v2\/product_cat?post=45998"},{"taxonomy":"product_tag","embeddable":true,"href":"https:\/\/wydawnictwo.ug.edu.pl\/en\/wp-json\/wp\/v2\/product_tag?post=45998"}],"curies":[{"name":"wp","href":"https:\/\/api.w.org\/{rel}","templated":true}]}}