{"id":45996,"date":"2024-03-29T09:40:23","date_gmt":"2024-03-29T09:40:23","guid":{"rendered":"https:\/\/wydawnictwo.ug.edu.pl\/ksiegarnia-online\/uncategorized\/dostojewski-re-kolekcje\/"},"modified":"2026-02-11T12:50:14","modified_gmt":"2026-02-11T12:50:14","slug":"dostojewski-re-kolekcje","status":"publish","type":"product","link":"https:\/\/wydawnictwo.ug.edu.pl\/en\/ksiegarnia-online\/literaturoznawstwo\/dostojewski-re-kolekcje\/","title":{"rendered":"Dostojewski. Re-kolekcje"},"content":{"rendered":"","protected":false},"excerpt":{"rendered":"<p><em>Ksi\u0105\u017cka Dostojewski. Re-kolekcje<\/em> jest pr\u00f3b\u0105 odczytania tw\u00f3rczo\u015bci rosyjskiego pisarza w perspektywie biblijnej. To swoiste \u201erekolekcje z Dostojewskim\u201d, maj\u0105ce jednocze\u015bnie na celu ukazanie sposobu, w jaki Dostojewski czyta (\u0142ac.\u00a0<em><span class=\"hiddenSpellError\">lectio<\/span><\/em>) Bibli\u0119, jak w jej perspektywie mierzy si\u0119 z najwa\u017cniejszymi pytaniami egzystencjalnymi i religijnymi. Zawarte w podtytule s\u0142owo \u201ere-kolekcje\u201d, odnosz\u0105ce si\u0119 do okresu po\u015bwi\u0119conego odnowie duchowej, nawr\u00f3ceniu (\u0142ac.<em>\u00a0<span class=\"hiddenSpellError\">recollectio<\/span><\/em>\u00a0\u2013 wewn\u0119trzne skupienie), sugeruje spos\u00f3b i cel lektury. Wskazuje on r\u00f3wnocze\u015bnie, i\u017c na ksi\u0105\u017ck\u0119 sk\u0142ada\u0107 si\u0119 b\u0119d\u0105 po cz\u0119\u015bci teksty \u201ezebrane na nowo\u201d (\u0142ac.\u00a0<em><span class=\"hiddenSpellError\">recolligere<\/span><\/em>), publikowane w r\u00f3\u017cnych czasopismach, ale ponownie zredagowane, pog\u0142\u0119bione i poszerzone.<\/p>\n","protected":false},"featured_media":28435,"template":"","meta":{"_acf_changed":false},"journal":[],"rodzaj":[7074],"seria":[],"product_brand":[],"product_cat":[6925],"product_tag":[7527],"class_list":{"0":"post-45996","1":"product","2":"type-product","3":"status-publish","4":"has-post-thumbnail","6":"rodzaj-ksiazki","7":"product_cat-literaturoznawstwo","8":"product_tag-elzbieta-mikiciukelzbieta-mikiciuk","10":"first","11":"instock","12":"taxable","13":"shipping-taxable","14":"purchasable","15":"product-type-simple"},"acf":[],"_links":{"self":[{"href":"https:\/\/wydawnictwo.ug.edu.pl\/en\/wp-json\/wp\/v2\/product\/45996","targetHints":{"allow":["GET"]}}],"collection":[{"href":"https:\/\/wydawnictwo.ug.edu.pl\/en\/wp-json\/wp\/v2\/product"}],"about":[{"href":"https:\/\/wydawnictwo.ug.edu.pl\/en\/wp-json\/wp\/v2\/types\/product"}],"wp:featuredmedia":[{"embeddable":true,"href":"https:\/\/wydawnictwo.ug.edu.pl\/en\/wp-json\/wp\/v2\/media\/28435"}],"wp:attachment":[{"href":"https:\/\/wydawnictwo.ug.edu.pl\/en\/wp-json\/wp\/v2\/media?parent=45996"}],"wp:term":[{"taxonomy":"journal","embeddable":true,"href":"https:\/\/wydawnictwo.ug.edu.pl\/en\/wp-json\/wp\/v2\/journal?post=45996"},{"taxonomy":"rodzaj","embeddable":true,"href":"https:\/\/wydawnictwo.ug.edu.pl\/en\/wp-json\/wp\/v2\/rodzaj?post=45996"},{"taxonomy":"seria","embeddable":true,"href":"https:\/\/wydawnictwo.ug.edu.pl\/en\/wp-json\/wp\/v2\/seria?post=45996"},{"taxonomy":"product_brand","embeddable":true,"href":"https:\/\/wydawnictwo.ug.edu.pl\/en\/wp-json\/wp\/v2\/product_brand?post=45996"},{"taxonomy":"product_cat","embeddable":true,"href":"https:\/\/wydawnictwo.ug.edu.pl\/en\/wp-json\/wp\/v2\/product_cat?post=45996"},{"taxonomy":"product_tag","embeddable":true,"href":"https:\/\/wydawnictwo.ug.edu.pl\/en\/wp-json\/wp\/v2\/product_tag?post=45996"}],"curies":[{"name":"wp","href":"https:\/\/api.w.org\/{rel}","templated":true}]}}