{"id":45995,"date":"2024-04-09T11:10:22","date_gmt":"2024-04-09T11:10:22","guid":{"rendered":"https:\/\/wydawnictwo.ug.edu.pl\/ksiegarnia-online\/uncategorized\/echo-sepulchralis-echo-z-grobow-tom-i-tekst-lacinski\/"},"modified":"2026-02-18T11:51:54","modified_gmt":"2026-02-18T11:51:54","slug":"echo-sepulchralis-echo-z-grobow-tom-i-tekst-lacinski","status":"publish","type":"product","link":"https:\/\/wydawnictwo.ug.edu.pl\/en\/ksiegarnia-online\/historia\/echo-sepulchralis-echo-z-grobow-tom-i-tekst-lacinski\/","title":{"rendered":"Echo Sepulchralis. Echo z grob\u00f3w. Tom I. Tekst \u0142aci\u0144ski"},"content":{"rendered":"","protected":false},"excerpt":{"rendered":"<p>Niezwykle wa\u017cnym \u017ar\u00f3d\u0142em dla poznania przesz\u0142o\u015bci wyznaniowej (zw\u0142aszcza katolicyzmu) ziem pomorskich (Prus Kr\u00f3lewskich, jak r\u00f3wnie\u017c i przyleg\u0142ych teren\u00f3w, a nawet Gniezna), ale tak\u017ce dla genealogii miejscowej szlachty i mieszcza\u0144stwa, czy historii sztuki na tym obszarze jest powsta\u0142y w 1765 roku obszerny r\u0119kopis autorstwa ksi\u0119dza Jana Godfryda Borka (Borcka) \u2013 proboszcza we wsi Borzyszkowy, zatytu\u0142owany <em>Echo Sepulchralis\u2026 <\/em>Znaczenie tego r\u0119kopisu, obecnie przechowywanego w Archiwum Diecezjalnym w Peplinie, docenili historycy dziej\u00f3w Pomorza, kt\u00f3rzy wykorzystali zawarte w nim informacje w swoich badaniach, czego dowodem jest inicjatywa wydawnicza gda\u0144skiego \u015brodowiska historycznego. W pe\u0142ni nale\u017cy przy tym zaaprobowa\u0107 wydanie dzie\u0142a Borka nie tylko w oryginalnej wersji \u0142aci\u0144skiej, ale te\u017c jej polski przek\u0142ad.<\/p>\n<p style=\"text-align: right;\"><em>Z recenzji prof. dr. hab. Jerzego Dygda\u0142y<\/em><\/p>\n<p>&nbsp;<\/p>\n","protected":false},"featured_media":28500,"template":"","meta":{"_acf_changed":false},"journal":[],"rodzaj":[2602],"seria":[],"product_brand":[],"product_cat":[229],"product_tag":[2400,2402,779],"class_list":{"0":"post-45995","1":"product","2":"type-product","3":"status-publish","4":"has-post-thumbnail","6":"rodzaj-ksiazki","7":"product_cat-historia","8":"product_tag-jan-gotfryd-bork","9":"product_tag-mieczyslaw-jozefczyk","10":"product_tag-slawomir-koscielak","12":"first","13":"instock","14":"taxable","15":"shipping-taxable","16":"purchasable","17":"product-type-simple"},"acf":[],"_links":{"self":[{"href":"https:\/\/wydawnictwo.ug.edu.pl\/en\/wp-json\/wp\/v2\/product\/45995","targetHints":{"allow":["GET"]}}],"collection":[{"href":"https:\/\/wydawnictwo.ug.edu.pl\/en\/wp-json\/wp\/v2\/product"}],"about":[{"href":"https:\/\/wydawnictwo.ug.edu.pl\/en\/wp-json\/wp\/v2\/types\/product"}],"wp:featuredmedia":[{"embeddable":true,"href":"https:\/\/wydawnictwo.ug.edu.pl\/en\/wp-json\/wp\/v2\/media\/28500"}],"wp:attachment":[{"href":"https:\/\/wydawnictwo.ug.edu.pl\/en\/wp-json\/wp\/v2\/media?parent=45995"}],"wp:term":[{"taxonomy":"journal","embeddable":true,"href":"https:\/\/wydawnictwo.ug.edu.pl\/en\/wp-json\/wp\/v2\/journal?post=45995"},{"taxonomy":"rodzaj","embeddable":true,"href":"https:\/\/wydawnictwo.ug.edu.pl\/en\/wp-json\/wp\/v2\/rodzaj?post=45995"},{"taxonomy":"seria","embeddable":true,"href":"https:\/\/wydawnictwo.ug.edu.pl\/en\/wp-json\/wp\/v2\/seria?post=45995"},{"taxonomy":"product_brand","embeddable":true,"href":"https:\/\/wydawnictwo.ug.edu.pl\/en\/wp-json\/wp\/v2\/product_brand?post=45995"},{"taxonomy":"product_cat","embeddable":true,"href":"https:\/\/wydawnictwo.ug.edu.pl\/en\/wp-json\/wp\/v2\/product_cat?post=45995"},{"taxonomy":"product_tag","embeddable":true,"href":"https:\/\/wydawnictwo.ug.edu.pl\/en\/wp-json\/wp\/v2\/product_tag?post=45995"}],"curies":[{"name":"wp","href":"https:\/\/api.w.org\/{rel}","templated":true}]}}