{"id":45992,"date":"2024-04-28T14:00:39","date_gmt":"2024-04-28T14:00:39","guid":{"rendered":"https:\/\/wydawnictwo.ug.edu.pl\/ksiegarnia-online\/uncategorized\/prusy-krzyzackie-gospodarka-i-kultura-na-obszarach-wiejskich\/"},"modified":"2026-02-11T12:41:58","modified_gmt":"2026-02-11T12:41:58","slug":"prusy-krzyzackie-gospodarka-i-kultura-na-obszarach-wiejskich","status":"publish","type":"product","link":"https:\/\/wydawnictwo.ug.edu.pl\/en\/ksiegarnia-online\/historia\/prusy-krzyzackie-gospodarka-i-kultura-na-obszarach-wiejskich\/","title":{"rendered":"Prusy Krzy\u017cackie. Gospodarka i kultura na obszarach wiejskich"},"content":{"rendered":"","protected":false},"excerpt":{"rendered":"<p>W ksi\u0105\u017cce om\u00f3wiono funkcjonowanie gospodarki rolnej oraz modele kultury spo\u0142eczno\u015bci zamieszkuj\u0105cych obszary wiejskie Prus Krzy\u017cackich w \u015bredniowieczu. W cz\u0119\u015bci pierwszej rozpatrzono kwestie zwi\u0105zane z produkcj\u0105, w tym rodzaje dzia\u0142alno\u015bci rolniczej w gospodarstwie ch\u0142opskim, a tak\u017ce w maj\u0105tkach s\u0142u\u017cebnych (rycerskich), folwarkach krzy\u017cackich, dobrach biskupich i kapitulnych, posiad\u0142o\u015bciach klasztornych oraz dobrach ziemskich miast. W cz\u0119\u015bci drugiej przedstawiono modele kultury ch\u0142op\u00f3w i rycerstwa (warunki mieszkalne i bytowe, \u017cycie rodziny, obyczaje, obrz\u0119dy, zaj\u0119cia i rozrywki). Ponadto om\u00f3wiono dzia\u0142anie szk\u00f3\u0142 parafialnych oraz zagadnienia zwi\u0105zane z postaw\u0105 mieszka\u0144c\u00f3w teren\u00f3w wiejskich wobec \u015bmierci.<\/p>\n","protected":false},"featured_media":28761,"template":"","meta":{"_acf_changed":false},"journal":[],"rodzaj":[7074],"seria":[],"product_brand":[],"product_cat":[7014,6958],"product_tag":[7525],"class_list":{"0":"post-45992","1":"product","2":"type-product","3":"status-publish","4":"has-post-thumbnail","6":"rodzaj-ksiazki","7":"product_cat-bestsellery","8":"product_cat-historia","9":"product_tag-rafal-kubickirafal-kubicki","11":"first","12":"instock","13":"taxable","14":"shipping-taxable","15":"purchasable","16":"product-type-simple"},"acf":[],"_links":{"self":[{"href":"https:\/\/wydawnictwo.ug.edu.pl\/en\/wp-json\/wp\/v2\/product\/45992","targetHints":{"allow":["GET"]}}],"collection":[{"href":"https:\/\/wydawnictwo.ug.edu.pl\/en\/wp-json\/wp\/v2\/product"}],"about":[{"href":"https:\/\/wydawnictwo.ug.edu.pl\/en\/wp-json\/wp\/v2\/types\/product"}],"wp:featuredmedia":[{"embeddable":true,"href":"https:\/\/wydawnictwo.ug.edu.pl\/en\/wp-json\/wp\/v2\/media\/28761"}],"wp:attachment":[{"href":"https:\/\/wydawnictwo.ug.edu.pl\/en\/wp-json\/wp\/v2\/media?parent=45992"}],"wp:term":[{"taxonomy":"journal","embeddable":true,"href":"https:\/\/wydawnictwo.ug.edu.pl\/en\/wp-json\/wp\/v2\/journal?post=45992"},{"taxonomy":"rodzaj","embeddable":true,"href":"https:\/\/wydawnictwo.ug.edu.pl\/en\/wp-json\/wp\/v2\/rodzaj?post=45992"},{"taxonomy":"seria","embeddable":true,"href":"https:\/\/wydawnictwo.ug.edu.pl\/en\/wp-json\/wp\/v2\/seria?post=45992"},{"taxonomy":"product_brand","embeddable":true,"href":"https:\/\/wydawnictwo.ug.edu.pl\/en\/wp-json\/wp\/v2\/product_brand?post=45992"},{"taxonomy":"product_cat","embeddable":true,"href":"https:\/\/wydawnictwo.ug.edu.pl\/en\/wp-json\/wp\/v2\/product_cat?post=45992"},{"taxonomy":"product_tag","embeddable":true,"href":"https:\/\/wydawnictwo.ug.edu.pl\/en\/wp-json\/wp\/v2\/product_tag?post=45992"}],"curies":[{"name":"wp","href":"https:\/\/api.w.org\/{rel}","templated":true}]}}