{"id":45988,"date":"2024-05-15T09:30:39","date_gmt":"2024-05-15T09:30:39","guid":{"rendered":"https:\/\/wydawnictwo.ug.edu.pl\/ksiegarnia-online\/uncategorized\/nierownosci-dochodowe-w-polsce-skala-zjawiska-i-jego-determinanty\/"},"modified":"2026-02-11T12:41:39","modified_gmt":"2026-02-11T12:41:39","slug":"nierownosci-dochodowe-w-polsce-skala-zjawiska-i-jego-determinanty","status":"publish","type":"product","link":"https:\/\/wydawnictwo.ug.edu.pl\/en\/ksiegarnia-online\/ekonomia\/nierownosci-dochodowe-w-polsce-skala-zjawiska-i-jego-determinanty\/","title":{"rendered":"Nier\u00f3wno\u015bci dochodowe w Polsce. Skala zjawiska i jego determinanty"},"content":{"rendered":"","protected":false},"excerpt":{"rendered":"<p>Autorzy monografii za cel postawili sobie zdiagnozowanie skali nier\u00f3wno\u015bci dochodowych w Polsce, wykorzystuj\u0105c do tego celu dost\u0119pne metody i zr\u00f3\u017cnicowane \u017ar\u00f3d\u0142a danych. Interesuj\u0105ce wnioski przynosi identyfikacja mo\u017cliwych \u017ar\u00f3de\u0142 obserwowanych nier\u00f3wno\u015bci. Ostatecznie okazuje si\u0119, \u017ce polskie spo\u0142ecze\u0144stwo w zakresie struktury dochod\u00f3w znacznie odr\u00f3\u017cnia si\u0119 od kraj\u00f3w, kt\u00f3re w tym samym czasie przechodzi\u0142y transformacj\u0119 ustrojow\u0105. Warto wobec tego zastanowi\u0107 si\u0119 jaki ostatecznie model polityki spo\u0142eczno-gospodarczej by\u0142by najbardziej po\u017c\u0105dany przez polskie spo\u0142ecze\u0144stwo.<\/p>\n","protected":false},"featured_media":29013,"template":"","meta":{"_acf_changed":false},"journal":[],"rodzaj":[7074],"seria":[],"product_brand":[],"product_cat":[6934],"product_tag":[7386,7518,7519],"class_list":{"0":"post-45988","1":"product","2":"type-product","3":"status-publish","4":"has-post-thumbnail","6":"rodzaj-ksiazki","7":"product_cat-ekonomia","8":"product_tag-anita-szymanska","9":"product_tag-grzegorz-pawlowski","10":"product_tag-radoslaw-kleina","12":"first","13":"instock","14":"taxable","15":"shipping-taxable","16":"purchasable","17":"product-type-simple"},"acf":[],"_links":{"self":[{"href":"https:\/\/wydawnictwo.ug.edu.pl\/en\/wp-json\/wp\/v2\/product\/45988","targetHints":{"allow":["GET"]}}],"collection":[{"href":"https:\/\/wydawnictwo.ug.edu.pl\/en\/wp-json\/wp\/v2\/product"}],"about":[{"href":"https:\/\/wydawnictwo.ug.edu.pl\/en\/wp-json\/wp\/v2\/types\/product"}],"wp:featuredmedia":[{"embeddable":true,"href":"https:\/\/wydawnictwo.ug.edu.pl\/en\/wp-json\/wp\/v2\/media\/29013"}],"wp:attachment":[{"href":"https:\/\/wydawnictwo.ug.edu.pl\/en\/wp-json\/wp\/v2\/media?parent=45988"}],"wp:term":[{"taxonomy":"journal","embeddable":true,"href":"https:\/\/wydawnictwo.ug.edu.pl\/en\/wp-json\/wp\/v2\/journal?post=45988"},{"taxonomy":"rodzaj","embeddable":true,"href":"https:\/\/wydawnictwo.ug.edu.pl\/en\/wp-json\/wp\/v2\/rodzaj?post=45988"},{"taxonomy":"seria","embeddable":true,"href":"https:\/\/wydawnictwo.ug.edu.pl\/en\/wp-json\/wp\/v2\/seria?post=45988"},{"taxonomy":"product_brand","embeddable":true,"href":"https:\/\/wydawnictwo.ug.edu.pl\/en\/wp-json\/wp\/v2\/product_brand?post=45988"},{"taxonomy":"product_cat","embeddable":true,"href":"https:\/\/wydawnictwo.ug.edu.pl\/en\/wp-json\/wp\/v2\/product_cat?post=45988"},{"taxonomy":"product_tag","embeddable":true,"href":"https:\/\/wydawnictwo.ug.edu.pl\/en\/wp-json\/wp\/v2\/product_tag?post=45988"}],"curies":[{"name":"wp","href":"https:\/\/api.w.org\/{rel}","templated":true}]}}