{"id":45987,"date":"2024-05-15T10:49:58","date_gmt":"2024-05-15T10:49:58","guid":{"rendered":"https:\/\/wydawnictwo.ug.edu.pl\/ksiegarnia-online\/uncategorized\/les-competences-douces-au-coeur-de-lenseignement-apprentissage-des-langues-etrangeres\/"},"modified":"2026-02-11T12:41:30","modified_gmt":"2026-02-11T12:41:30","slug":"les-competences-douces-au-coeur-de-lenseignement-apprentissage-des-langues-etrangeres","status":"publish","type":"product","link":"https:\/\/wydawnictwo.ug.edu.pl\/en\/ksiegarnia-online\/jezykoznawstwo\/les-competences-douces-au-coeur-de-lenseignement-apprentissage-des-langues-etrangeres\/","title":{"rendered":"Les comp\u00e9tences douces au c\u0153ur de l&#8217;enseignement\/apprentissage des langues \u00e9trang\u00e8res"},"content":{"rendered":"","protected":false},"excerpt":{"rendered":"<p>Transition \u00e9cologique et classe de langues semblent a priori appartenir \u00e0 deux mondes bien distincts. Il n&#8217;en est rien.<\/p>\n<p>En apprenant une langue \u00e9trang\u00e8re, l&#8217;apprenant a recours \u00e0 l&#8217;analogie et aux combinaisons, est amen\u00e9 \u00e0 faire preuve de r\u00e9flexivit\u00e9, d\u00e9veloppe sa tol\u00e9rance \u00e0 l&#8217;ambigu\u00eft\u00e9 et pers\u00e9v\u00e8re dans la difficult\u00e9. Autant de pratiques dont l&#8217;enjeu d\u00e9passe les murs de la salle de classe.<\/p>\n<p>C&#8217;est bien en nous appuyant sur ces comp\u00e9tences cr\u00e9atives que nous nous orientons\/orienterons dans un monde en transition.<\/p>\n","protected":false},"featured_media":28926,"template":"","meta":{"_acf_changed":false},"journal":[],"rodzaj":[7074],"seria":[],"product_brand":[],"product_cat":[6924,6926],"product_tag":[7515,7516,7517],"class_list":{"0":"post-45987","1":"product","2":"type-product","3":"status-publish","4":"has-post-thumbnail","6":"rodzaj-ksiazki","7":"product_cat-jezykoznawstwo","8":"product_cat-przekladoznawstwo","9":"product_tag-emilia-paszek","10":"product_tag-joanna-jereczek-lipinskajoanna-jereczek-lipinska","11":"product_tag-marielle-tavennec","13":"first","14":"instock","15":"taxable","16":"shipping-taxable","17":"product-type-simple"},"acf":[],"_links":{"self":[{"href":"https:\/\/wydawnictwo.ug.edu.pl\/en\/wp-json\/wp\/v2\/product\/45987","targetHints":{"allow":["GET"]}}],"collection":[{"href":"https:\/\/wydawnictwo.ug.edu.pl\/en\/wp-json\/wp\/v2\/product"}],"about":[{"href":"https:\/\/wydawnictwo.ug.edu.pl\/en\/wp-json\/wp\/v2\/types\/product"}],"wp:featuredmedia":[{"embeddable":true,"href":"https:\/\/wydawnictwo.ug.edu.pl\/en\/wp-json\/wp\/v2\/media\/28926"}],"wp:attachment":[{"href":"https:\/\/wydawnictwo.ug.edu.pl\/en\/wp-json\/wp\/v2\/media?parent=45987"}],"wp:term":[{"taxonomy":"journal","embeddable":true,"href":"https:\/\/wydawnictwo.ug.edu.pl\/en\/wp-json\/wp\/v2\/journal?post=45987"},{"taxonomy":"rodzaj","embeddable":true,"href":"https:\/\/wydawnictwo.ug.edu.pl\/en\/wp-json\/wp\/v2\/rodzaj?post=45987"},{"taxonomy":"seria","embeddable":true,"href":"https:\/\/wydawnictwo.ug.edu.pl\/en\/wp-json\/wp\/v2\/seria?post=45987"},{"taxonomy":"product_brand","embeddable":true,"href":"https:\/\/wydawnictwo.ug.edu.pl\/en\/wp-json\/wp\/v2\/product_brand?post=45987"},{"taxonomy":"product_cat","embeddable":true,"href":"https:\/\/wydawnictwo.ug.edu.pl\/en\/wp-json\/wp\/v2\/product_cat?post=45987"},{"taxonomy":"product_tag","embeddable":true,"href":"https:\/\/wydawnictwo.ug.edu.pl\/en\/wp-json\/wp\/v2\/product_tag?post=45987"}],"curies":[{"name":"wp","href":"https:\/\/api.w.org\/{rel}","templated":true}]}}