{"id":45986,"date":"2024-05-17T11:13:46","date_gmt":"2024-05-17T11:13:46","guid":{"rendered":"https:\/\/wydawnictwo.ug.edu.pl\/ksiegarnia-online\/uncategorized\/entre-almanach-2024\/"},"modified":"2026-02-11T12:41:33","modified_gmt":"2026-02-11T12:41:33","slug":"entre-almanach-2024","status":"publish","type":"product","link":"https:\/\/wydawnictwo.ug.edu.pl\/en\/ksiegarnia-online\/literaturoznawstwo\/entre-almanach-2024\/","title":{"rendered":"Entre Almanach 2024"},"content":{"rendered":"","protected":false},"excerpt":{"rendered":"<p><a href=\"https:\/\/wydawnictwo.ug.edu.pl\/wp-content\/uploads\/2024\/05\/0.ENTRE_Almanach_eb.pdf\"><span style=\"color: #ff0000;\"><strong>Ksi\u0105\u017cka do pobrania<\/strong><\/span><\/a><\/p>\n<p><em>Entre Almanach<\/em> to zbi\u00f3r tekst\u00f3w w j\u0119zyku portugalskim, kt\u00f3re odzwierciedlaj\u0105 teatr w jego najr\u00f3\u017cniejszych odmianach. Ksi\u0105\u017cka zosta\u0142a wydana we wsp\u00f3\u0142pracy z Uniwersytetem Gda\u0144skim, partnerem, kt\u00f3ry od lat wsp\u00f3\u0142pracuje z SP Escola de Teatro, promuj\u0105c dyskusje i wymian\u0119 intelektualn\u0105, oraz z Federalnym Uniwersytetem w Goi\u00e1s. Jest kontynuacj\u0105 serii almanach\u00f3w Between.Pomi\u0119dzy, wydawanych w Polsce od 2013 roku.<\/p>\n<p>Ksi\u0105\u017cka podzielona jest na pi\u0119\u0107 cz\u0119\u015bci:\u00a0<em>Poezja<\/em>,\u00a0<em>Between.Pomi\u0119dzy: miejsce spotkania<\/em>,<em>\u00a0Teatr w Brazylii,<\/em>\u00a0<em>Teatr w Polsce<\/em>\u00a0oraz\u00a0<em>Samuel Beckett, Jacques Lecoq, Peter Brook, Complicit\u00e9 i nie tylko<\/em>. W\u015br\u00f3d zamieszczonych artyku\u0142\u00f3w znajduj\u0105 si\u0119 teksty o irlandzkim dramaturgu Samuelu Becketcie, o teatrze Est\u00fadio Lusco-Fusco, o literaturze Oswalda de Andrade, o tw\u00f3rczo\u015bci re\u017cysera Jana Klaty, o poezji Tadeusza R\u00f3\u017cewicza, o Teatrze Pie\u015b\u0144 Koz\u0142a, o zwi\u0105zkach Becketta z psychoanaliz\u0105 oraz o globalnej dzia\u0142alno\u015bci platformy TheTheatreTimes.com.<\/p>\n","protected":false},"featured_media":29067,"template":"","meta":{"_acf_changed":false},"journal":[],"rodzaj":[7074],"seria":[],"product_brand":[],"product_cat":[6936,6925],"product_tag":[7512,7513,7514,7461],"class_list":{"0":"post-45986","1":"product","2":"type-product","3":"status-publish","4":"has-post-thumbnail","6":"rodzaj-ksiazki","7":"product_cat-historia-sztuki-i-kulturoznawstwo","8":"product_cat-literaturoznawstwo","9":"product_tag-ivam-cabral","10":"product_tag-marcio-aquiles","11":"product_tag-robson-correa-de-camargo","12":"product_tag-tomasz-wisniewskitomasz-wisniewski","14":"first","15":"instock","16":"taxable","17":"shipping-taxable","18":"purchasable","19":"product-type-simple"},"acf":[],"_links":{"self":[{"href":"https:\/\/wydawnictwo.ug.edu.pl\/en\/wp-json\/wp\/v2\/product\/45986","targetHints":{"allow":["GET"]}}],"collection":[{"href":"https:\/\/wydawnictwo.ug.edu.pl\/en\/wp-json\/wp\/v2\/product"}],"about":[{"href":"https:\/\/wydawnictwo.ug.edu.pl\/en\/wp-json\/wp\/v2\/types\/product"}],"wp:featuredmedia":[{"embeddable":true,"href":"https:\/\/wydawnictwo.ug.edu.pl\/en\/wp-json\/wp\/v2\/media\/29067"}],"wp:attachment":[{"href":"https:\/\/wydawnictwo.ug.edu.pl\/en\/wp-json\/wp\/v2\/media?parent=45986"}],"wp:term":[{"taxonomy":"journal","embeddable":true,"href":"https:\/\/wydawnictwo.ug.edu.pl\/en\/wp-json\/wp\/v2\/journal?post=45986"},{"taxonomy":"rodzaj","embeddable":true,"href":"https:\/\/wydawnictwo.ug.edu.pl\/en\/wp-json\/wp\/v2\/rodzaj?post=45986"},{"taxonomy":"seria","embeddable":true,"href":"https:\/\/wydawnictwo.ug.edu.pl\/en\/wp-json\/wp\/v2\/seria?post=45986"},{"taxonomy":"product_brand","embeddable":true,"href":"https:\/\/wydawnictwo.ug.edu.pl\/en\/wp-json\/wp\/v2\/product_brand?post=45986"},{"taxonomy":"product_cat","embeddable":true,"href":"https:\/\/wydawnictwo.ug.edu.pl\/en\/wp-json\/wp\/v2\/product_cat?post=45986"},{"taxonomy":"product_tag","embeddable":true,"href":"https:\/\/wydawnictwo.ug.edu.pl\/en\/wp-json\/wp\/v2\/product_tag?post=45986"}],"curies":[{"name":"wp","href":"https:\/\/api.w.org\/{rel}","templated":true}]}}