{"id":45985,"date":"2024-05-17T12:50:07","date_gmt":"2024-05-17T12:50:07","guid":{"rendered":"https:\/\/wydawnictwo.ug.edu.pl\/ksiegarnia-online\/uncategorized\/utwor-konserwatorski-w-polskim-prawie-autorskim\/"},"modified":"2026-02-11T12:41:30","modified_gmt":"2026-02-11T12:41:30","slug":"utwor-konserwatorski-w-polskim-prawie-autorskim","status":"publish","type":"product","link":"https:\/\/wydawnictwo.ug.edu.pl\/en\/ksiegarnia-online\/prawo-i-administracja\/utwor-konserwatorski-w-polskim-prawie-autorskim\/","title":{"rendered":"Utw\u00f3r konserwatorski w polskim prawie autorskim"},"content":{"rendered":"<blockquote><p>&nbsp;<\/p><\/blockquote>\n","protected":false},"excerpt":{"rendered":"<p>\u201eZgodzi\u0107 si\u0119 nale\u017cy z Autorem recenzowanej monografii, \u017ce prace konserwatorskie prowadzone na dzie\u0142ach sztuki generuj\u0105 liczne problemy, kt\u00f3re mo\u017cna rozwi\u0105za\u0107 na gruncie prawa autorskiego. Rozpoznaj\u0105c je, prof. Piotr \u015al\u0119zak konstatuje, \u017ce konserwator podejmuje dzia\u0142ania dotycz\u0105ce obiektu, kt\u00f3rego kwalifikacja autorskoprawna mo\u017ce by\u0107 r\u00f3\u017cna. Dowodzi, \u017ce poddany takim zabiegom obiekt mo\u017ce stanowi\u0107: po pierwsze, utw\u00f3r chroniony przez prawo autorskie, po wt\u00f3re, utw\u00f3r, do kt\u00f3rego autorskie prawa maj\u0105tkowe wygas\u0142y, po trzecie, dzie\u0142o sztuki, kt\u00f3re \u00abpowsta\u0142o na tyle dawno, \u017ce nie podlega\u0142o nigdy ochronie prawnoautorskiej\u00bb, wreszcie po czwarte, dzie\u0142o, kt\u00f3re nie jest utworem w rozumieniu prawa autorskiego. Autor niezwykle trafnie przy tym stwierdza, \u017ce obiekt dzia\u0142a\u0144 konserwatora mo\u017ce zosta\u0107 zakwalifikowany jako dzie\u0142o oraz zosta\u0107 obj\u0119ty ochron\u0105 prawnoautorsk\u0105. [\u2026] Niniejsza publikacja po\u015bwi\u0119cona utworowi konserwatorskiemu w polskim prawie autorskim [\u2026] jest potrzebna i z rado\u015bci\u0105 zostanie przyj\u0119ta przez \u015brodowiska muzealnik\u00f3w i konserwator\u00f3w\u201d.<\/p>\n<p style=\"text-align: right;\"><em>Z recenzji prof. dr. hab. Jacka Sobczaka<\/em><\/p>\n<p>Ksi\u0105\u017ca ukaza\u0142a si\u0119 w serii Biblioteka Prawa Ochrony Zabytk\u00f3w.<\/p>\n<p>Recenzja ksi\u0105\u017cki w czasopi\u015bmie \u201e<a href=\"https:\/\/ochronazabytkow.nid.pl\/wp-content\/uploads\/2024\/12\/OZ_2-2024_J-Brudnicki.pdf\">Ochrona Zabytk\u00f3w<\/a>\u201d.<\/p>\n","protected":false},"featured_media":29085,"template":"","meta":{"_acf_changed":false},"journal":[],"rodzaj":[7074,7076],"seria":[7078],"product_brand":[],"product_cat":[6932],"product_tag":[7511],"class_list":{"0":"post-45985","1":"product","2":"type-product","3":"status-publish","4":"has-post-thumbnail","6":"rodzaj-ksiazki","7":"rodzaj-serie-wydawnicze","8":"seria-biblioteka-prawa-ochrony-zabytkow","9":"product_cat-prawo-i-administracja","10":"product_tag-piotr-slezakpiotr-slezak","12":"first","13":"instock","14":"taxable","15":"shipping-taxable","16":"product-type-simple"},"acf":[],"_links":{"self":[{"href":"https:\/\/wydawnictwo.ug.edu.pl\/en\/wp-json\/wp\/v2\/product\/45985","targetHints":{"allow":["GET"]}}],"collection":[{"href":"https:\/\/wydawnictwo.ug.edu.pl\/en\/wp-json\/wp\/v2\/product"}],"about":[{"href":"https:\/\/wydawnictwo.ug.edu.pl\/en\/wp-json\/wp\/v2\/types\/product"}],"wp:featuredmedia":[{"embeddable":true,"href":"https:\/\/wydawnictwo.ug.edu.pl\/en\/wp-json\/wp\/v2\/media\/29085"}],"wp:attachment":[{"href":"https:\/\/wydawnictwo.ug.edu.pl\/en\/wp-json\/wp\/v2\/media?parent=45985"}],"wp:term":[{"taxonomy":"journal","embeddable":true,"href":"https:\/\/wydawnictwo.ug.edu.pl\/en\/wp-json\/wp\/v2\/journal?post=45985"},{"taxonomy":"rodzaj","embeddable":true,"href":"https:\/\/wydawnictwo.ug.edu.pl\/en\/wp-json\/wp\/v2\/rodzaj?post=45985"},{"taxonomy":"seria","embeddable":true,"href":"https:\/\/wydawnictwo.ug.edu.pl\/en\/wp-json\/wp\/v2\/seria?post=45985"},{"taxonomy":"product_brand","embeddable":true,"href":"https:\/\/wydawnictwo.ug.edu.pl\/en\/wp-json\/wp\/v2\/product_brand?post=45985"},{"taxonomy":"product_cat","embeddable":true,"href":"https:\/\/wydawnictwo.ug.edu.pl\/en\/wp-json\/wp\/v2\/product_cat?post=45985"},{"taxonomy":"product_tag","embeddable":true,"href":"https:\/\/wydawnictwo.ug.edu.pl\/en\/wp-json\/wp\/v2\/product_tag?post=45985"}],"curies":[{"name":"wp","href":"https:\/\/api.w.org\/{rel}","templated":true}]}}