{"id":45980,"date":"2024-11-27T10:53:54","date_gmt":"2024-11-27T10:53:54","guid":{"rendered":"https:\/\/wydawnictwo.ug.edu.pl\/ksiegarnia-online\/uncategorized\/ars-educandi-20-2023\/"},"modified":"2026-02-11T12:35:41","modified_gmt":"2026-02-11T12:35:41","slug":"ars-educandi-20-2023","status":"publish","type":"product","link":"https:\/\/wydawnictwo.ug.edu.pl\/en\/ksiegarnia-online\/historia-sztuki-i-kulturoznawstwo\/ars-educandi-20-2023\/","title":{"rendered":"Ars Educandi 20\/2023"},"content":{"rendered":"","protected":false},"excerpt":{"rendered":"<p>Ars Educandi. Tom 20 (2023): Zad\u0142u\u017ceni: filozofia wychowania i edukacyjne studia kulturowe w Uniwersytecie Gda\u0144skim<\/p>\n","protected":false},"featured_media":30976,"template":"","meta":{"_acf_changed":false},"journal":[7060],"rodzaj":[7077],"seria":[7152],"product_brand":[],"product_cat":[6936],"product_tag":[7506,7507],"class_list":{"0":"post-45980","1":"product","2":"type-product","3":"status-publish","4":"has-post-thumbnail","6":"journal-ars-educandi","7":"rodzaj-czasopismo","8":"seria-ars-educandi-monografie","9":"product_cat-historia-sztuki-i-kulturoznawstwo","10":"product_tag-malgorzata-cackowskamalgorzata-cackowska","11":"product_tag-piotr-stanczyk","13":"first","14":"instock","15":"taxable","16":"shipping-taxable","17":"purchasable","18":"product-type-external"},"acf":[],"_links":{"self":[{"href":"https:\/\/wydawnictwo.ug.edu.pl\/en\/wp-json\/wp\/v2\/product\/45980","targetHints":{"allow":["GET"]}}],"collection":[{"href":"https:\/\/wydawnictwo.ug.edu.pl\/en\/wp-json\/wp\/v2\/product"}],"about":[{"href":"https:\/\/wydawnictwo.ug.edu.pl\/en\/wp-json\/wp\/v2\/types\/product"}],"wp:featuredmedia":[{"embeddable":true,"href":"https:\/\/wydawnictwo.ug.edu.pl\/en\/wp-json\/wp\/v2\/media\/30976"}],"wp:attachment":[{"href":"https:\/\/wydawnictwo.ug.edu.pl\/en\/wp-json\/wp\/v2\/media?parent=45980"}],"wp:term":[{"taxonomy":"journal","embeddable":true,"href":"https:\/\/wydawnictwo.ug.edu.pl\/en\/wp-json\/wp\/v2\/journal?post=45980"},{"taxonomy":"rodzaj","embeddable":true,"href":"https:\/\/wydawnictwo.ug.edu.pl\/en\/wp-json\/wp\/v2\/rodzaj?post=45980"},{"taxonomy":"seria","embeddable":true,"href":"https:\/\/wydawnictwo.ug.edu.pl\/en\/wp-json\/wp\/v2\/seria?post=45980"},{"taxonomy":"product_brand","embeddable":true,"href":"https:\/\/wydawnictwo.ug.edu.pl\/en\/wp-json\/wp\/v2\/product_brand?post=45980"},{"taxonomy":"product_cat","embeddable":true,"href":"https:\/\/wydawnictwo.ug.edu.pl\/en\/wp-json\/wp\/v2\/product_cat?post=45980"},{"taxonomy":"product_tag","embeddable":true,"href":"https:\/\/wydawnictwo.ug.edu.pl\/en\/wp-json\/wp\/v2\/product_tag?post=45980"}],"curies":[{"name":"wp","href":"https:\/\/api.w.org\/{rel}","templated":true}]}}