{"id":45979,"date":"2024-12-03T09:17:02","date_gmt":"2024-12-03T09:17:02","guid":{"rendered":"https:\/\/wydawnictwo.ug.edu.pl\/ksiegarnia-online\/uncategorized\/almanach-between-pomiedzy-2024\/"},"modified":"2026-02-11T12:35:40","modified_gmt":"2026-02-11T12:35:40","slug":"almanach-between-pomiedzy-2024","status":"publish","type":"product","link":"https:\/\/wydawnictwo.ug.edu.pl\/en\/ksiegarnia-online\/literaturoznawstwo\/almanach-between-pomiedzy-2024\/","title":{"rendered":"Almanach Between.Pomi\u0119dzy 2024"},"content":{"rendered":"","protected":false},"excerpt":{"rendered":"<p>Najwa\u017cniejsz\u0105 cz\u0119\u015b\u0107 <em>Almanachu Between.Pomi\u0119dzy 2024<\/em> stanowi\u0105 eseje i artyku\u0142y naukowe b\u0119d\u0105ce podsumowaniem projekt\u00f3w w\u0142asnych student\u00f3w i doktorant\u00f3w. W tym zestawie najwi\u0119cej tekst\u00f3w dotyczy przedsi\u0119wzi\u0119\u0107 omawianych podczas II Konferencji Studencko-Doktoranckiej Wyspa.M\u0142odo\u015b\u0107, kt\u00f3ra odby\u0142a si\u0119 w ramach XII Festiwalu Literatury i Teatru Between. Pomi\u0119dzy w maju 2021 roku. Wszak jednym z kluczowych dla Between.Pomi\u0119dzy wyzwa\u0144 jest wspieranie synergii m\u0142odo\u015bci z do\u015bwiadczeniem, co znakomicie wybrzmiewa we wsp\u00f3\u0142pracy redaktorek tomu \u2013 Ma\u0142gorzaty Wo\u017aniak oraz Roksany Zgierskiej \u2013 reprezentuj\u0105cych dwa o\u015brodki\u00a0 badawcze (Pozna\u0144 i Gda\u0144sk). Zdo\u0142a\u0142y one po\u0142\u0105czy\u0107 wiele, zdawa\u0142oby si\u0119 niepowi\u0105zanych, tekst\u00f3w w jedn\u0105 koherentn\u0105 ca\u0142o\u015b\u0107, w kt\u00f3rej z ogromn\u0105 moc\u0105 wybrzmiewa potencja\u0142 d\u017awi\u0119kowy literatury i rozmaitych form teatru.<\/p>\n<p>&nbsp;<\/p>\n<p>&nbsp;<\/p>\n","protected":false},"featured_media":31161,"template":"","meta":{"_acf_changed":false},"journal":[],"rodzaj":[7074],"seria":[],"product_brand":[],"product_cat":[6936,6925,6948],"product_tag":[7505,7460],"class_list":{"0":"post-45979","1":"product","2":"type-product","3":"status-publish","4":"has-post-thumbnail","6":"rodzaj-ksiazki","7":"product_cat-historia-sztuki-i-kulturoznawstwo","8":"product_cat-literaturoznawstwo","9":"product_cat-varia","10":"product_tag-malgorzata-wozniak","11":"product_tag-roksana-zgierska","13":"first","14":"instock","15":"taxable","16":"shipping-taxable","17":"purchasable","18":"product-type-simple"},"acf":[],"_links":{"self":[{"href":"https:\/\/wydawnictwo.ug.edu.pl\/en\/wp-json\/wp\/v2\/product\/45979","targetHints":{"allow":["GET"]}}],"collection":[{"href":"https:\/\/wydawnictwo.ug.edu.pl\/en\/wp-json\/wp\/v2\/product"}],"about":[{"href":"https:\/\/wydawnictwo.ug.edu.pl\/en\/wp-json\/wp\/v2\/types\/product"}],"wp:featuredmedia":[{"embeddable":true,"href":"https:\/\/wydawnictwo.ug.edu.pl\/en\/wp-json\/wp\/v2\/media\/31161"}],"wp:attachment":[{"href":"https:\/\/wydawnictwo.ug.edu.pl\/en\/wp-json\/wp\/v2\/media?parent=45979"}],"wp:term":[{"taxonomy":"journal","embeddable":true,"href":"https:\/\/wydawnictwo.ug.edu.pl\/en\/wp-json\/wp\/v2\/journal?post=45979"},{"taxonomy":"rodzaj","embeddable":true,"href":"https:\/\/wydawnictwo.ug.edu.pl\/en\/wp-json\/wp\/v2\/rodzaj?post=45979"},{"taxonomy":"seria","embeddable":true,"href":"https:\/\/wydawnictwo.ug.edu.pl\/en\/wp-json\/wp\/v2\/seria?post=45979"},{"taxonomy":"product_brand","embeddable":true,"href":"https:\/\/wydawnictwo.ug.edu.pl\/en\/wp-json\/wp\/v2\/product_brand?post=45979"},{"taxonomy":"product_cat","embeddable":true,"href":"https:\/\/wydawnictwo.ug.edu.pl\/en\/wp-json\/wp\/v2\/product_cat?post=45979"},{"taxonomy":"product_tag","embeddable":true,"href":"https:\/\/wydawnictwo.ug.edu.pl\/en\/wp-json\/wp\/v2\/product_tag?post=45979"}],"curies":[{"name":"wp","href":"https:\/\/api.w.org\/{rel}","templated":true}]}}