{"id":45975,"date":"2024-12-16T10:41:59","date_gmt":"2024-12-16T10:41:59","guid":{"rendered":"https:\/\/wydawnictwo.ug.edu.pl\/ksiegarnia-online\/uncategorized\/polityka-wlascicielska-panstwa-polskiego-w-obszarze-przedsiebiorstw-w-latach-1989-2023\/"},"modified":"2026-02-11T12:35:30","modified_gmt":"2026-02-11T12:35:30","slug":"polityka-wlascicielska-panstwa-polskiego-w-obszarze-przedsiebiorstw-w-latach-1989-2023","status":"publish","type":"product","link":"https:\/\/wydawnictwo.ug.edu.pl\/en\/ksiegarnia-online\/ekonomia\/polityka-wlascicielska-panstwa-polskiego-w-obszarze-przedsiebiorstw-w-latach-1989-2023\/","title":{"rendered":"Polityka w\u0142a\u015bcicielska pa\u0144stwa polskiego w obszarze przedsi\u0119biorstw w latach 1989\u20132023"},"content":{"rendered":"","protected":false},"excerpt":{"rendered":"<p>Przekszta\u0142cenia w\u0142asno\u015bciowe stanowi\u0142y jeden z najwa\u017cniejszych element\u00f3w transformacji polskiej gospodarki. Pomimo przeprowadzonej w Polsce prywatyzacji wiele przedsi\u0119biorstw pozosta\u0142o pod kontrol\u0105 w\u0142a\u015bcicielsk\u0105 Skarbu Pa\u0144stwa. Podmioty znajduj\u0105ce si\u0119 w domenie pa\u0144stwowej dzia\u0142aj\u0105 w sektorach strategicznych i w istotny spos\u00f3b wp\u0142ywaj\u0105 na gospodark\u0119. Z tego wzgl\u0119du polityka w\u0142a\u015bcicielska pa\u0144stwa stanowi wa\u017cn\u0105 cz\u0119\u015bci polityki gospodarczej.<\/p>\n<p>Celem publikacji jest scharakteryzowanie prowadzonej w Polsce polityki w\u0142a\u015bcicielskiej. W\u00a0ostatnich latach mo\u017cna by\u0142o zaobserwowa\u0107 istotne zmiany w zakresie jej sprawowania. W\u00a0niniejszej monografii por\u00f3wnano narz\u0119dzia polityki w\u0142a\u015bcicielskiej stosowane w Polsce z najlepszymi \u015bwiatowymi wzorcami. Scharakteryzowano r\u00f3wnie\u017c zmiany, jakie zachodzi\u0142y w polityce w\u0142a\u015bcicielskiej po 1989 roku i wykorzystano narz\u0119dzia oferowane przez teorie zwi\u0105zane z Now\u0105 Ekonomi\u0105 Instytucjonaln\u0105 do badania zagadnie\u0144 zwi\u0105zanych z polityk\u0105 w\u0142a\u015bcicielsk\u0105.<\/p>\n","protected":false},"featured_media":31165,"template":"","meta":{"_acf_changed":false},"journal":[],"rodzaj":[7074],"seria":[],"product_brand":[],"product_cat":[6934],"product_tag":[7502],"class_list":{"0":"post-45975","1":"product","2":"type-product","3":"status-publish","4":"has-post-thumbnail","6":"rodzaj-ksiazki","7":"product_cat-ekonomia","8":"product_tag-dominik-aziewicz","10":"first","11":"instock","12":"taxable","13":"shipping-taxable","14":"purchasable","15":"product-type-simple"},"acf":[],"_links":{"self":[{"href":"https:\/\/wydawnictwo.ug.edu.pl\/en\/wp-json\/wp\/v2\/product\/45975","targetHints":{"allow":["GET"]}}],"collection":[{"href":"https:\/\/wydawnictwo.ug.edu.pl\/en\/wp-json\/wp\/v2\/product"}],"about":[{"href":"https:\/\/wydawnictwo.ug.edu.pl\/en\/wp-json\/wp\/v2\/types\/product"}],"wp:featuredmedia":[{"embeddable":true,"href":"https:\/\/wydawnictwo.ug.edu.pl\/en\/wp-json\/wp\/v2\/media\/31165"}],"wp:attachment":[{"href":"https:\/\/wydawnictwo.ug.edu.pl\/en\/wp-json\/wp\/v2\/media?parent=45975"}],"wp:term":[{"taxonomy":"journal","embeddable":true,"href":"https:\/\/wydawnictwo.ug.edu.pl\/en\/wp-json\/wp\/v2\/journal?post=45975"},{"taxonomy":"rodzaj","embeddable":true,"href":"https:\/\/wydawnictwo.ug.edu.pl\/en\/wp-json\/wp\/v2\/rodzaj?post=45975"},{"taxonomy":"seria","embeddable":true,"href":"https:\/\/wydawnictwo.ug.edu.pl\/en\/wp-json\/wp\/v2\/seria?post=45975"},{"taxonomy":"product_brand","embeddable":true,"href":"https:\/\/wydawnictwo.ug.edu.pl\/en\/wp-json\/wp\/v2\/product_brand?post=45975"},{"taxonomy":"product_cat","embeddable":true,"href":"https:\/\/wydawnictwo.ug.edu.pl\/en\/wp-json\/wp\/v2\/product_cat?post=45975"},{"taxonomy":"product_tag","embeddable":true,"href":"https:\/\/wydawnictwo.ug.edu.pl\/en\/wp-json\/wp\/v2\/product_tag?post=45975"}],"curies":[{"name":"wp","href":"https:\/\/api.w.org\/{rel}","templated":true}]}}