{"id":45974,"date":"2024-12-18T13:31:07","date_gmt":"2024-12-18T13:31:07","guid":{"rendered":"https:\/\/wydawnictwo.ug.edu.pl\/ksiegarnia-online\/uncategorized\/matrix-regulacje\/"},"modified":"2026-02-11T12:35:26","modified_gmt":"2026-02-11T12:35:26","slug":"matrix-regulacje","status":"publish","type":"product","link":"https:\/\/wydawnictwo.ug.edu.pl\/en\/ksiegarnia-online\/prawo-i-administracja\/matrix-regulacje\/","title":{"rendered":"Matrix: Regulacje"},"content":{"rendered":"","protected":false},"excerpt":{"rendered":"<p>Uniwersum <em>Matrixa<\/em> \u2013 bo w tych kategoriach nale\u017cy traktowa\u0107 \u015bwiat wykreowany przez siostry Lilly i Lan\u0119 Wachowskie, wsp\u00f3\u0142tworzony przez filmy, animacje, muzyk\u0119, gry komputerowe i komiksy \u2013 zachwyca. Zachwycaj\u0105 fabu\u0142a i postacie. Zachwycaj\u0105 liczne asocjacje do kultury, w tym masowej, do dzie\u0142 filozoficznych i teologicznych. Zachwyca forma, kt\u00f3ra nie tylko wymyka si\u0119 sztampie, ale tworzy niezwykle charakterystyczn\u0105 estetyk\u0105 i atmosfer\u0119. Przede wszystkim jednak zachwyca otwarto\u015b\u0107 filmowej fabu\u0142y na r\u00f3\u017cnorodne perspektywy, punkty widzenia i interpretacje. To ona powoduje, \u017ce o <em>Matrixie<\/em> mo\u017cna my\u015ble\u0107 i dyskutowa\u0107 nieustannie, ka\u017cdorazowo odkrywaj\u0105c w nim co\u015b innego, co\u015b nowego. I tak bez ko\u0144ca. To prawdziwe <em>never ending story<\/em>. Z tych te\u017c wzgl\u0119d\u00f3w zosta\u0142o zainicjowane przedsi\u0119wzi\u0119cie naukowo-wydawnicze, kt\u00f3rego rezultatem jest prezentowana ksi\u0105\u017cka. <em>Matrix: Regulacje<\/em> to podr\u00f3\u017c po uniwersum, cho\u0107 ukazana z innej perspektywy \u2013 naukowej, przede wszystkim prawniczej (filozoficzno-, teoretyczno- oraz dogmatycznoprawnej). Zesp\u00f3\u0142 autorski prezentuje cykl esej\u00f3w naukowych, dla kt\u00f3rych inspiracj\u0119 stanowi\u0142y wydarzenia, osoby, mechanizmy znane z kultowego dzie\u0142a.<\/p>\n<p>Ksi\u0105\u017cka wydana w serii Studia z Estetyki Prawa.<\/p>\n<p>&nbsp;<\/p>\n","protected":false},"featured_media":31205,"template":"","meta":{"_acf_changed":false},"journal":[],"rodzaj":[7074,7076],"seria":[7083],"product_brand":[],"product_cat":[6932],"product_tag":[7501],"class_list":{"0":"post-45974","1":"product","2":"type-product","3":"status-publish","4":"has-post-thumbnail","6":"rodzaj-ksiazki","7":"rodzaj-serie-wydawnicze","8":"seria-studia-z-estetyki-prawa","9":"product_cat-prawo-i-administracja","10":"product_tag-jakub-szlachetko","12":"first","13":"instock","14":"taxable","15":"shipping-taxable","16":"purchasable","17":"product-type-simple"},"acf":[],"jetpack_sharing_enabled":true,"_links":{"self":[{"href":"https:\/\/wydawnictwo.ug.edu.pl\/en\/wp-json\/wp\/v2\/product\/45974","targetHints":{"allow":["GET"]}}],"collection":[{"href":"https:\/\/wydawnictwo.ug.edu.pl\/en\/wp-json\/wp\/v2\/product"}],"about":[{"href":"https:\/\/wydawnictwo.ug.edu.pl\/en\/wp-json\/wp\/v2\/types\/product"}],"wp:featuredmedia":[{"embeddable":true,"href":"https:\/\/wydawnictwo.ug.edu.pl\/en\/wp-json\/wp\/v2\/media\/31205"}],"wp:attachment":[{"href":"https:\/\/wydawnictwo.ug.edu.pl\/en\/wp-json\/wp\/v2\/media?parent=45974"}],"wp:term":[{"taxonomy":"journal","embeddable":true,"href":"https:\/\/wydawnictwo.ug.edu.pl\/en\/wp-json\/wp\/v2\/journal?post=45974"},{"taxonomy":"rodzaj","embeddable":true,"href":"https:\/\/wydawnictwo.ug.edu.pl\/en\/wp-json\/wp\/v2\/rodzaj?post=45974"},{"taxonomy":"seria","embeddable":true,"href":"https:\/\/wydawnictwo.ug.edu.pl\/en\/wp-json\/wp\/v2\/seria?post=45974"},{"taxonomy":"product_brand","embeddable":true,"href":"https:\/\/wydawnictwo.ug.edu.pl\/en\/wp-json\/wp\/v2\/product_brand?post=45974"},{"taxonomy":"product_cat","embeddable":true,"href":"https:\/\/wydawnictwo.ug.edu.pl\/en\/wp-json\/wp\/v2\/product_cat?post=45974"},{"taxonomy":"product_tag","embeddable":true,"href":"https:\/\/wydawnictwo.ug.edu.pl\/en\/wp-json\/wp\/v2\/product_tag?post=45974"}],"curies":[{"name":"wp","href":"https:\/\/api.w.org\/{rel}","templated":true}]}}