{"id":45971,"date":"2024-12-24T08:48:15","date_gmt":"2024-12-24T08:48:15","guid":{"rendered":"https:\/\/wydawnictwo.ug.edu.pl\/ksiegarnia-online\/uncategorized\/problemy-wczesnej-edukacji-2023-nr-257\/"},"modified":"2026-02-11T12:34:22","modified_gmt":"2026-02-11T12:34:22","slug":"problemy-wczesnej-edukacji-2023-nr-257","status":"publish","type":"product","link":"https:\/\/wydawnictwo.ug.edu.pl\/en\/ksiegarnia-online\/pedagogika-i-psychologia\/problemy-wczesnej-edukacji-2023-nr-257\/","title":{"rendered":"Problemy Wczesnej Edukacji 2023, nr 2(57)"},"content":{"rendered":"","protected":false},"excerpt":{"rendered":"<p><strong><a href=\"https:\/\/czasopisma.bg.ug.edu.pl\/index.php\/pwe\/issue\/view\/754\">Wersja elektroniczna<\/a><\/strong><\/p>\n<p>\u201eProblemy Wczesnej Edukacji\/Issues in Early Education\u201d to p\u00f3\u0142rocznik, w kt\u00f3rym s\u0105 publikowane artyku\u0142y naukowe w j\u0119zykach polskim i angielskim. Tematyka czasopisma wpisuje si\u0119 w nurt bada\u0144 nad dzieckiem i dzieci\u0144stwem oraz wczesn\u0105 edukacj\u0105. Teksty maj\u0105 charakter empiryczny, prezentuj\u0105 wyniki poszukiwa\u0144 badawczych w tym obszarze tematycznym.<\/p>\n<p>&nbsp;<\/p>\n","protected":false},"featured_media":31249,"template":"","meta":{"_acf_changed":false},"journal":[7066],"rodzaj":[7077],"seria":[],"product_brand":[],"product_cat":[7007],"product_tag":[],"class_list":{"0":"post-45971","1":"product","2":"type-product","3":"status-publish","4":"has-post-thumbnail","6":"journal-problemy-wczesnej-edukacji","7":"rodzaj-czasopismo","8":"product_cat-pedagogika-i-psychologia","10":"first","11":"instock","12":"taxable","13":"shipping-taxable","14":"product-type-simple"},"acf":[],"_links":{"self":[{"href":"https:\/\/wydawnictwo.ug.edu.pl\/en\/wp-json\/wp\/v2\/product\/45971","targetHints":{"allow":["GET"]}}],"collection":[{"href":"https:\/\/wydawnictwo.ug.edu.pl\/en\/wp-json\/wp\/v2\/product"}],"about":[{"href":"https:\/\/wydawnictwo.ug.edu.pl\/en\/wp-json\/wp\/v2\/types\/product"}],"wp:featuredmedia":[{"embeddable":true,"href":"https:\/\/wydawnictwo.ug.edu.pl\/en\/wp-json\/wp\/v2\/media\/31249"}],"wp:attachment":[{"href":"https:\/\/wydawnictwo.ug.edu.pl\/en\/wp-json\/wp\/v2\/media?parent=45971"}],"wp:term":[{"taxonomy":"journal","embeddable":true,"href":"https:\/\/wydawnictwo.ug.edu.pl\/en\/wp-json\/wp\/v2\/journal?post=45971"},{"taxonomy":"rodzaj","embeddable":true,"href":"https:\/\/wydawnictwo.ug.edu.pl\/en\/wp-json\/wp\/v2\/rodzaj?post=45971"},{"taxonomy":"seria","embeddable":true,"href":"https:\/\/wydawnictwo.ug.edu.pl\/en\/wp-json\/wp\/v2\/seria?post=45971"},{"taxonomy":"product_brand","embeddable":true,"href":"https:\/\/wydawnictwo.ug.edu.pl\/en\/wp-json\/wp\/v2\/product_brand?post=45971"},{"taxonomy":"product_cat","embeddable":true,"href":"https:\/\/wydawnictwo.ug.edu.pl\/en\/wp-json\/wp\/v2\/product_cat?post=45971"},{"taxonomy":"product_tag","embeddable":true,"href":"https:\/\/wydawnictwo.ug.edu.pl\/en\/wp-json\/wp\/v2\/product_tag?post=45971"}],"curies":[{"name":"wp","href":"https:\/\/api.w.org\/{rel}","templated":true}]}}