{"id":45969,"date":"2025-01-08T09:26:09","date_gmt":"2025-01-08T09:26:09","guid":{"rendered":"https:\/\/wydawnictwo.ug.edu.pl\/ksiegarnia-online\/uncategorized\/miscellanea-anthropologica-et-sociologica-242-3-2023\/"},"modified":"2026-02-11T12:34:17","modified_gmt":"2026-02-11T12:34:17","slug":"miscellanea-anthropologica-et-sociologica-242-3-2023","status":"publish","type":"product","link":"https:\/\/wydawnictwo.ug.edu.pl\/en\/ksiegarnia-online\/socjologia\/miscellanea-anthropologica-et-sociologica-242-3-2023\/","title":{"rendered":"Miscellanea Anthropologica et Sociologica 24(2\u20133)"},"content":{"rendered":"","protected":false},"excerpt":{"rendered":"<p>\u201eMiscellanea Anthropologica et Sociologica\u201d 24(2\u20133), 2023: Institutional and Non-Institutional Contexts and Correlates of Creating Wellbeing<\/p>\n<p>\u201eMiscellanea Anthropologica et Sociologica\u201d\u00a0to czasopismo akademickie wydawane przez Wydawnictwo Uniwersytetu Gda\u0144skiego. Czasopismo zosta\u0142o za\u0142o\u017cone w roku 1992 i od tamtego czasu publikuje numery tematyczne po\u015bwi\u0119cone zagadnieniom socjologicznym i antropologicznym.<\/p>\n","protected":false},"featured_media":31315,"template":"","meta":{"_acf_changed":false},"journal":[7064],"rodzaj":[7075,7077],"seria":[],"product_brand":[],"product_cat":[6953],"product_tag":[8259],"class_list":{"0":"post-45969","1":"product","2":"type-product","3":"status-publish","4":"has-post-thumbnail","6":"journal-miscellanea-anthropologica-et-sociologica","7":"rodzaj-e-book","8":"rodzaj-czasopismo","9":"product_cat-socjologia","10":"product_tag-jacek-mianowski","12":"first","13":"instock","14":"taxable","15":"shipping-taxable","16":"product-type-external"},"acf":[],"_links":{"self":[{"href":"https:\/\/wydawnictwo.ug.edu.pl\/en\/wp-json\/wp\/v2\/product\/45969","targetHints":{"allow":["GET"]}}],"collection":[{"href":"https:\/\/wydawnictwo.ug.edu.pl\/en\/wp-json\/wp\/v2\/product"}],"about":[{"href":"https:\/\/wydawnictwo.ug.edu.pl\/en\/wp-json\/wp\/v2\/types\/product"}],"wp:featuredmedia":[{"embeddable":true,"href":"https:\/\/wydawnictwo.ug.edu.pl\/en\/wp-json\/wp\/v2\/media\/31315"}],"wp:attachment":[{"href":"https:\/\/wydawnictwo.ug.edu.pl\/en\/wp-json\/wp\/v2\/media?parent=45969"}],"wp:term":[{"taxonomy":"journal","embeddable":true,"href":"https:\/\/wydawnictwo.ug.edu.pl\/en\/wp-json\/wp\/v2\/journal?post=45969"},{"taxonomy":"rodzaj","embeddable":true,"href":"https:\/\/wydawnictwo.ug.edu.pl\/en\/wp-json\/wp\/v2\/rodzaj?post=45969"},{"taxonomy":"seria","embeddable":true,"href":"https:\/\/wydawnictwo.ug.edu.pl\/en\/wp-json\/wp\/v2\/seria?post=45969"},{"taxonomy":"product_brand","embeddable":true,"href":"https:\/\/wydawnictwo.ug.edu.pl\/en\/wp-json\/wp\/v2\/product_brand?post=45969"},{"taxonomy":"product_cat","embeddable":true,"href":"https:\/\/wydawnictwo.ug.edu.pl\/en\/wp-json\/wp\/v2\/product_cat?post=45969"},{"taxonomy":"product_tag","embeddable":true,"href":"https:\/\/wydawnictwo.ug.edu.pl\/en\/wp-json\/wp\/v2\/product_tag?post=45969"}],"curies":[{"name":"wp","href":"https:\/\/api.w.org\/{rel}","templated":true}]}}