{"id":45968,"date":"2025-01-11T12:11:28","date_gmt":"2025-01-11T12:11:28","guid":{"rendered":"https:\/\/wydawnictwo.ug.edu.pl\/ksiegarnia-online\/uncategorized\/biografia-mezczyzny-formy-meskosci-w-pisarstwie-tadeusza-rozewicza\/"},"modified":"2026-02-11T12:34:13","modified_gmt":"2026-02-11T12:34:13","slug":"biografia-mezczyzny-formy-meskosci-w-pisarstwie-tadeusza-rozewicza","status":"publish","type":"product","link":"https:\/\/wydawnictwo.ug.edu.pl\/en\/ksiegarnia-online\/literaturoznawstwo\/biografia-mezczyzny-formy-meskosci-w-pisarstwie-tadeusza-rozewicza\/","title":{"rendered":"BIOgrafia m\u0119\u017cczyzny. Formy m\u0119sko\u015bci w pisarstwie Tadeusza R\u00f3\u017cewicza"},"content":{"rendered":"","protected":false},"excerpt":{"rendered":"<p>Krystian Maciej Tomala podj\u0105\u0142 w swojej ksi\u0105\u017cce temat, kt\u00f3ry, co by\u0142o wiado\u00adme ju\u017c od pewnego czasu, czeka\u0142 na ambitnego i kompetentnego badacza, mianowicie \u2013 odczytanie tw\u00f3rczo\u015bci Tadeusza R\u00f3\u017cewicza z perspektywy studi\u00f3w m\u0119skich. To zagadnienie z kilku przynajmniej powod\u00f3w wydawa\u0142o si\u0119 wyj\u0105tkowo wymagaj\u0105cym i trudnym w realizacji wyzwaniem badawczym. Po pierwsze, dotyczy autora aktywnego tw\u00f3rczo i nieprzerwanie przez osiem\u00addziesi\u0105t lat, a zarazem \u015bwiadka i swoistego komentatora najwa\u017cniejszych dla Europy w XX i na pocz\u0105tku XXI wieku wydarze\u0144 historycznych oraz przemian spo\u0142eczno-kulturowych. Po drugie, mamy do czynienia z tw\u00f3rczo\u015bci\u0105, kt\u00f3r\u0105 charakteryzuje r\u00f3\u017cnorodno\u015b\u0107 nie tylko tematyczna, ale tak\u017ce rodzajowa i gatunkowa. Trzeba umie\u0107 interpretowa\u0107 i uzgadnia\u0107 ze sob\u0105 poezj\u0119, proz\u0119, dramat, autokomentarze, epistolografi\u0119. Po trzecie, temat m\u0119sko\u015bci jest oczywi\u015bcie obecny w dzie\u0142ach R\u00f3\u017cewicza, ale raczej na spos\u00f3b implikowany ni\u017c eksplikowany, co wymaga od badacza wyj\u0105tkowej interpretacyjnej przeni\u00adkliwo\u015bci i umiej\u0119tno\u015bci precyzyjnego pos\u0142ugiwania si\u0119 narz\u0119dziami s\u0142u\u017c\u0105cymi analizie tekst\u00f3w literackich. Autor niniejszej publikacji z powy\u017cszego zadania wywi\u0105za\u0142 si\u0119 znakomicie. Jego ksi\u0105\u017cka o m\u0119sko\u015bci wpisanej w literack\u0105 BIO\u00adgrafi\u0119 Tadeusza R\u00f3\u017cewicza staje w rz\u0119dzie najwa\u017cniejszych prac naukowych dotycz\u0105cych tw\u00f3rczo\u015bci tego autora. A zarazem stanowi przyk\u0142ad wzorcowej rozprawy literaturoznawczej wykorzystuj\u0105cej metodologiczne uj\u0119cia i narz\u0119dzia wypracowane przez studia nad m\u0119sko\u015bciami.<\/p>\n<p style=\"text-align: right;\">\u00a0<em>Z recenzji dr. hab. Tomasza Tomasika, prof. UP w S\u0142upsku<\/em><\/p>\n","protected":false},"featured_media":31340,"template":"","meta":{"_acf_changed":false},"journal":[],"rodzaj":[7074],"seria":[],"product_brand":[],"product_cat":[6925],"product_tag":[7498],"class_list":{"0":"post-45968","1":"product","2":"type-product","3":"status-publish","4":"has-post-thumbnail","6":"rodzaj-ksiazki","7":"product_cat-literaturoznawstwo","8":"product_tag-krystian-maciej-tomala","10":"first","11":"instock","12":"taxable","13":"shipping-taxable","14":"purchasable","15":"product-type-simple"},"acf":[],"_links":{"self":[{"href":"https:\/\/wydawnictwo.ug.edu.pl\/en\/wp-json\/wp\/v2\/product\/45968","targetHints":{"allow":["GET"]}}],"collection":[{"href":"https:\/\/wydawnictwo.ug.edu.pl\/en\/wp-json\/wp\/v2\/product"}],"about":[{"href":"https:\/\/wydawnictwo.ug.edu.pl\/en\/wp-json\/wp\/v2\/types\/product"}],"wp:featuredmedia":[{"embeddable":true,"href":"https:\/\/wydawnictwo.ug.edu.pl\/en\/wp-json\/wp\/v2\/media\/31340"}],"wp:attachment":[{"href":"https:\/\/wydawnictwo.ug.edu.pl\/en\/wp-json\/wp\/v2\/media?parent=45968"}],"wp:term":[{"taxonomy":"journal","embeddable":true,"href":"https:\/\/wydawnictwo.ug.edu.pl\/en\/wp-json\/wp\/v2\/journal?post=45968"},{"taxonomy":"rodzaj","embeddable":true,"href":"https:\/\/wydawnictwo.ug.edu.pl\/en\/wp-json\/wp\/v2\/rodzaj?post=45968"},{"taxonomy":"seria","embeddable":true,"href":"https:\/\/wydawnictwo.ug.edu.pl\/en\/wp-json\/wp\/v2\/seria?post=45968"},{"taxonomy":"product_brand","embeddable":true,"href":"https:\/\/wydawnictwo.ug.edu.pl\/en\/wp-json\/wp\/v2\/product_brand?post=45968"},{"taxonomy":"product_cat","embeddable":true,"href":"https:\/\/wydawnictwo.ug.edu.pl\/en\/wp-json\/wp\/v2\/product_cat?post=45968"},{"taxonomy":"product_tag","embeddable":true,"href":"https:\/\/wydawnictwo.ug.edu.pl\/en\/wp-json\/wp\/v2\/product_tag?post=45968"}],"curies":[{"name":"wp","href":"https:\/\/api.w.org\/{rel}","templated":true}]}}