{"id":45966,"date":"2025-01-14T11:47:41","date_gmt":"2025-01-14T11:47:41","guid":{"rendered":"https:\/\/wydawnictwo.ug.edu.pl\/ksiegarnia-online\/uncategorized\/sztuczna-inteligencja-i-etyka-w-sektorze-finansowym\/"},"modified":"2026-02-11T12:34:07","modified_gmt":"2026-02-11T12:34:07","slug":"sztuczna-inteligencja-i-etyka-w-sektorze-finansowym","status":"publish","type":"product","link":"https:\/\/wydawnictwo.ug.edu.pl\/en\/ksiegarnia-online\/zarzadzanie\/sztuczna-inteligencja-i-etyka-w-sektorze-finansowym\/","title":{"rendered":"Sztuczna inteligencja i etyka w sektorze finansowym"},"content":{"rendered":"","protected":false},"excerpt":{"rendered":"<p>\u201eKsi\u0105\u017cka <em>Sztuczna inteligencja i etyka w sektorze finansowym <\/em>to rozbudo\u00adwane i interdyscyplinarne opracowanie, w kt\u00f3rym w przyst\u0119pny spos\u00f3b przedstawiono skomplikowane zagadnienia zwi\u0105zane z zastosowaniem sztucznej inteligencji w sektorze finansowym. Autorka nie ograniczy\u0142a si\u0119 do analizy technologicznych aspekt\u00f3w rozwoju SI, lecz tak\u017ce ukaza\u0142a, jak technologie te wp\u0142ywaj\u0105 na r\u00f3\u017cne obszary \u017cycia spo\u0142eczno-gospo\u00addarczego. Wnikliwie om\u00f3wi\u0142a r\u00f3wnie\u017c kwestie dotycz\u0105ce irracjonalno\u015bci w systemach sztucznej inteligencji oraz znaczenie ludzkiego cia\u0142a i umy\u00ads\u0142u w procesach poznawczych. Publikacja ta stanowi kompendium wie\u00addzy na temat zastosowania sztucznej inteligencji w sektorze finansowym, a zarazem inspiruj\u0105c\u0105 lektur\u0119, kt\u00f3ra sk\u0142ania do refleksji nad przysz\u0142o\u015bci\u0105 technologii oraz jej wp\u0142ywem na nasze \u017cycie. Dzie\u0142o to warto poleci\u0107 ka\u017cdemu, kto chce zrozumie\u0107, jak technologia SI kszta\u0142tuje przysz\u0142o\u015b\u0107 finans\u00f3w i jakie wyzwania stoj\u0105 przed uczestnikami rynku finansowego\u201d.<\/p>\n<p style=\"text-align: right;\"><em>Z recenzji prof. dr hab. Anny Szel\u0105gowskiej<\/em><\/p>\n","protected":false},"featured_media":31393,"template":"","meta":{"_acf_changed":false},"journal":[],"rodzaj":[7074],"seria":[],"product_brand":[],"product_cat":[6942],"product_tag":[7496],"class_list":{"0":"post-45966","1":"product","2":"type-product","3":"status-publish","4":"has-post-thumbnail","6":"rodzaj-ksiazki","7":"product_cat-zarzadzanie","8":"product_tag-elzbieta-ostrowskaelzbieta-ostrowska","10":"first","11":"instock","12":"taxable","13":"shipping-taxable","14":"purchasable","15":"product-type-simple"},"acf":[],"_links":{"self":[{"href":"https:\/\/wydawnictwo.ug.edu.pl\/en\/wp-json\/wp\/v2\/product\/45966","targetHints":{"allow":["GET"]}}],"collection":[{"href":"https:\/\/wydawnictwo.ug.edu.pl\/en\/wp-json\/wp\/v2\/product"}],"about":[{"href":"https:\/\/wydawnictwo.ug.edu.pl\/en\/wp-json\/wp\/v2\/types\/product"}],"wp:featuredmedia":[{"embeddable":true,"href":"https:\/\/wydawnictwo.ug.edu.pl\/en\/wp-json\/wp\/v2\/media\/31393"}],"wp:attachment":[{"href":"https:\/\/wydawnictwo.ug.edu.pl\/en\/wp-json\/wp\/v2\/media?parent=45966"}],"wp:term":[{"taxonomy":"journal","embeddable":true,"href":"https:\/\/wydawnictwo.ug.edu.pl\/en\/wp-json\/wp\/v2\/journal?post=45966"},{"taxonomy":"rodzaj","embeddable":true,"href":"https:\/\/wydawnictwo.ug.edu.pl\/en\/wp-json\/wp\/v2\/rodzaj?post=45966"},{"taxonomy":"seria","embeddable":true,"href":"https:\/\/wydawnictwo.ug.edu.pl\/en\/wp-json\/wp\/v2\/seria?post=45966"},{"taxonomy":"product_brand","embeddable":true,"href":"https:\/\/wydawnictwo.ug.edu.pl\/en\/wp-json\/wp\/v2\/product_brand?post=45966"},{"taxonomy":"product_cat","embeddable":true,"href":"https:\/\/wydawnictwo.ug.edu.pl\/en\/wp-json\/wp\/v2\/product_cat?post=45966"},{"taxonomy":"product_tag","embeddable":true,"href":"https:\/\/wydawnictwo.ug.edu.pl\/en\/wp-json\/wp\/v2\/product_tag?post=45966"}],"curies":[{"name":"wp","href":"https:\/\/api.w.org\/{rel}","templated":true}]}}