{"id":45965,"date":"2025-01-23T09:56:25","date_gmt":"2025-01-23T09:56:25","guid":{"rendered":"https:\/\/wydawnictwo.ug.edu.pl\/ksiegarnia-online\/uncategorized\/max-toeppen-1822-1893-historyk-filolog-dyrektor-gimnazjalny\/"},"modified":"2026-02-11T12:34:04","modified_gmt":"2026-02-11T12:34:04","slug":"max-toeppen-1822-1893-historyk-filolog-dyrektor-gimnazjalny","status":"publish","type":"product","link":"https:\/\/wydawnictwo.ug.edu.pl\/en\/ksiegarnia-online\/biografie\/max-toeppen-1822-1893-historyk-filolog-dyrektor-gimnazjalny\/","title":{"rendered":"Max Toeppen (1822\u20131893). Historyk, filolog, dyrektor gimnazjalny"},"content":{"rendered":"","protected":false},"excerpt":{"rendered":"<p>Wyb\u00f3r postaci Maxa Toeppena i jego dokona\u0144 naukowych jako przedmiotu bada\u0144 wydaje si\u0119 jak najbardziej celowy. Napisa\u0142em \u201epostaci\u201d, gdy\u017c praca profesora Miros\u0142awa Ossowskiego nie przynosi jedynie analizy tw\u00f3rczo\u015bci pruskiego historyka. Dorobek naukowy zosta\u0142 bowiem przedstawiony w szerokim kontek\u015bcie ca\u0142ego \u017cycia Toeppena. Mo\u017cna stwierdzi\u0107, \u017ce jest to analityczne studium dzia\u0142alno\u015bci przedstawiciela pruskiej klasy \u015bredniej w \u00f3wczesnym systemie naukowym i o\u015bwiatowym. Do tej pory zajmowano si\u0119 Toeppenem g\u0142\u00f3wnie jako naukowcem, nie omawiano bardziej szczeg\u00f3\u0142owo jego pracy pedagogicznej. W ksi\u0105\u017cce zaprezentowano biografi\u0119 autora <em>Historii Mazur<\/em>, od rozpocz\u0119cia nauki w szkole \u015bredniej po kolejne etapy \u017cycia zawodowego, a\u017c do emerytury. Na tym tle zosta\u0142 ukazany jego dorobek naukowy. Takie uj\u0119cie tematyki uwa\u017cam za istotny walor recenzowanej monografii, poniewa\u017c jej autor nie ograniczy\u0142 si\u0119 do analizy dzie\u0142 tw\u00f3rcy, a przedstawi\u0142 go jako cz\u0142owieka. Z tekstu wy\u0142ania si\u0119 do\u015b\u0107 szczeg\u00f3\u0142owy obraz pewnego fragmentu epoki, gdy\u017c profesor Ossowski przybli\u017ca nam dzia\u0142anie \u00f3wczesnego systemu o\u015bwiaty na szczeblu wy\u017cszym, funkcjonowanie gimnazj\u00f3w, stosowane w\u00f3wczas metody dydaktyczne, a tak\u017ce nastroje i stosunki panuj\u0105ce w gronie pedagogicznym, jego reakcje (w tym oczywi\u015bcie i naszego bohatera) na rozgrywaj\u0105ce si\u0119 wtedy wydarzenia.<\/p>\n<p style=\"text-align: right;\"><em>Z recenzji wydawniczej prof. dr. hab. Grzegorza Jasi\u0144skiego<\/em><\/p>\n","protected":false},"featured_media":31516,"template":"","meta":{"_acf_changed":false},"journal":[],"rodzaj":[2602],"seria":[],"product_brand":[],"product_cat":[7013],"product_tag":[2503],"class_list":{"0":"post-45965","1":"product","2":"type-product","3":"status-publish","4":"has-post-thumbnail","6":"rodzaj-ksiazki","7":"product_cat-biografie","8":"product_tag-miroslaw-ossowski","10":"first","11":"instock","12":"taxable","13":"shipping-taxable","14":"purchasable","15":"product-type-simple"},"acf":[],"_links":{"self":[{"href":"https:\/\/wydawnictwo.ug.edu.pl\/en\/wp-json\/wp\/v2\/product\/45965","targetHints":{"allow":["GET"]}}],"collection":[{"href":"https:\/\/wydawnictwo.ug.edu.pl\/en\/wp-json\/wp\/v2\/product"}],"about":[{"href":"https:\/\/wydawnictwo.ug.edu.pl\/en\/wp-json\/wp\/v2\/types\/product"}],"wp:featuredmedia":[{"embeddable":true,"href":"https:\/\/wydawnictwo.ug.edu.pl\/en\/wp-json\/wp\/v2\/media\/31516"}],"wp:attachment":[{"href":"https:\/\/wydawnictwo.ug.edu.pl\/en\/wp-json\/wp\/v2\/media?parent=45965"}],"wp:term":[{"taxonomy":"journal","embeddable":true,"href":"https:\/\/wydawnictwo.ug.edu.pl\/en\/wp-json\/wp\/v2\/journal?post=45965"},{"taxonomy":"rodzaj","embeddable":true,"href":"https:\/\/wydawnictwo.ug.edu.pl\/en\/wp-json\/wp\/v2\/rodzaj?post=45965"},{"taxonomy":"seria","embeddable":true,"href":"https:\/\/wydawnictwo.ug.edu.pl\/en\/wp-json\/wp\/v2\/seria?post=45965"},{"taxonomy":"product_brand","embeddable":true,"href":"https:\/\/wydawnictwo.ug.edu.pl\/en\/wp-json\/wp\/v2\/product_brand?post=45965"},{"taxonomy":"product_cat","embeddable":true,"href":"https:\/\/wydawnictwo.ug.edu.pl\/en\/wp-json\/wp\/v2\/product_cat?post=45965"},{"taxonomy":"product_tag","embeddable":true,"href":"https:\/\/wydawnictwo.ug.edu.pl\/en\/wp-json\/wp\/v2\/product_tag?post=45965"}],"curies":[{"name":"wp","href":"https:\/\/api.w.org\/{rel}","templated":true}]}}