{"id":45960,"date":"2025-01-31T13:15:39","date_gmt":"2025-01-31T13:15:39","guid":{"rendered":"https:\/\/wydawnictwo.ug.edu.pl\/ksiegarnia-online\/uncategorized\/behawioralne-uwarunkowania-podejmowania-decyzji-o-dobrowolnych-oszczednosciach-na-cele-emerytalne-w-polsce\/"},"modified":"2026-03-09T08:22:33","modified_gmt":"2026-03-09T08:22:33","slug":"behawioralne-uwarunkowania-podejmowania-decyzji-o-dobrowolnych-oszczednosciach-na-cele-emerytalne-w-polsce","status":"publish","type":"product","link":"https:\/\/wydawnictwo.ug.edu.pl\/en\/ksiegarnia-online\/ekonomia\/behawioralne-uwarunkowania-podejmowania-decyzji-o-dobrowolnych-oszczednosciach-na-cele-emerytalne-w-polsce\/","title":{"rendered":"Behawioralne uwarunkowania podejmowania decyzji o dobrowolnych oszcz\u0119dno\u015bciach na cele emerytalne w Polsce"},"content":{"rendered":"","protected":false},"excerpt":{"rendered":"<p>Ksi\u0105\u017cka ma na celu wyja\u015bnienie z\u0142o\u017cono\u015bci problematyki emerytalnej i wk\u0142adu, jaki ekonomia behawioralna mo\u017ce wnie\u015b\u0107 w zmienianie architektury systemu, kt\u00f3ry zapewni godziwe warunki \u017cycia obecnym i przysz\u0142ym emerytom. Chc\u0105c jednak skutecznie projektowa\u0107 interwencje behawioralne, trzeba g\u0142\u0119biej pozna\u0107 czynniki behawioralne, na kt\u00f3re takie interwencje maj\u0105 wp\u0142yw. Osi\u0105 zainteresowa\u0144 badawczych Autorki by\u0142a w\u0142a\u015bnie diagnoza czynnik\u00f3w behawioralnych, kt\u00f3re determinuj\u0105 podejmowanie decyzji o oszcz\u0119dzaniu d\u0142ugoterminowym na cele emerytalne.<\/p>\n","protected":false},"featured_media":31622,"template":"","meta":{"_acf_changed":false},"journal":[],"rodzaj":[7074],"seria":[],"product_brand":[],"product_cat":[6934],"product_tag":[7491],"class_list":{"0":"post-45960","1":"product","2":"type-product","3":"status-publish","4":"has-post-thumbnail","6":"rodzaj-ksiazki","7":"product_cat-ekonomia","8":"product_tag-agata-olechnowicz-szewczyk","10":"first","11":"instock","12":"taxable","13":"shipping-taxable","14":"purchasable","15":"product-type-simple"},"acf":[],"_links":{"self":[{"href":"https:\/\/wydawnictwo.ug.edu.pl\/en\/wp-json\/wp\/v2\/product\/45960","targetHints":{"allow":["GET"]}}],"collection":[{"href":"https:\/\/wydawnictwo.ug.edu.pl\/en\/wp-json\/wp\/v2\/product"}],"about":[{"href":"https:\/\/wydawnictwo.ug.edu.pl\/en\/wp-json\/wp\/v2\/types\/product"}],"wp:featuredmedia":[{"embeddable":true,"href":"https:\/\/wydawnictwo.ug.edu.pl\/en\/wp-json\/wp\/v2\/media\/31622"}],"wp:attachment":[{"href":"https:\/\/wydawnictwo.ug.edu.pl\/en\/wp-json\/wp\/v2\/media?parent=45960"}],"wp:term":[{"taxonomy":"journal","embeddable":true,"href":"https:\/\/wydawnictwo.ug.edu.pl\/en\/wp-json\/wp\/v2\/journal?post=45960"},{"taxonomy":"rodzaj","embeddable":true,"href":"https:\/\/wydawnictwo.ug.edu.pl\/en\/wp-json\/wp\/v2\/rodzaj?post=45960"},{"taxonomy":"seria","embeddable":true,"href":"https:\/\/wydawnictwo.ug.edu.pl\/en\/wp-json\/wp\/v2\/seria?post=45960"},{"taxonomy":"product_brand","embeddable":true,"href":"https:\/\/wydawnictwo.ug.edu.pl\/en\/wp-json\/wp\/v2\/product_brand?post=45960"},{"taxonomy":"product_cat","embeddable":true,"href":"https:\/\/wydawnictwo.ug.edu.pl\/en\/wp-json\/wp\/v2\/product_cat?post=45960"},{"taxonomy":"product_tag","embeddable":true,"href":"https:\/\/wydawnictwo.ug.edu.pl\/en\/wp-json\/wp\/v2\/product_tag?post=45960"}],"curies":[{"name":"wp","href":"https:\/\/api.w.org\/{rel}","templated":true}]}}