{"id":45959,"date":"2025-02-04T12:21:41","date_gmt":"2025-02-04T12:21:41","guid":{"rendered":"https:\/\/wydawnictwo.ug.edu.pl\/ksiegarnia-online\/uncategorized\/dydaktyka-akademicka-w-opiniach-nauczycielek-i-nauczycieli-akademickich-uniwersytetu-gdanskiego\/"},"modified":"2026-02-11T12:32:58","modified_gmt":"2026-02-11T12:32:58","slug":"dydaktyka-akademicka-w-opiniach-nauczycielek-i-nauczycieli-akademickich-uniwersytetu-gdanskiego","status":"publish","type":"product","link":"https:\/\/wydawnictwo.ug.edu.pl\/en\/ksiegarnia-online\/pedagogika-i-psychologia\/dydaktyka-akademicka-w-opiniach-nauczycielek-i-nauczycieli-akademickich-uniwersytetu-gdanskiego\/","title":{"rendered":"Dydaktyka akademicka w opiniach nauczycielek i nauczycieli akademickich Uniwersytetu Gda\u0144skiego"},"content":{"rendered":"","protected":false},"excerpt":{"rendered":"<p>Uniwersytety wsp\u00f3\u0142czesne, podobnie jak dawniej, s\u0105 oazami rozumnego o\u015bwiecenia, co oznacza przede wszystkim ich zdolno\u015b\u0107 do samookre\u015blania si\u0119, odpowiedzialno\u015bci za przekaz, a tak\u017ce tworzenie nowej wiedzy oraz prawo do wsp\u00f3\u0142decydowania o najistotniejszych kwestiach dotycz\u0105cych z\u0307ycia spo\u0142ecznego i wsp\u00f3\u0142bycia z innymi. Dlatego tez\u0307 prace\u0328 autorstwa Jaros\u0142awa Jendzy i Beaty Karpin\u0301skiej-Musia\u0142 uznaje\u0328 za dzie\u0142o potrzebne, istotne poznawczo, a przy tym \u2013 ze wzgl\u0119du na aktualno\u015b\u0107 danych empirycznych \u2013 interesuj\u0105ce i poruszaj\u0105ce obecne problemy jako\u015bci kszta\u0142cenia w uczelniach wy\u017cszych. (\u2026) Ksi\u0105\u017ck\u0119 (\u2026) warto przeczytac\u0301, by uzmys\u0142owi\u0107 sobie na przyk\u0142adzie studium przypadku Uniwersytetu Gda\u0144skiego liczne prawid\u0142owo\u015bci dotycz\u0105ce jako\u015bci pracy akademickiej w innych polskich uczelniach, a tak\u017ce mechanizmy administracyjne, psychologiczne i pedagogiczne kszta\u0142tuj\u0105ce odczuwanie satysfakcji z zawodu nauczyciela akademickiego.<\/p>\n<p style=\"text-align: right;\"><em>Z recenzji prof. dr hab. Renaty Nowakowskiej-Siuty<\/em><\/p>\n","protected":false},"featured_media":31655,"template":"","meta":{"_acf_changed":false},"journal":[],"rodzaj":[7074],"seria":[],"product_brand":[],"product_cat":[7007],"product_tag":[7490],"class_list":{"0":"post-45959","1":"product","2":"type-product","3":"status-publish","4":"has-post-thumbnail","6":"rodzaj-ksiazki","7":"product_cat-pedagogika-i-psychologia","8":"product_tag-jaroslaw-jendzajaroslaw-jendza","10":"first","11":"instock","12":"taxable","13":"shipping-taxable","14":"purchasable","15":"product-type-simple"},"acf":[],"_links":{"self":[{"href":"https:\/\/wydawnictwo.ug.edu.pl\/en\/wp-json\/wp\/v2\/product\/45959","targetHints":{"allow":["GET"]}}],"collection":[{"href":"https:\/\/wydawnictwo.ug.edu.pl\/en\/wp-json\/wp\/v2\/product"}],"about":[{"href":"https:\/\/wydawnictwo.ug.edu.pl\/en\/wp-json\/wp\/v2\/types\/product"}],"wp:featuredmedia":[{"embeddable":true,"href":"https:\/\/wydawnictwo.ug.edu.pl\/en\/wp-json\/wp\/v2\/media\/31655"}],"wp:attachment":[{"href":"https:\/\/wydawnictwo.ug.edu.pl\/en\/wp-json\/wp\/v2\/media?parent=45959"}],"wp:term":[{"taxonomy":"journal","embeddable":true,"href":"https:\/\/wydawnictwo.ug.edu.pl\/en\/wp-json\/wp\/v2\/journal?post=45959"},{"taxonomy":"rodzaj","embeddable":true,"href":"https:\/\/wydawnictwo.ug.edu.pl\/en\/wp-json\/wp\/v2\/rodzaj?post=45959"},{"taxonomy":"seria","embeddable":true,"href":"https:\/\/wydawnictwo.ug.edu.pl\/en\/wp-json\/wp\/v2\/seria?post=45959"},{"taxonomy":"product_brand","embeddable":true,"href":"https:\/\/wydawnictwo.ug.edu.pl\/en\/wp-json\/wp\/v2\/product_brand?post=45959"},{"taxonomy":"product_cat","embeddable":true,"href":"https:\/\/wydawnictwo.ug.edu.pl\/en\/wp-json\/wp\/v2\/product_cat?post=45959"},{"taxonomy":"product_tag","embeddable":true,"href":"https:\/\/wydawnictwo.ug.edu.pl\/en\/wp-json\/wp\/v2\/product_tag?post=45959"}],"curies":[{"name":"wp","href":"https:\/\/api.w.org\/{rel}","templated":true}]}}