{"id":45958,"date":"2025-02-06T11:07:56","date_gmt":"2025-02-06T11:07:56","guid":{"rendered":"https:\/\/wydawnictwo.ug.edu.pl\/ksiegarnia-online\/uncategorized\/rosyjska-utopia-literacka-w-xviii-i-pierwszej-polowie-xix-wieku\/"},"modified":"2026-02-11T12:32:33","modified_gmt":"2026-02-11T12:32:33","slug":"rosyjska-utopia-literacka-w-xviii-i-pierwszej-polowie-xix-wieku","status":"publish","type":"product","link":"https:\/\/wydawnictwo.ug.edu.pl\/en\/ksiegarnia-online\/literaturoznawstwo\/rosyjska-utopia-literacka-w-xviii-i-pierwszej-polowie-xix-wieku\/","title":{"rendered":"Rosyjska utopia literacka w XVIII i pierwszej po\u0142owie XIX wieku"},"content":{"rendered":"","protected":false},"excerpt":{"rendered":"<p>Przek\u0142ad, wst\u0119p i opracowanie naukowe: Diana Obole\u0144ska<\/p>\n<p>Tom z serii \u201eBibliotheca Utopiana\u201d zatytu\u0142owany <em>Rosyjska utopia literacka w XVIII i pierwszej po\u0142owie XIX wieku<\/em> zawiera reprezentatywne teksty rosyjskiej literatury utopijnej. Cz\u0119\u015b\u0107 z nich po raz pierwszy ukazuje si\u0119 w polskim przek\u0142adzie z opracowaniem naukowym. W XVIII wieku rosyjska utopia literacka, wzorem form zachodnich, zakorzenia si\u0119 w \u015bwiadomo\u015bci rodzimego czytelnika. Historia rozwoju utopii wi\u0105za\u0142a si\u0119 tu z procesem europeizacji pa\u0144stwa i zmian\u0105 paradygmatu kulturowego, kt\u00f3ry ujawni\u0142 nowe podej\u015bcie w sferach: spo\u0142ecznej, politycznej, kulturowej, o\u015bwiatowej i innych. W pierwszej po\u0142owie XIX wieku jednym z czynnik\u00f3w dalszego rozwoju rosyjskich literackich tekst\u00f3w utopijnych b\u0119dzie historyzm pojmowany jako ukszta\u0142towany ju\u017c w\u00f3wczas paradygmat naukowy, jako pole my\u015bli filozoficznej \u2013 historiozofii, i jako dokonuj\u0105ce si\u0119 na oczach wsp\u00f3\u0142czesnych fundamentalne zmiany historyczne.<\/p>\n<p>Seria Bibliotheca Utopiana II<\/p>\n","protected":false},"featured_media":31688,"template":"","meta":{"_acf_changed":false},"journal":[],"rodzaj":[7074,7076],"seria":[7080],"product_brand":[],"product_cat":[6925],"product_tag":[7457],"class_list":{"0":"post-45958","1":"product","2":"type-product","3":"status-publish","4":"has-post-thumbnail","6":"rodzaj-ksiazki","7":"rodzaj-serie-wydawnicze","8":"seria-bibliotheca-utopiana-ii","9":"product_cat-literaturoznawstwo","10":"product_tag-liliana-kalitaliliana-kalita","12":"first","13":"instock","14":"taxable","15":"shipping-taxable","16":"purchasable","17":"product-type-simple"},"acf":[],"_links":{"self":[{"href":"https:\/\/wydawnictwo.ug.edu.pl\/en\/wp-json\/wp\/v2\/product\/45958","targetHints":{"allow":["GET"]}}],"collection":[{"href":"https:\/\/wydawnictwo.ug.edu.pl\/en\/wp-json\/wp\/v2\/product"}],"about":[{"href":"https:\/\/wydawnictwo.ug.edu.pl\/en\/wp-json\/wp\/v2\/types\/product"}],"wp:featuredmedia":[{"embeddable":true,"href":"https:\/\/wydawnictwo.ug.edu.pl\/en\/wp-json\/wp\/v2\/media\/31688"}],"wp:attachment":[{"href":"https:\/\/wydawnictwo.ug.edu.pl\/en\/wp-json\/wp\/v2\/media?parent=45958"}],"wp:term":[{"taxonomy":"journal","embeddable":true,"href":"https:\/\/wydawnictwo.ug.edu.pl\/en\/wp-json\/wp\/v2\/journal?post=45958"},{"taxonomy":"rodzaj","embeddable":true,"href":"https:\/\/wydawnictwo.ug.edu.pl\/en\/wp-json\/wp\/v2\/rodzaj?post=45958"},{"taxonomy":"seria","embeddable":true,"href":"https:\/\/wydawnictwo.ug.edu.pl\/en\/wp-json\/wp\/v2\/seria?post=45958"},{"taxonomy":"product_brand","embeddable":true,"href":"https:\/\/wydawnictwo.ug.edu.pl\/en\/wp-json\/wp\/v2\/product_brand?post=45958"},{"taxonomy":"product_cat","embeddable":true,"href":"https:\/\/wydawnictwo.ug.edu.pl\/en\/wp-json\/wp\/v2\/product_cat?post=45958"},{"taxonomy":"product_tag","embeddable":true,"href":"https:\/\/wydawnictwo.ug.edu.pl\/en\/wp-json\/wp\/v2\/product_tag?post=45958"}],"curies":[{"name":"wp","href":"https:\/\/api.w.org\/{rel}","templated":true}]}}