{"id":45957,"date":"2025-02-11T10:23:13","date_gmt":"2025-02-11T10:23:13","guid":{"rendered":"https:\/\/wydawnictwo.ug.edu.pl\/ksiegarnia-online\/uncategorized\/nazewnictwo-roslin-leczniczych\/"},"modified":"2026-02-11T12:32:31","modified_gmt":"2026-02-11T12:32:31","slug":"nazewnictwo-roslin-leczniczych","status":"publish","type":"product","link":"https:\/\/wydawnictwo.ug.edu.pl\/en\/ksiegarnia-online\/przekladoznawstwo\/nazewnictwo-roslin-leczniczych\/","title":{"rendered":"Nazewnictwo ro\u015blin leczniczych"},"content":{"rendered":"","protected":false},"excerpt":{"rendered":"<p><em>Nazewnictwo ro\u015blin leczniczych. Onomazjologiczne modele nominacji j\u0119zykowej w binominalnych nazwach gatunk\u00f3w ro\u015blin w j\u0119zykach polskim i rosyjskim w por\u00f3wnaniu z \u0142aci\u0144sk\u0105 nomenklatur\u0105 naukow\u0105<\/em><\/p>\n<p>Rozprawa habilitacyjna dr Wandy Stec jest po\u015bwi\u0119cona bardzo istotnemu naukowo i pragmatycznie zagadnieniu leksykalnemu, a mianowicie nazewnictwu ro\u015blin o przeznaczeniu leczniczym. Tematyka badawcza zosta\u0142a przedstawiona w uj\u0119ciu konfrontatywnym i interdyscyplinarnym. Dotyczy aktualnego stanu nazewnictwa botanicznego w por\u00f3wnywanych j\u0119zykach (uj\u0119cie synchroniczne). Niew\u0105tpliw\u0105 zalet\u0105 opracowania jest samo podj\u0119cie tak trudnego tematu. Solidna i warto\u015bciowa poznawczo jest tez baza \u017ar\u00f3d\u0142owo-materia\u0142owa pracy. Wychodz\u0105c z przyj\u0119tych za\u0142o\u017ce\u0144 teoretyczno-metodologicznych, autorka osi\u0105gn\u0119\u0142a cele badawcze w wyznaczonym zakresie: dokona\u0142a systemowego opisu wybranego zasobu leksykalnego, przeprowadzi\u0142a na obszernym materiale analiz\u0119 semantyczn\u0105 (przy jednolitej binominalnej strukturze obiekt\u00f3w bada\u0144), kt\u00f3ra sta\u0142a si\u0119 podstaw\u0105 do ustalenia tendencji wskazuj\u0105cych cz\u0119stotliwo\u015b\u0107 wyst\u0119powania okre\u015blonych modeli onomazjologicznych nazw ro\u015blin leczniczych w trzech j\u0119zykach (polskim, rosyjskim, \u0142aci\u0144skim). Podj\u0119ta przez autork\u0119 pr\u00f3ba uwzgl\u0119dnienia wymiaru socjolingwistycznego i pragmatycznego, czyli perspektywy antropologicznej, nada\u0142a przeprowadzonym badaniom g\u0142\u0119bszy sens humanistyczny.<\/p>\n<p style=\"text-align: right;\"><em>Z recenzji prof. dr hab. Leonardy Dacewicz<\/em><\/p>\n","protected":false},"featured_media":31801,"template":"","meta":{"_acf_changed":false},"journal":[],"rodzaj":[7074],"seria":[],"product_brand":[],"product_cat":[6926],"product_tag":[7489],"class_list":{"0":"post-45957","1":"product","2":"type-product","3":"status-publish","4":"has-post-thumbnail","6":"rodzaj-ksiazki","7":"product_cat-przekladoznawstwo","8":"product_tag-wanda-stecwanda-stec","10":"first","11":"instock","12":"taxable","13":"shipping-taxable","14":"purchasable","15":"product-type-simple"},"acf":[],"_links":{"self":[{"href":"https:\/\/wydawnictwo.ug.edu.pl\/en\/wp-json\/wp\/v2\/product\/45957","targetHints":{"allow":["GET"]}}],"collection":[{"href":"https:\/\/wydawnictwo.ug.edu.pl\/en\/wp-json\/wp\/v2\/product"}],"about":[{"href":"https:\/\/wydawnictwo.ug.edu.pl\/en\/wp-json\/wp\/v2\/types\/product"}],"wp:featuredmedia":[{"embeddable":true,"href":"https:\/\/wydawnictwo.ug.edu.pl\/en\/wp-json\/wp\/v2\/media\/31801"}],"wp:attachment":[{"href":"https:\/\/wydawnictwo.ug.edu.pl\/en\/wp-json\/wp\/v2\/media?parent=45957"}],"wp:term":[{"taxonomy":"journal","embeddable":true,"href":"https:\/\/wydawnictwo.ug.edu.pl\/en\/wp-json\/wp\/v2\/journal?post=45957"},{"taxonomy":"rodzaj","embeddable":true,"href":"https:\/\/wydawnictwo.ug.edu.pl\/en\/wp-json\/wp\/v2\/rodzaj?post=45957"},{"taxonomy":"seria","embeddable":true,"href":"https:\/\/wydawnictwo.ug.edu.pl\/en\/wp-json\/wp\/v2\/seria?post=45957"},{"taxonomy":"product_brand","embeddable":true,"href":"https:\/\/wydawnictwo.ug.edu.pl\/en\/wp-json\/wp\/v2\/product_brand?post=45957"},{"taxonomy":"product_cat","embeddable":true,"href":"https:\/\/wydawnictwo.ug.edu.pl\/en\/wp-json\/wp\/v2\/product_cat?post=45957"},{"taxonomy":"product_tag","embeddable":true,"href":"https:\/\/wydawnictwo.ug.edu.pl\/en\/wp-json\/wp\/v2\/product_tag?post=45957"}],"curies":[{"name":"wp","href":"https:\/\/api.w.org\/{rel}","templated":true}]}}