{"id":45956,"date":"2025-02-11T10:37:46","date_gmt":"2025-02-11T10:37:46","guid":{"rendered":"https:\/\/wydawnictwo.ug.edu.pl\/ksiegarnia-online\/uncategorized\/ibage-2024-nr-43-challenges-innovations-and-opportunities-in-the-era-of-globalization-and-industry-4-0\/"},"modified":"2026-02-18T11:39:49","modified_gmt":"2026-02-18T11:39:49","slug":"ibage-2024-nr-43-challenges-innovations-and-opportunities-in-the-era-of-globalization-and-industry-4-0","status":"publish","type":"product","link":"https:\/\/wydawnictwo.ug.edu.pl\/en\/ksiegarnia-online\/ekonomia\/ibage-2024-nr-43-challenges-innovations-and-opportunities-in-the-era-of-globalization-and-industry-4-0\/","title":{"rendered":"IBAGE 2024, nr 43. Challenges, innovations and opportunities in the era of globalization and industry 4.0"},"content":{"rendered":"","protected":false},"excerpt":{"rendered":"<p>Czasopismo \u201eInternational Business and Global Economy\u201d po\u015bwi\u0119cone jest problemom wsp\u00f3\u0142czesnej gospodarki \u015bwiatowej. Prezentowana tematyka obejmuje zagadnienia dotycz\u0105ce rozwoju rynku mi\u0119dzynarodowego, organizacji i zarz\u0105dzania procesami gospodarczymi oraz funkcjonowania rynk\u00f3w finansowych.<\/p>\n","protected":false},"featured_media":31806,"template":"","meta":{"_acf_changed":false},"journal":[7133],"rodzaj":[7077],"seria":[],"product_brand":[],"product_cat":[6934],"product_tag":[7488],"class_list":{"0":"post-45956","1":"product","2":"type-product","3":"status-publish","4":"has-post-thumbnail","6":"journal-international-business-and-global-economy","7":"rodzaj-czasopismo","8":"product_cat-ekonomia","9":"product_tag-dariusz-tloczynski","11":"first","12":"instock","13":"taxable","14":"shipping-taxable","15":"product-type-external"},"acf":[],"_links":{"self":[{"href":"https:\/\/wydawnictwo.ug.edu.pl\/en\/wp-json\/wp\/v2\/product\/45956","targetHints":{"allow":["GET"]}}],"collection":[{"href":"https:\/\/wydawnictwo.ug.edu.pl\/en\/wp-json\/wp\/v2\/product"}],"about":[{"href":"https:\/\/wydawnictwo.ug.edu.pl\/en\/wp-json\/wp\/v2\/types\/product"}],"wp:featuredmedia":[{"embeddable":true,"href":"https:\/\/wydawnictwo.ug.edu.pl\/en\/wp-json\/wp\/v2\/media\/31806"}],"wp:attachment":[{"href":"https:\/\/wydawnictwo.ug.edu.pl\/en\/wp-json\/wp\/v2\/media?parent=45956"}],"wp:term":[{"taxonomy":"journal","embeddable":true,"href":"https:\/\/wydawnictwo.ug.edu.pl\/en\/wp-json\/wp\/v2\/journal?post=45956"},{"taxonomy":"rodzaj","embeddable":true,"href":"https:\/\/wydawnictwo.ug.edu.pl\/en\/wp-json\/wp\/v2\/rodzaj?post=45956"},{"taxonomy":"seria","embeddable":true,"href":"https:\/\/wydawnictwo.ug.edu.pl\/en\/wp-json\/wp\/v2\/seria?post=45956"},{"taxonomy":"product_brand","embeddable":true,"href":"https:\/\/wydawnictwo.ug.edu.pl\/en\/wp-json\/wp\/v2\/product_brand?post=45956"},{"taxonomy":"product_cat","embeddable":true,"href":"https:\/\/wydawnictwo.ug.edu.pl\/en\/wp-json\/wp\/v2\/product_cat?post=45956"},{"taxonomy":"product_tag","embeddable":true,"href":"https:\/\/wydawnictwo.ug.edu.pl\/en\/wp-json\/wp\/v2\/product_tag?post=45956"}],"curies":[{"name":"wp","href":"https:\/\/api.w.org\/{rel}","templated":true}]}}