{"id":45953,"date":"2025-02-17T07:39:32","date_gmt":"2025-02-17T07:39:32","guid":{"rendered":"https:\/\/wydawnictwo.ug.edu.pl\/ksiegarnia-online\/uncategorized\/e-dobroczynnosc-osob-w-wieku-60-w-polsce-wobec-rozwoju-ict\/"},"modified":"2026-02-11T12:32:19","modified_gmt":"2026-02-11T12:32:19","slug":"e-dobroczynnosc-osob-w-wieku-60-w-polsce-wobec-rozwoju-ict","status":"publish","type":"product","link":"https:\/\/wydawnictwo.ug.edu.pl\/en\/ksiegarnia-online\/ekonomia\/e-dobroczynnosc-osob-w-wieku-60-w-polsce-wobec-rozwoju-ict\/","title":{"rendered":"E-dobroczynno\u015b\u0107 os\u00f3b w wieku 60+ w Polsce wobec rozwoju ICT"},"content":{"rendered":"","protected":false},"excerpt":{"rendered":"<p>Monografia dotyczy zagadnienia <em>silver economy<\/em> we wsp\u00f3\u0142czesnej gospodarce. Zaprezentowano w niej oryginalne wyniki bada\u0144 w zakresie identyfikacji zjawiska e-dobroczynno\u015bci os\u00f3b w wieku 60+ w kontek\u015bcie rozwoju technologii informacyjno-komunikacyjnych (ICT). Badaniami ilo\u015bciowymi technik\u0105 CAWI obj\u0119to 512 senior\u00f3w w Polsce. Wyniki opracowano za pomoc\u0105 statystyki opisowej i przedstawiono graficznie. W publikacji sformu\u0142owano kierunki i rekomendacje dla kszta\u0142towania polityki senioralnej w Polsce na rzecz zaanga\u017cowania os\u00f3b starszych w dzia\u0142ania charytatywne w \u015bwiecie cyfrowym.<\/p>\n<p>\u201eAutorki podj\u0119\u0142y niezwykle wa\u017cny i oryginalny temat wykorzystania (\u2026) nowych narz\u0119dzi technologicznych w procesach zwi\u0105zanych z dobroczynno\u015bci\u0105. Opracowanie ma zar\u00f3wno charakter badania eksploracyjnego (\u2026), jak r\u00f3wnie\u017c zawiera istotny komponent analiz ilo\u015bciowych (\u2026). Wyniki przeprowadzonych bada\u0144 mog\u0105 stanowi\u0107 punkt odniesienia dla szerokiej grupy interesariuszy: zaczynaj\u0105c od samych starszych os\u00f3b doros\u0142ych, poprzez instytucje tzw. trzeciego sektora, a\u017c po ustawodawc\u00f3w i administracj\u0119 pa\u0144stwow\u0105, tworz\u0105cych warunki rozwoju dzia\u0142alno\u015bci charytatywnej i spo\u0142ecze\u0144stwa obywatelskiego\u201d.<\/p>\n<p style=\"text-align: right;\"><em>Z recenzji dr Anny Golec, CFA<\/em><\/p>\n","protected":false},"featured_media":31963,"template":"","meta":{"_acf_changed":false},"journal":[],"rodzaj":[7074],"seria":[],"product_brand":[],"product_cat":[6934],"product_tag":[7485,7486,7487],"class_list":{"0":"post-45953","1":"product","2":"type-product","3":"status-publish","4":"has-post-thumbnail","6":"rodzaj-ksiazki","7":"product_cat-ekonomia","8":"product_tag-monika-grottelmonika-grottel","9":"product_tag-sylwia-badowskasylwia-badowska","10":"product_tag-sylwia-pangsy-kaniasylwia-pangsy-kania","12":"first","13":"instock","14":"taxable","15":"shipping-taxable","16":"product-type-simple"},"acf":[],"_links":{"self":[{"href":"https:\/\/wydawnictwo.ug.edu.pl\/en\/wp-json\/wp\/v2\/product\/45953","targetHints":{"allow":["GET"]}}],"collection":[{"href":"https:\/\/wydawnictwo.ug.edu.pl\/en\/wp-json\/wp\/v2\/product"}],"about":[{"href":"https:\/\/wydawnictwo.ug.edu.pl\/en\/wp-json\/wp\/v2\/types\/product"}],"wp:featuredmedia":[{"embeddable":true,"href":"https:\/\/wydawnictwo.ug.edu.pl\/en\/wp-json\/wp\/v2\/media\/31963"}],"wp:attachment":[{"href":"https:\/\/wydawnictwo.ug.edu.pl\/en\/wp-json\/wp\/v2\/media?parent=45953"}],"wp:term":[{"taxonomy":"journal","embeddable":true,"href":"https:\/\/wydawnictwo.ug.edu.pl\/en\/wp-json\/wp\/v2\/journal?post=45953"},{"taxonomy":"rodzaj","embeddable":true,"href":"https:\/\/wydawnictwo.ug.edu.pl\/en\/wp-json\/wp\/v2\/rodzaj?post=45953"},{"taxonomy":"seria","embeddable":true,"href":"https:\/\/wydawnictwo.ug.edu.pl\/en\/wp-json\/wp\/v2\/seria?post=45953"},{"taxonomy":"product_brand","embeddable":true,"href":"https:\/\/wydawnictwo.ug.edu.pl\/en\/wp-json\/wp\/v2\/product_brand?post=45953"},{"taxonomy":"product_cat","embeddable":true,"href":"https:\/\/wydawnictwo.ug.edu.pl\/en\/wp-json\/wp\/v2\/product_cat?post=45953"},{"taxonomy":"product_tag","embeddable":true,"href":"https:\/\/wydawnictwo.ug.edu.pl\/en\/wp-json\/wp\/v2\/product_tag?post=45953"}],"curies":[{"name":"wp","href":"https:\/\/api.w.org\/{rel}","templated":true}]}}