{"id":45952,"date":"2025-02-17T09:12:00","date_gmt":"2025-02-17T09:12:00","guid":{"rendered":"https:\/\/wydawnictwo.ug.edu.pl\/ksiegarnia-online\/uncategorized\/metodyka-ograniczania-marnotrawstwa-w-projektach-it\/"},"modified":"2026-02-11T12:32:18","modified_gmt":"2026-02-11T12:32:18","slug":"metodyka-ograniczania-marnotrawstwa-w-projektach-it","status":"publish","type":"product","link":"https:\/\/wydawnictwo.ug.edu.pl\/en\/ksiegarnia-online\/zarzadzanie\/metodyka-ograniczania-marnotrawstwa-w-projektach-it\/","title":{"rendered":"Metodyka ograniczania marnotrawstwa w projektach IT"},"content":{"rendered":"","protected":false},"excerpt":{"rendered":"<p>G\u0142\u00f3wnym problemem badawczym, kt\u00f3ry uzasadnia realizacj\u0119 bada\u0144 podj\u0119tych w monografii, jest (\u2026) fakt ci\u0105gle niskiej efektywno\u015bci projekt\u00f3w rozwoju oprogramowania oraz kluczowej roli technologii cyfrowych we wsp\u00f3\u0142czesnej gospodarce, co jednocze\u015bnie zwi\u0119ksza rol\u0119 projekt\u00f3w IT i sprawno\u015bci ich realizacji. Niska efektywno\u015b\u0107 projekt\u00f3w przejawia si\u0119 nieosi\u0105gni\u0119ciem lub niepe\u0142nym osi\u0105gni\u0119ciem zak\u0142adanych rezultat\u00f3w projektu lub\/i nieutrzymaniem zak\u0142adanej wydajno\u015bci w uj\u0119ciu nak\u0142ad\u00f3w, np. przekroczeniem czasu realizacji i bud\u017cetu projektu. W ten spos\u00f3b nieefektywno\u015b\u0107 mo\u017ce oznacza\u0107 brak skuteczno\u015bci \u2013 nieosi\u0105gni\u0119cie planowanych rezultat\u00f3w i\/lub obni\u017con\u0105 wydajno\u015b\u0107, tj. wyst\u0105pienie zbyt du\u017cych nak\u0142ad\u00f3w w stosunku do zak\u0142adanych przychod\u00f3w, a wi\u0119c strat, kt\u00f3re mog\u0105 r\u00f3wnie\u017c wynika\u0107 z marnotrawstwa.<\/p>\n","protected":false},"featured_media":31967,"template":"","meta":{"_acf_changed":false},"journal":[],"rodzaj":[2602],"seria":[],"product_brand":[],"product_cat":[268],"product_tag":[2537],"class_list":{"0":"post-45952","1":"product","2":"type-product","3":"status-publish","4":"has-post-thumbnail","6":"rodzaj-ksiazki","7":"product_cat-zarzadzanie","8":"product_tag-piotr-sycz","10":"first","11":"instock","12":"taxable","13":"shipping-taxable","14":"purchasable","15":"product-type-simple"},"acf":[],"_links":{"self":[{"href":"https:\/\/wydawnictwo.ug.edu.pl\/en\/wp-json\/wp\/v2\/product\/45952","targetHints":{"allow":["GET"]}}],"collection":[{"href":"https:\/\/wydawnictwo.ug.edu.pl\/en\/wp-json\/wp\/v2\/product"}],"about":[{"href":"https:\/\/wydawnictwo.ug.edu.pl\/en\/wp-json\/wp\/v2\/types\/product"}],"wp:featuredmedia":[{"embeddable":true,"href":"https:\/\/wydawnictwo.ug.edu.pl\/en\/wp-json\/wp\/v2\/media\/31967"}],"wp:attachment":[{"href":"https:\/\/wydawnictwo.ug.edu.pl\/en\/wp-json\/wp\/v2\/media?parent=45952"}],"wp:term":[{"taxonomy":"journal","embeddable":true,"href":"https:\/\/wydawnictwo.ug.edu.pl\/en\/wp-json\/wp\/v2\/journal?post=45952"},{"taxonomy":"rodzaj","embeddable":true,"href":"https:\/\/wydawnictwo.ug.edu.pl\/en\/wp-json\/wp\/v2\/rodzaj?post=45952"},{"taxonomy":"seria","embeddable":true,"href":"https:\/\/wydawnictwo.ug.edu.pl\/en\/wp-json\/wp\/v2\/seria?post=45952"},{"taxonomy":"product_brand","embeddable":true,"href":"https:\/\/wydawnictwo.ug.edu.pl\/en\/wp-json\/wp\/v2\/product_brand?post=45952"},{"taxonomy":"product_cat","embeddable":true,"href":"https:\/\/wydawnictwo.ug.edu.pl\/en\/wp-json\/wp\/v2\/product_cat?post=45952"},{"taxonomy":"product_tag","embeddable":true,"href":"https:\/\/wydawnictwo.ug.edu.pl\/en\/wp-json\/wp\/v2\/product_tag?post=45952"}],"curies":[{"name":"wp","href":"https:\/\/api.w.org\/{rel}","templated":true}]}}