{"id":45950,"date":"2025-02-24T13:35:51","date_gmt":"2025-02-24T13:35:51","guid":{"rendered":"https:\/\/wydawnictwo.ug.edu.pl\/ksiegarnia-online\/uncategorized\/etnografia-praktyki-teorie-doswiadczenia-nr-9\/"},"modified":"2026-02-11T12:32:12","modified_gmt":"2026-02-11T12:32:12","slug":"etnografia-praktyki-teorie-doswiadczenia-nr-9","status":"publish","type":"product","link":"https:\/\/wydawnictwo.ug.edu.pl\/en\/ksiegarnia-online\/etnologia-i-antropologia-kulturowa\/etnografia-praktyki-teorie-doswiadczenia-nr-9\/","title":{"rendered":"Etnografia. Praktyki, Teorie, Do\u015bwiadczenia. Nr 9"},"content":{"rendered":"","protected":false},"excerpt":{"rendered":"<p>Etnografia. Praktyki, teorie, do\u015bwiadczenia. Nr 9. Antropologie dzieci\u0144stwa<\/p>\n<p>Pismo jest nakierowane na to, co zwi\u0105zane z badaniami terenowymi w antropologii kulturowej i dyscyplinach pokrewnych. Interesuj\u0105 nas teksty, kt\u00f3re b\u0119d\u0105 zdawa\u0107 spraw\u0119 z do\u015bwiadcze\u0144, studi\u00f3w, refleksji nad wsp\u00f3\u0142czesn\u0105 praktyk\u0105 etnograficzn\u0105, a zw\u0142aszcza te, kt\u00f3re k\u0142ad\u0105 nacisk na cielesno\u015b\u0107 oraz do\u015bwiadczenie i procesualno\u015b\u0107 poznania etnograficznego. Celem stawianym przed czasopismem jest \u0142\u0105czenie wsp\u00f3\u0142czesnej praktyki badawczej oraz refleksji nad ni\u0105 z prac\u0105 teoretyczn\u0105 antropologii kulturowej i dyscyplin pokrewnych.<\/p>\n","protected":false},"featured_media":31681,"template":"","meta":{"_acf_changed":false},"journal":[7073],"rodzaj":[7075,7077],"seria":[],"product_brand":[],"product_cat":[6970],"product_tag":[7482,7483],"class_list":{"0":"post-45950","1":"product","2":"type-product","3":"status-publish","4":"has-post-thumbnail","6":"journal-etnografia-praktyki-teorie-doswiadczenia","7":"rodzaj-e-book","8":"rodzaj-czasopismo","9":"product_cat-etnologia-i-antropologia-kulturowa","10":"product_tag-anna-witeska-mlynarczyk","11":"product_tag-ewa-maciejewska-mroczek","13":"first","14":"instock","15":"taxable","16":"shipping-taxable","17":"product-type-external"},"acf":[],"_links":{"self":[{"href":"https:\/\/wydawnictwo.ug.edu.pl\/en\/wp-json\/wp\/v2\/product\/45950","targetHints":{"allow":["GET"]}}],"collection":[{"href":"https:\/\/wydawnictwo.ug.edu.pl\/en\/wp-json\/wp\/v2\/product"}],"about":[{"href":"https:\/\/wydawnictwo.ug.edu.pl\/en\/wp-json\/wp\/v2\/types\/product"}],"wp:featuredmedia":[{"embeddable":true,"href":"https:\/\/wydawnictwo.ug.edu.pl\/en\/wp-json\/wp\/v2\/media\/31681"}],"wp:attachment":[{"href":"https:\/\/wydawnictwo.ug.edu.pl\/en\/wp-json\/wp\/v2\/media?parent=45950"}],"wp:term":[{"taxonomy":"journal","embeddable":true,"href":"https:\/\/wydawnictwo.ug.edu.pl\/en\/wp-json\/wp\/v2\/journal?post=45950"},{"taxonomy":"rodzaj","embeddable":true,"href":"https:\/\/wydawnictwo.ug.edu.pl\/en\/wp-json\/wp\/v2\/rodzaj?post=45950"},{"taxonomy":"seria","embeddable":true,"href":"https:\/\/wydawnictwo.ug.edu.pl\/en\/wp-json\/wp\/v2\/seria?post=45950"},{"taxonomy":"product_brand","embeddable":true,"href":"https:\/\/wydawnictwo.ug.edu.pl\/en\/wp-json\/wp\/v2\/product_brand?post=45950"},{"taxonomy":"product_cat","embeddable":true,"href":"https:\/\/wydawnictwo.ug.edu.pl\/en\/wp-json\/wp\/v2\/product_cat?post=45950"},{"taxonomy":"product_tag","embeddable":true,"href":"https:\/\/wydawnictwo.ug.edu.pl\/en\/wp-json\/wp\/v2\/product_tag?post=45950"}],"curies":[{"name":"wp","href":"https:\/\/api.w.org\/{rel}","templated":true}]}}