{"id":45949,"date":"2025-02-25T12:04:18","date_gmt":"2025-02-25T12:04:18","guid":{"rendered":"https:\/\/wydawnictwo.ug.edu.pl\/ksiegarnia-online\/uncategorized\/horyzonty-edukacji-w-dobie-sztucznej-inteligencji\/"},"modified":"2026-02-10T15:49:21","modified_gmt":"2026-02-10T15:49:21","slug":"horyzonty-edukacji-w-dobie-sztucznej-inteligencji","status":"publish","type":"product","link":"https:\/\/wydawnictwo.ug.edu.pl\/en\/ksiegarnia-online\/pedagogika-i-psychologia\/horyzonty-edukacji-w-dobie-sztucznej-inteligencji\/","title":{"rendered":"Horyzonty edukacji w dobie sztucznej inteligencji"},"content":{"rendered":"","protected":false},"excerpt":{"rendered":"<p>\u201eW dobie intensywnych zmian spo\u0142ecznych, edukacyjnych, kulturowych oraz technologicznych, kt\u00f3re przenikaj\u0105 si\u0105 z poczuciem du\u017cej niepewno\u015bci funkcjonowania cz\u0142owieka w r\u00f3\u017cnych obszarach \u017cycia, w tym r\u00f3wnie\u017c w obszarze edukacji, szczeg\u00f3lnego znaczenia nabiera dyskusja nad nowymi sposobami kszta\u0142cenia.<\/p>\n<p>Liczne problemy zwi\u0105zane ze wskazanym tematem sk\u0142oni\u0142y Redaktork\u0119 publikacji do \u201ewyznaczenia granicy\u201d mi\u0119dzy obecnym kszta\u0142tem edukacji, a kszta\u0142tem edukacji opartej na sztucznej inteligencji. W publikacji, kt\u00f3rej Autorkami i Autorami s\u0105 studenci pedagogiki Uniwersytetu Gda\u0144skiego znajduj\u0105 si\u0119 prace o charakterze teoretycznym, empirycznym oraz zwi\u0105zanym z praktyk\u0105 edukacyjn\u0105\u201d.<\/p>\n<p style=\"text-align: right;\"><em>Z recenzji dr. hab. Tomasza Huka, prof. U\u015a<\/em><\/p>\n","protected":false},"featured_media":32032,"template":"","meta":{"_acf_changed":false},"journal":[],"rodzaj":[7074],"seria":[],"product_brand":[],"product_cat":[7007],"product_tag":[7481],"class_list":{"0":"post-45949","1":"product","2":"type-product","3":"status-publish","4":"has-post-thumbnail","6":"rodzaj-ksiazki","7":"product_cat-pedagogika-i-psychologia","8":"product_tag-grazyna-penkowska","10":"first","11":"instock","12":"taxable","13":"shipping-taxable","14":"product-type-simple"},"acf":[],"_links":{"self":[{"href":"https:\/\/wydawnictwo.ug.edu.pl\/en\/wp-json\/wp\/v2\/product\/45949","targetHints":{"allow":["GET"]}}],"collection":[{"href":"https:\/\/wydawnictwo.ug.edu.pl\/en\/wp-json\/wp\/v2\/product"}],"about":[{"href":"https:\/\/wydawnictwo.ug.edu.pl\/en\/wp-json\/wp\/v2\/types\/product"}],"wp:featuredmedia":[{"embeddable":true,"href":"https:\/\/wydawnictwo.ug.edu.pl\/en\/wp-json\/wp\/v2\/media\/32032"}],"wp:attachment":[{"href":"https:\/\/wydawnictwo.ug.edu.pl\/en\/wp-json\/wp\/v2\/media?parent=45949"}],"wp:term":[{"taxonomy":"journal","embeddable":true,"href":"https:\/\/wydawnictwo.ug.edu.pl\/en\/wp-json\/wp\/v2\/journal?post=45949"},{"taxonomy":"rodzaj","embeddable":true,"href":"https:\/\/wydawnictwo.ug.edu.pl\/en\/wp-json\/wp\/v2\/rodzaj?post=45949"},{"taxonomy":"seria","embeddable":true,"href":"https:\/\/wydawnictwo.ug.edu.pl\/en\/wp-json\/wp\/v2\/seria?post=45949"},{"taxonomy":"product_brand","embeddable":true,"href":"https:\/\/wydawnictwo.ug.edu.pl\/en\/wp-json\/wp\/v2\/product_brand?post=45949"},{"taxonomy":"product_cat","embeddable":true,"href":"https:\/\/wydawnictwo.ug.edu.pl\/en\/wp-json\/wp\/v2\/product_cat?post=45949"},{"taxonomy":"product_tag","embeddable":true,"href":"https:\/\/wydawnictwo.ug.edu.pl\/en\/wp-json\/wp\/v2\/product_tag?post=45949"}],"curies":[{"name":"wp","href":"https:\/\/api.w.org\/{rel}","templated":true}]}}