{"id":45948,"date":"2025-02-25T12:15:54","date_gmt":"2025-02-25T12:15:54","guid":{"rendered":"https:\/\/wydawnictwo.ug.edu.pl\/ksiegarnia-online\/uncategorized\/zasady-pisowni-kaszubskiej-a-ich-odbicie-w-pracach-doroslych-uczestnikow-dyktanda-kaszubskiego\/"},"modified":"2026-02-10T15:49:19","modified_gmt":"2026-02-10T15:49:19","slug":"zasady-pisowni-kaszubskiej-a-ich-odbicie-w-pracach-doroslych-uczestnikow-dyktanda-kaszubskiego","status":"publish","type":"product","link":"https:\/\/wydawnictwo.ug.edu.pl\/en\/ksiegarnia-online\/jezykoznawstwo\/zasady-pisowni-kaszubskiej-a-ich-odbicie-w-pracach-doroslych-uczestnikow-dyktanda-kaszubskiego\/","title":{"rendered":"Zasady pisowni kaszubskiej a ich odbicie w pracach doros\u0142ych uczestnik\u00f3w Dyktanda Kaszubskiego"},"content":{"rendered":"","protected":false},"excerpt":{"rendered":"<p>Ksi\u0105\u017cka Joanny Ginter, napisana bardzo sprawnym j\u0119zykiem, ukazuje dzieje kszta\u0142towania si\u0119 kaszubskiej pisowni do 2024 roku i na tle tej problematyki przedstawia ocen\u0119 jej znajomo\u015bci w pracach doros\u0142ych uczestnik\u00f3w Dyktanda Kaszubskiego z lat 2017-2019. B\u0142\u0119dy ortograficzne, pope\u0142nione w dyktandach, s\u0105 odpowiednio poklasyfikowane i scharakteryzowane pod wzgl\u0119dem statystycznym. Z publikacji tej powinni korzysta\u0107 nauczyciele j\u0119zyka kaszubskiego, redaktorzy wydawnictw kaszubskich, dziennikarze i mi\u0142o\u015bnicy kaszubszczyzny.<\/p>\n<p style=\"text-align: right;\"><em>Z recenzji prof. dr. hab. Tadeusza Lewaszkiewicza<\/em><\/p>\n","protected":false},"featured_media":32037,"template":"","meta":{"_acf_changed":false},"journal":[],"rodzaj":[7074],"seria":[],"product_brand":[],"product_cat":[6924],"product_tag":[7480],"class_list":{"0":"post-45948","1":"product","2":"type-product","3":"status-publish","4":"has-post-thumbnail","6":"rodzaj-ksiazki","7":"product_cat-jezykoznawstwo","8":"product_tag-joanna-ginterjoanna-ginter","10":"first","11":"instock","12":"taxable","13":"shipping-taxable","14":"purchasable","15":"product-type-simple"},"acf":[],"_links":{"self":[{"href":"https:\/\/wydawnictwo.ug.edu.pl\/en\/wp-json\/wp\/v2\/product\/45948","targetHints":{"allow":["GET"]}}],"collection":[{"href":"https:\/\/wydawnictwo.ug.edu.pl\/en\/wp-json\/wp\/v2\/product"}],"about":[{"href":"https:\/\/wydawnictwo.ug.edu.pl\/en\/wp-json\/wp\/v2\/types\/product"}],"wp:featuredmedia":[{"embeddable":true,"href":"https:\/\/wydawnictwo.ug.edu.pl\/en\/wp-json\/wp\/v2\/media\/32037"}],"wp:attachment":[{"href":"https:\/\/wydawnictwo.ug.edu.pl\/en\/wp-json\/wp\/v2\/media?parent=45948"}],"wp:term":[{"taxonomy":"journal","embeddable":true,"href":"https:\/\/wydawnictwo.ug.edu.pl\/en\/wp-json\/wp\/v2\/journal?post=45948"},{"taxonomy":"rodzaj","embeddable":true,"href":"https:\/\/wydawnictwo.ug.edu.pl\/en\/wp-json\/wp\/v2\/rodzaj?post=45948"},{"taxonomy":"seria","embeddable":true,"href":"https:\/\/wydawnictwo.ug.edu.pl\/en\/wp-json\/wp\/v2\/seria?post=45948"},{"taxonomy":"product_brand","embeddable":true,"href":"https:\/\/wydawnictwo.ug.edu.pl\/en\/wp-json\/wp\/v2\/product_brand?post=45948"},{"taxonomy":"product_cat","embeddable":true,"href":"https:\/\/wydawnictwo.ug.edu.pl\/en\/wp-json\/wp\/v2\/product_cat?post=45948"},{"taxonomy":"product_tag","embeddable":true,"href":"https:\/\/wydawnictwo.ug.edu.pl\/en\/wp-json\/wp\/v2\/product_tag?post=45948"}],"curies":[{"name":"wp","href":"https:\/\/api.w.org\/{rel}","templated":true}]}}