{"id":45946,"date":"2025-03-03T14:01:08","date_gmt":"2025-03-03T14:01:08","guid":{"rendered":"https:\/\/wydawnictwo.ug.edu.pl\/ksiegarnia-online\/uncategorized\/studia-germanica-gedanensia-50-51-linguistische-literatur-und-translationswissenschaftliche-zugange\/"},"modified":"2026-02-10T15:49:15","modified_gmt":"2026-02-10T15:49:15","slug":"studia-germanica-gedanensia-50-51-linguistische-literatur-und-translationswissenschaftliche-zugange","status":"publish","type":"product","link":"https:\/\/wydawnictwo.ug.edu.pl\/en\/ksiegarnia-online\/jezykoznawstwo\/studia-germanica-gedanensia-50-51-linguistische-literatur-und-translationswissenschaftliche-zugange\/","title":{"rendered":"Studia Germanica Gedanensia 50\/51. Linguistische, literatur- und translationswissenschaftliche Zug\u00e4nge"},"content":{"rendered":"","protected":false},"excerpt":{"rendered":"<p>Czasopismo \u201eStudia Germanica Gedanensia\u201d ma za zadanie prezentowa\u0107 wyniki oryginalnych bada\u0144 z zakresu filologii germa\u0144skiej. Szczeg\u00f3lnym znaczeniem zosta\u0142y obj\u0119te takie obszary badawcze, jak: historia literatury niemieckiej i komparatystyka literacka, literatura regionalna, lingwistyka stosowana i germanistyczna, lingwistyka kontrastywna, kontakty j\u0119zykowe i kulturowe w Europie \u015arodkowej, germanistyka interkulturowa, historia kultury niemieckiej, czy polsko-niemieckie relacje kulturowe.<\/p>\n","protected":false},"featured_media":31729,"template":"","meta":{"_acf_changed":false},"journal":[7069],"rodzaj":[7077],"seria":[],"product_brand":[],"product_cat":[6924,6925,6926],"product_tag":[7478],"class_list":{"0":"post-45946","1":"product","2":"type-product","3":"status-publish","4":"has-post-thumbnail","6":"journal-studia-germanica-gedanensia","7":"rodzaj-czasopismo","8":"product_cat-jezykoznawstwo","9":"product_cat-literaturoznawstwo","10":"product_cat-przekladoznawstwo","11":"product_tag-katarzyna-lukas","13":"first","14":"instock","15":"taxable","16":"shipping-taxable","17":"purchasable","18":"product-type-simple"},"acf":[],"_links":{"self":[{"href":"https:\/\/wydawnictwo.ug.edu.pl\/en\/wp-json\/wp\/v2\/product\/45946","targetHints":{"allow":["GET"]}}],"collection":[{"href":"https:\/\/wydawnictwo.ug.edu.pl\/en\/wp-json\/wp\/v2\/product"}],"about":[{"href":"https:\/\/wydawnictwo.ug.edu.pl\/en\/wp-json\/wp\/v2\/types\/product"}],"wp:featuredmedia":[{"embeddable":true,"href":"https:\/\/wydawnictwo.ug.edu.pl\/en\/wp-json\/wp\/v2\/media\/31729"}],"wp:attachment":[{"href":"https:\/\/wydawnictwo.ug.edu.pl\/en\/wp-json\/wp\/v2\/media?parent=45946"}],"wp:term":[{"taxonomy":"journal","embeddable":true,"href":"https:\/\/wydawnictwo.ug.edu.pl\/en\/wp-json\/wp\/v2\/journal?post=45946"},{"taxonomy":"rodzaj","embeddable":true,"href":"https:\/\/wydawnictwo.ug.edu.pl\/en\/wp-json\/wp\/v2\/rodzaj?post=45946"},{"taxonomy":"seria","embeddable":true,"href":"https:\/\/wydawnictwo.ug.edu.pl\/en\/wp-json\/wp\/v2\/seria?post=45946"},{"taxonomy":"product_brand","embeddable":true,"href":"https:\/\/wydawnictwo.ug.edu.pl\/en\/wp-json\/wp\/v2\/product_brand?post=45946"},{"taxonomy":"product_cat","embeddable":true,"href":"https:\/\/wydawnictwo.ug.edu.pl\/en\/wp-json\/wp\/v2\/product_cat?post=45946"},{"taxonomy":"product_tag","embeddable":true,"href":"https:\/\/wydawnictwo.ug.edu.pl\/en\/wp-json\/wp\/v2\/product_tag?post=45946"}],"curies":[{"name":"wp","href":"https:\/\/api.w.org\/{rel}","templated":true}]}}