{"id":45945,"date":"2025-03-05T13:55:06","date_gmt":"2025-03-05T13:55:06","guid":{"rendered":"https:\/\/wydawnictwo.ug.edu.pl\/ksiegarnia-online\/uncategorized\/tygiel-skandynawistyczny-3\/"},"modified":"2026-02-10T15:49:12","modified_gmt":"2026-02-10T15:49:12","slug":"tygiel-skandynawistyczny-3","status":"publish","type":"product","link":"https:\/\/wydawnictwo.ug.edu.pl\/en\/ksiegarnia-online\/jezykoznawstwo\/tygiel-skandynawistyczny-3\/","title":{"rendered":"Tygiel Skandynawistyczny 3"},"content":{"rendered":"","protected":false},"excerpt":{"rendered":"<p><em>Tygiel Skandynawistyczny 3. Antologia studencko-doktorancka Instytutu Skandynawistyki i Fennistyki Uniwersytetu Gda\u0144skiego<\/em><\/p>\n<p>Region nordycki to obszar inspiruj\u0105cy i r\u00f3\u017cnorodny pod wzgl\u0119dem kulturowym i j\u0119zykowym \u2013 co pokazuj\u0105 w swoich artyku\u0142ach autorzy antologii. W zbiorze tekst\u00f3w m\u0142odzi badacze podejmuj\u0105 zagadnienia mi\u0119dzy innymi z dziedziny literaturoznawstwa, j\u0119zykoznawstwa, nauk o kulturze i nauk spo\u0142ecznych. Antologia powsta\u0142a jako efekt zainteresowa\u0144 badawczych doktorant\u00f3w, student\u00f3w i absolwent\u00f3w Instytutu Skandynawistyki i Fennistyki Uniwersytetu Gda\u0144skiego.<\/p>\n","protected":false},"featured_media":32130,"template":"","meta":{"_acf_changed":false},"journal":[],"rodzaj":[7074,7075,7076],"seria":[7119],"product_brand":[],"product_cat":[6924],"product_tag":[7475,7476,7477],"class_list":{"0":"post-45945","1":"product","2":"type-product","3":"status-publish","4":"has-post-thumbnail","6":"rodzaj-ksiazki","7":"rodzaj-e-book","8":"rodzaj-serie-wydawnicze","9":"seria-studia-polnocnoeuropejskie","10":"product_cat-jezykoznawstwo","11":"product_tag-alicja-szczudlinska","12":"product_tag-anna-a-prorok","13":"product_tag-anna-maria-jurgielewicz","15":"first","16":"instock","17":"taxable","18":"shipping-taxable","19":"purchasable","20":"product-type-external"},"acf":[],"_links":{"self":[{"href":"https:\/\/wydawnictwo.ug.edu.pl\/en\/wp-json\/wp\/v2\/product\/45945","targetHints":{"allow":["GET"]}}],"collection":[{"href":"https:\/\/wydawnictwo.ug.edu.pl\/en\/wp-json\/wp\/v2\/product"}],"about":[{"href":"https:\/\/wydawnictwo.ug.edu.pl\/en\/wp-json\/wp\/v2\/types\/product"}],"wp:featuredmedia":[{"embeddable":true,"href":"https:\/\/wydawnictwo.ug.edu.pl\/en\/wp-json\/wp\/v2\/media\/32130"}],"wp:attachment":[{"href":"https:\/\/wydawnictwo.ug.edu.pl\/en\/wp-json\/wp\/v2\/media?parent=45945"}],"wp:term":[{"taxonomy":"journal","embeddable":true,"href":"https:\/\/wydawnictwo.ug.edu.pl\/en\/wp-json\/wp\/v2\/journal?post=45945"},{"taxonomy":"rodzaj","embeddable":true,"href":"https:\/\/wydawnictwo.ug.edu.pl\/en\/wp-json\/wp\/v2\/rodzaj?post=45945"},{"taxonomy":"seria","embeddable":true,"href":"https:\/\/wydawnictwo.ug.edu.pl\/en\/wp-json\/wp\/v2\/seria?post=45945"},{"taxonomy":"product_brand","embeddable":true,"href":"https:\/\/wydawnictwo.ug.edu.pl\/en\/wp-json\/wp\/v2\/product_brand?post=45945"},{"taxonomy":"product_cat","embeddable":true,"href":"https:\/\/wydawnictwo.ug.edu.pl\/en\/wp-json\/wp\/v2\/product_cat?post=45945"},{"taxonomy":"product_tag","embeddable":true,"href":"https:\/\/wydawnictwo.ug.edu.pl\/en\/wp-json\/wp\/v2\/product_tag?post=45945"}],"curies":[{"name":"wp","href":"https:\/\/api.w.org\/{rel}","templated":true}]}}