{"id":45944,"date":"2025-03-17T10:46:02","date_gmt":"2025-03-17T10:46:02","guid":{"rendered":"https:\/\/wydawnictwo.ug.edu.pl\/ksiegarnia-online\/uncategorized\/gdanskie-studia-prawnicze-1-2025\/"},"modified":"2026-02-10T15:49:08","modified_gmt":"2026-02-10T15:49:08","slug":"gdanskie-studia-prawnicze-1-2025","status":"publish","type":"product","link":"https:\/\/wydawnictwo.ug.edu.pl\/en\/ksiegarnia-online\/prawo-i-administracja\/gdanskie-studia-prawnicze-1-2025\/","title":{"rendered":"Gda\u0144skie Studia Prawnicze 1(66)\/2025"},"content":{"rendered":"","protected":false},"excerpt":{"rendered":"<p>Gda\u0144skie Studia Prawnicze 1(66)\/2025: Aktualne problemy praw cz\u0142owieka<\/p>\n<p>\u201eGda\u0144skie Studia Prawnicze\u201d to czasopismo naukowe Wydzia\u0142u Prawa i Administracji Uniwersytetu Gda\u0144skiego, kt\u00f3re ukazuje si\u0119 pocz\u0105wszy od 1996 roku, stanowi\u0105c przestrze\u0144 dla upowszechniania osi\u0105gni\u0119\u0107 i wynik\u00f3w bada\u0144 z zakresu nauk prawnych. Wersja elektroniczna jest wersj\u0105 pierwotn\u0105 czasopisma.<\/p>\n<p><a href=\"https:\/\/gsp.ug.edu.pl\/index.php\/gdanskie_studia_prawnicze\/issue\/view\/838\">Wersja elektroniczna<\/a>.<\/p>\n","protected":false},"featured_media":32252,"template":"","meta":{"_acf_changed":false},"journal":[7062],"rodzaj":[7077],"seria":[],"product_brand":[],"product_cat":[6932],"product_tag":[7468,7474],"class_list":{"0":"post-45944","1":"product","2":"type-product","3":"status-publish","4":"has-post-thumbnail","6":"journal-gdanskie-studia-prawnicze","7":"rodzaj-czasopismo","8":"product_cat-prawo-i-administracja","9":"product_tag-hanna-suchocka","10":"product_tag-sebastian-sykuna","12":"first","13":"instock","14":"taxable","15":"shipping-taxable","16":"purchasable","17":"product-type-simple"},"acf":[],"_links":{"self":[{"href":"https:\/\/wydawnictwo.ug.edu.pl\/en\/wp-json\/wp\/v2\/product\/45944","targetHints":{"allow":["GET"]}}],"collection":[{"href":"https:\/\/wydawnictwo.ug.edu.pl\/en\/wp-json\/wp\/v2\/product"}],"about":[{"href":"https:\/\/wydawnictwo.ug.edu.pl\/en\/wp-json\/wp\/v2\/types\/product"}],"wp:featuredmedia":[{"embeddable":true,"href":"https:\/\/wydawnictwo.ug.edu.pl\/en\/wp-json\/wp\/v2\/media\/32252"}],"wp:attachment":[{"href":"https:\/\/wydawnictwo.ug.edu.pl\/en\/wp-json\/wp\/v2\/media?parent=45944"}],"wp:term":[{"taxonomy":"journal","embeddable":true,"href":"https:\/\/wydawnictwo.ug.edu.pl\/en\/wp-json\/wp\/v2\/journal?post=45944"},{"taxonomy":"rodzaj","embeddable":true,"href":"https:\/\/wydawnictwo.ug.edu.pl\/en\/wp-json\/wp\/v2\/rodzaj?post=45944"},{"taxonomy":"seria","embeddable":true,"href":"https:\/\/wydawnictwo.ug.edu.pl\/en\/wp-json\/wp\/v2\/seria?post=45944"},{"taxonomy":"product_brand","embeddable":true,"href":"https:\/\/wydawnictwo.ug.edu.pl\/en\/wp-json\/wp\/v2\/product_brand?post=45944"},{"taxonomy":"product_cat","embeddable":true,"href":"https:\/\/wydawnictwo.ug.edu.pl\/en\/wp-json\/wp\/v2\/product_cat?post=45944"},{"taxonomy":"product_tag","embeddable":true,"href":"https:\/\/wydawnictwo.ug.edu.pl\/en\/wp-json\/wp\/v2\/product_tag?post=45944"}],"curies":[{"name":"wp","href":"https:\/\/api.w.org\/{rel}","templated":true}]}}