{"id":45943,"date":"2025-03-20T14:10:50","date_gmt":"2025-03-20T14:10:50","guid":{"rendered":"https:\/\/wydawnictwo.ug.edu.pl\/ksiegarnia-online\/uncategorized\/nadanie-piotrowi-hofmanskiemu-tytulu-doktora-honoris-causa-uniwersytetu-gdanskiego\/"},"modified":"2026-02-10T15:49:05","modified_gmt":"2026-02-10T15:49:05","slug":"nadanie-piotrowi-hofmanskiemu-tytulu-doktora-honoris-causa-uniwersytetu-gdanskiego","status":"publish","type":"product","link":"https:\/\/wydawnictwo.ug.edu.pl\/en\/ksiegarnia-online\/varia\/nadanie-piotrowi-hofmanskiemu-tytulu-doktora-honoris-causa-uniwersytetu-gdanskiego\/","title":{"rendered":"Nadanie Piotrowi Hofma\u0144skiemu tytu\u0142u doktora honoris causa Uniwersytetu Gda\u0144skiego"},"content":{"rendered":"","protected":false},"excerpt":{"rendered":"<p><em>Nadanie Piotrowi Hofma\u0144skiemu tytu\u0142u doktora honoris causa Uniwersytetu Gda\u0144skiego. The Award of the title of Doctor Honoris Causa of the University of Gda\u0144sk to Piotr Hofma\u0144ski<\/em><\/p>\n","protected":false},"featured_media":32299,"template":"","meta":{"_acf_changed":false},"journal":[],"rodzaj":[7074],"seria":[],"product_brand":[],"product_cat":[6948],"product_tag":[7473],"class_list":{"0":"post-45943","1":"product","2":"type-product","3":"status-publish","4":"has-post-thumbnail","6":"rodzaj-ksiazki","7":"product_cat-varia","8":"product_tag-slawomir-steinborn","10":"first","11":"instock","12":"taxable","13":"shipping-taxable","14":"purchasable","15":"product-type-simple"},"acf":[],"_links":{"self":[{"href":"https:\/\/wydawnictwo.ug.edu.pl\/en\/wp-json\/wp\/v2\/product\/45943","targetHints":{"allow":["GET"]}}],"collection":[{"href":"https:\/\/wydawnictwo.ug.edu.pl\/en\/wp-json\/wp\/v2\/product"}],"about":[{"href":"https:\/\/wydawnictwo.ug.edu.pl\/en\/wp-json\/wp\/v2\/types\/product"}],"wp:featuredmedia":[{"embeddable":true,"href":"https:\/\/wydawnictwo.ug.edu.pl\/en\/wp-json\/wp\/v2\/media\/32299"}],"wp:attachment":[{"href":"https:\/\/wydawnictwo.ug.edu.pl\/en\/wp-json\/wp\/v2\/media?parent=45943"}],"wp:term":[{"taxonomy":"journal","embeddable":true,"href":"https:\/\/wydawnictwo.ug.edu.pl\/en\/wp-json\/wp\/v2\/journal?post=45943"},{"taxonomy":"rodzaj","embeddable":true,"href":"https:\/\/wydawnictwo.ug.edu.pl\/en\/wp-json\/wp\/v2\/rodzaj?post=45943"},{"taxonomy":"seria","embeddable":true,"href":"https:\/\/wydawnictwo.ug.edu.pl\/en\/wp-json\/wp\/v2\/seria?post=45943"},{"taxonomy":"product_brand","embeddable":true,"href":"https:\/\/wydawnictwo.ug.edu.pl\/en\/wp-json\/wp\/v2\/product_brand?post=45943"},{"taxonomy":"product_cat","embeddable":true,"href":"https:\/\/wydawnictwo.ug.edu.pl\/en\/wp-json\/wp\/v2\/product_cat?post=45943"},{"taxonomy":"product_tag","embeddable":true,"href":"https:\/\/wydawnictwo.ug.edu.pl\/en\/wp-json\/wp\/v2\/product_tag?post=45943"}],"curies":[{"name":"wp","href":"https:\/\/api.w.org\/{rel}","templated":true}]}}