{"id":45937,"date":"2025-04-04T08:09:58","date_gmt":"2025-04-04T08:09:58","guid":{"rendered":"https:\/\/wydawnictwo.ug.edu.pl\/ksiegarnia-online\/uncategorized\/kreowanie-sensow-w-komunikacji-internetowej-mem-stereotyp-mit\/"},"modified":"2026-02-10T15:48:52","modified_gmt":"2026-02-10T15:48:52","slug":"kreowanie-sensow-w-komunikacji-internetowej-mem-stereotyp-mit","status":"publish","type":"product","link":"https:\/\/wydawnictwo.ug.edu.pl\/en\/ksiegarnia-online\/jezykoznawstwo\/kreowanie-sensow-w-komunikacji-internetowej-mem-stereotyp-mit\/","title":{"rendered":"Kreowanie sens\u00f3w w komunikacji internetowej: mem, stereotyp, mit"},"content":{"rendered":"","protected":false},"excerpt":{"rendered":"<p>Zagadnienia wp\u0142ywu mem\u00f3w na kszta\u0142towanie opinii publicznej oraz silnie perswazyjnego charakteru przekazu wykorzystuj\u0105cego stereotypy oraz mity polityczne zosta\u0142y przez autor\u00f3w pracy <em>Kreowanie sens\u00f3w<\/em> <em>w komunikacji internetowej: mem, stereotyp, mit <\/em>przedstawione w spos\u00f3b systematyczny i wielostronny. Rozwa\u017cania teoretyczne po\u0142\u0105czono z wnikliw\u0105 analiz\u0105 bogatego materia\u0142u empirycznego. Wykorzystana literatura przedmiotu jest bardzo reprezentatywna. Ksi\u0105\u017cka znakomicie wpisuje si\u0119 w nurt wsp\u00f3\u0142czesnych rozwa\u017ca\u0144 dotycz\u0105cych komunikacji i komunikowania si\u0119 w przestrzeni internetowej, cyberkultury oraz funkcjonowania mit\u00f3w i stereotyp\u00f3w w \u015bwiadomo\u015bci zbiorowej. Porz\u0105dkuje i wzbogaca dotychczasowy stan wiedzy, a tym samym stanowi wa\u017cny wk\u0142ad do rozwoju takich dziedzin j\u0119zykoznawstwa, jak lingwistyka kulturowa, dyskursologia czy pragmatyka komunikacji.<\/p>\n<p style=\"text-align: right;\"><em>Z recenzji wydawniczej dr hab. Katarzyny Kuligowskiej, prof. UAM<\/em><\/p>\n","protected":false},"featured_media":45461,"template":"","meta":{"_acf_changed":false},"journal":[],"rodzaj":[7074],"seria":[],"product_brand":[],"product_cat":[6924],"product_tag":[7470,7471,7472],"class_list":{"0":"post-45937","1":"product","2":"type-product","3":"status-publish","4":"has-post-thumbnail","6":"rodzaj-ksiazki","7":"product_cat-jezykoznawstwo","8":"product_tag-aleksandra-klimkiewicz","9":"product_tag-marcin-trendowicz","10":"product_tag-zanna-sladkiewicz","12":"first","13":"instock","14":"taxable","15":"shipping-taxable","16":"purchasable","17":"product-type-simple"},"acf":[],"_links":{"self":[{"href":"https:\/\/wydawnictwo.ug.edu.pl\/en\/wp-json\/wp\/v2\/product\/45937","targetHints":{"allow":["GET"]}}],"collection":[{"href":"https:\/\/wydawnictwo.ug.edu.pl\/en\/wp-json\/wp\/v2\/product"}],"about":[{"href":"https:\/\/wydawnictwo.ug.edu.pl\/en\/wp-json\/wp\/v2\/types\/product"}],"wp:featuredmedia":[{"embeddable":true,"href":"https:\/\/wydawnictwo.ug.edu.pl\/en\/wp-json\/wp\/v2\/media\/45461"}],"wp:attachment":[{"href":"https:\/\/wydawnictwo.ug.edu.pl\/en\/wp-json\/wp\/v2\/media?parent=45937"}],"wp:term":[{"taxonomy":"journal","embeddable":true,"href":"https:\/\/wydawnictwo.ug.edu.pl\/en\/wp-json\/wp\/v2\/journal?post=45937"},{"taxonomy":"rodzaj","embeddable":true,"href":"https:\/\/wydawnictwo.ug.edu.pl\/en\/wp-json\/wp\/v2\/rodzaj?post=45937"},{"taxonomy":"seria","embeddable":true,"href":"https:\/\/wydawnictwo.ug.edu.pl\/en\/wp-json\/wp\/v2\/seria?post=45937"},{"taxonomy":"product_brand","embeddable":true,"href":"https:\/\/wydawnictwo.ug.edu.pl\/en\/wp-json\/wp\/v2\/product_brand?post=45937"},{"taxonomy":"product_cat","embeddable":true,"href":"https:\/\/wydawnictwo.ug.edu.pl\/en\/wp-json\/wp\/v2\/product_cat?post=45937"},{"taxonomy":"product_tag","embeddable":true,"href":"https:\/\/wydawnictwo.ug.edu.pl\/en\/wp-json\/wp\/v2\/product_tag?post=45937"}],"curies":[{"name":"wp","href":"https:\/\/api.w.org\/{rel}","templated":true}]}}