{"id":45935,"date":"2025-04-09T10:40:26","date_gmt":"2025-04-09T10:40:26","guid":{"rendered":"https:\/\/wydawnictwo.ug.edu.pl\/ksiegarnia-online\/uncategorized\/ekonomiczne-i-organizacyjne-determinanty-ksztaltowania-platformy-uslug-logistycznych-3pl-w-pkp-cargo\/"},"modified":"2026-02-10T15:48:54","modified_gmt":"2026-02-10T15:48:54","slug":"ekonomiczne-i-organizacyjne-determinanty-ksztaltowania-platformy-uslug-logistycznych-3pl-w-pkp-cargo","status":"publish","type":"product","link":"https:\/\/wydawnictwo.ug.edu.pl\/en\/ksiegarnia-online\/ekonomia\/ekonomiczne-i-organizacyjne-determinanty-ksztaltowania-platformy-uslug-logistycznych-3pl-w-pkp-cargo\/","title":{"rendered":"Ekonomiczne i organizacyjne determinanty kszta\u0142towania platformy us\u0142ug logistycznych 3PL w PKP Cargo"},"content":{"rendered":"","protected":false},"excerpt":{"rendered":"<p style=\"text-align: left;\">W monografii zaprezentowano kompleksowy projekt przygotowuj\u0105cy do strategicznego przekszta\u0142cenia PKP Cargo SA w krajowego operatora logistycznego. Autor umiej\u0119tnie po\u0142\u0105czy\u0142 teori\u0119 z praktyk\u0105, oferuj\u0105c warto\u015bciowe tre\u015bci zar\u00f3wno dla \u015brodowiska akademickiego, jak i dla praktyk\u00f3w gospodarczych, wykraczaj\u0105c zarazem poza tradycyjne opracowania teoretyczne. W kontek\u015bcie proces\u00f3w globalizacyjnych, wymagaj\u0105cych wsparcia operator\u00f3w logistycznych 3PL i 4PL, PKP Cargo SA wyr\u00f3\u017cniaj\u0105 kluczowe cechy niezb\u0119dne do realizacji takich zada\u0144. Przedstawiona tu gruntowna analiza sp\u00f3\u0142ki pozwoli\u0142a na wskazanie kierunk\u00f3w rozwoju oraz nowych linii produktowych, dzi\u0119ki czemu publikacja ta jest wiarygodnym \u017ar\u00f3d\u0142em wiedzy, istotnym dla rozwoju bran\u017cy logistycznej.<\/p>\n<p style=\"text-align: right;\"><em>dr hab. Andrzej Jezierski, prof. UWSB Merito<\/em><\/p>\n","protected":false},"featured_media":45459,"template":"","meta":{"_acf_changed":false},"journal":[],"rodzaj":[7074],"seria":[],"product_brand":[],"product_cat":[6934],"product_tag":[7469],"class_list":{"0":"post-45935","1":"product","2":"type-product","3":"status-publish","4":"has-post-thumbnail","6":"rodzaj-ksiazki","7":"product_cat-ekonomia","8":"product_tag-czeslaw-warsewicz","10":"first","11":"instock","12":"taxable","13":"shipping-taxable","14":"purchasable","15":"product-type-simple"},"acf":[],"_links":{"self":[{"href":"https:\/\/wydawnictwo.ug.edu.pl\/en\/wp-json\/wp\/v2\/product\/45935","targetHints":{"allow":["GET"]}}],"collection":[{"href":"https:\/\/wydawnictwo.ug.edu.pl\/en\/wp-json\/wp\/v2\/product"}],"about":[{"href":"https:\/\/wydawnictwo.ug.edu.pl\/en\/wp-json\/wp\/v2\/types\/product"}],"wp:featuredmedia":[{"embeddable":true,"href":"https:\/\/wydawnictwo.ug.edu.pl\/en\/wp-json\/wp\/v2\/media\/45459"}],"wp:attachment":[{"href":"https:\/\/wydawnictwo.ug.edu.pl\/en\/wp-json\/wp\/v2\/media?parent=45935"}],"wp:term":[{"taxonomy":"journal","embeddable":true,"href":"https:\/\/wydawnictwo.ug.edu.pl\/en\/wp-json\/wp\/v2\/journal?post=45935"},{"taxonomy":"rodzaj","embeddable":true,"href":"https:\/\/wydawnictwo.ug.edu.pl\/en\/wp-json\/wp\/v2\/rodzaj?post=45935"},{"taxonomy":"seria","embeddable":true,"href":"https:\/\/wydawnictwo.ug.edu.pl\/en\/wp-json\/wp\/v2\/seria?post=45935"},{"taxonomy":"product_brand","embeddable":true,"href":"https:\/\/wydawnictwo.ug.edu.pl\/en\/wp-json\/wp\/v2\/product_brand?post=45935"},{"taxonomy":"product_cat","embeddable":true,"href":"https:\/\/wydawnictwo.ug.edu.pl\/en\/wp-json\/wp\/v2\/product_cat?post=45935"},{"taxonomy":"product_tag","embeddable":true,"href":"https:\/\/wydawnictwo.ug.edu.pl\/en\/wp-json\/wp\/v2\/product_tag?post=45935"}],"curies":[{"name":"wp","href":"https:\/\/api.w.org\/{rel}","templated":true}]}}