{"id":45931,"date":"2025-04-28T08:42:18","date_gmt":"2025-04-28T08:42:18","guid":{"rendered":"https:\/\/wydawnictwo.ug.edu.pl\/ksiegarnia-online\/uncategorized\/analiza-i-wycena-przedsiebiorstwa-w-warunkach-polskich\/"},"modified":"2026-03-05T12:06:55","modified_gmt":"2026-03-05T12:06:55","slug":"analiza-i-wycena-przedsiebiorstwa-w-warunkach-polskich","status":"publish","type":"product","link":"https:\/\/wydawnictwo.ug.edu.pl\/en\/ksiegarnia-online\/zarzadzanie\/analiza-i-wycena-przedsiebiorstwa-w-warunkach-polskich\/","title":{"rendered":"Analiza i wycena przedsi\u0119biorstwa w warunkach polskich"},"content":{"rendered":"","protected":false},"excerpt":{"rendered":"<p><em>Analiza i wycena przedsi\u0119biorstwa w warunkach polskich. Studium przypadku<\/em><\/p>\n<p>Wycena przedsi\u0119biorstwa to skomplikowany proces, kt\u00f3ry wymaga specjalistycznej wiedzy oraz dog\u0142\u0119bnego zrozumienia reali\u00f3w rynkowych. Zale\u017cy od wielu element\u00f3w, mi\u0119dzy innymi od cel\u00f3w dokonywanej wyceny oraz uwarunkowa\u0144 systemowych. Kluczowymi etapami s\u0105 identyfikacja i analiza czynnik\u00f3w kszta\u0142tuj\u0105cych warto\u015b\u0107 danego podmiotu, co pozwala na ich w\u0142a\u015bciwe uwzgl\u0119dnienie podczas wyceny. Rzetelna interpretacja zebranych informacji o wycenianym przedsi\u0119biorstwie jest warunkiem niezb\u0119dnym do uzyskania wiarygodnych rezultat\u00f3w.<\/p>\n<p>Pomimo \u017ce temat wyceny przedsi\u0119biorstw by\u0142 ju\u017c szeroko omawiany w literaturze przedmiotu, brakowa\u0142o zwartej publikacji przedstawiaj\u0105cej kompleksowy obraz tego procesu w kontek\u015bcie polskiego rynku. W dotychczasowych pracach skupiano si\u0119 na og\u00f3lnych za\u0142o\u017ceniach, nie uwzgl\u0119dniaj\u0105c szczeg\u00f3\u0142owo takich aspekt\u00f3w, jak proces zbierania danych, specyfika krajowych warunk\u00f3w wyceny czy prezentacja za\u0142o\u017ce\u0144 dla przyj\u0119tego na potrzeby wyceny scenariusza dzia\u0142alno\u015bci przedsi\u0119biorstwa.<\/p>\n<p>Autor w niniejszej monografii wype\u0142nia zidentyfikowan\u0105 luk\u0119 badawcz\u0105. Dok\u0142adnie przedstawia proces wyceny przedsi\u0119biorstwa z perspektywy rynku polskiego oraz jego specyfiki i uwarunkowa\u0144. Uporz\u0105dkowa\u0142 i usystematyzowa\u0142 wiedz\u0119 teoretyczn\u0105 oraz praktyczn\u0105, oferuj\u0105c g\u0142\u0119bok\u0105 analiz\u0119 poszczeg\u00f3lnych etap\u00f3w wyceny. Om\u00f3wi\u0142 praktyczne aspekty wyceny na przyk\u0142adzie Grupy Kapita\u0142owej Dino Polska S.A., uwidaczniaj\u0105c w ten spos\u00f3b, jak teoria przek\u0142ada si\u0119 na praktyk\u0119. Dodatkowo zweryfikowa\u0142, czy rynkowa warto\u015b\u0107 Grupy Kapita\u0142owej Dino Polska S.A. by\u0142a zgodna z jej warto\u015bci\u0105 fundamentaln\u0105.<\/p>\n<p>Ksi\u0105\u017cka jest skierowana zar\u00f3wno do badaczy i student\u00f3w interesuj\u0105cych si\u0119 wycen\u0105 przedsi\u0119biorstw, analiz\u0105 fundamentaln\u0105 i rynkami kapita\u0142owymi, jak i do praktyk\u00f3w, kt\u00f3rzy pragn\u0105 poszerzy\u0107 swoj\u0105 wiedz\u0119 i rozwija\u0107 umiej\u0119tno\u015bci w zakresie wyceny przedsi\u0119biorstw.<\/p>\n","protected":false},"featured_media":45454,"template":"","meta":{"_acf_changed":false},"journal":[],"rodzaj":[2602],"seria":[],"product_brand":[],"product_cat":[6942],"product_tag":[6771],"class_list":{"0":"post-45931","1":"product","2":"type-product","3":"status-publish","4":"has-post-thumbnail","6":"rodzaj-ksiazki","7":"product_cat-zarzadzanie","8":"product_tag-krzysztof-kowalke","10":"first","11":"instock","12":"taxable","13":"shipping-taxable","14":"purchasable","15":"product-type-simple"},"acf":[],"_links":{"self":[{"href":"https:\/\/wydawnictwo.ug.edu.pl\/en\/wp-json\/wp\/v2\/product\/45931","targetHints":{"allow":["GET"]}}],"collection":[{"href":"https:\/\/wydawnictwo.ug.edu.pl\/en\/wp-json\/wp\/v2\/product"}],"about":[{"href":"https:\/\/wydawnictwo.ug.edu.pl\/en\/wp-json\/wp\/v2\/types\/product"}],"wp:featuredmedia":[{"embeddable":true,"href":"https:\/\/wydawnictwo.ug.edu.pl\/en\/wp-json\/wp\/v2\/media\/45454"}],"wp:attachment":[{"href":"https:\/\/wydawnictwo.ug.edu.pl\/en\/wp-json\/wp\/v2\/media?parent=45931"}],"wp:term":[{"taxonomy":"journal","embeddable":true,"href":"https:\/\/wydawnictwo.ug.edu.pl\/en\/wp-json\/wp\/v2\/journal?post=45931"},{"taxonomy":"rodzaj","embeddable":true,"href":"https:\/\/wydawnictwo.ug.edu.pl\/en\/wp-json\/wp\/v2\/rodzaj?post=45931"},{"taxonomy":"seria","embeddable":true,"href":"https:\/\/wydawnictwo.ug.edu.pl\/en\/wp-json\/wp\/v2\/seria?post=45931"},{"taxonomy":"product_brand","embeddable":true,"href":"https:\/\/wydawnictwo.ug.edu.pl\/en\/wp-json\/wp\/v2\/product_brand?post=45931"},{"taxonomy":"product_cat","embeddable":true,"href":"https:\/\/wydawnictwo.ug.edu.pl\/en\/wp-json\/wp\/v2\/product_cat?post=45931"},{"taxonomy":"product_tag","embeddable":true,"href":"https:\/\/wydawnictwo.ug.edu.pl\/en\/wp-json\/wp\/v2\/product_tag?post=45931"}],"curies":[{"name":"wp","href":"https:\/\/api.w.org\/{rel}","templated":true}]}}