{"id":45928,"date":"2025-04-28T10:03:10","date_gmt":"2025-04-28T10:03:10","guid":{"rendered":"https:\/\/wydawnictwo.ug.edu.pl\/ksiegarnia-online\/uncategorized\/problemy-wczesnej-edukacji-2024-nr-259\/"},"modified":"2026-02-10T15:47:08","modified_gmt":"2026-02-10T15:47:08","slug":"problemy-wczesnej-edukacji-2024-nr-259","status":"publish","type":"product","link":"https:\/\/wydawnictwo.ug.edu.pl\/en\/ksiegarnia-online\/pedagogika-i-psychologia\/problemy-wczesnej-edukacji-2024-nr-259\/","title":{"rendered":"Problemy Wczesnej Edukacji 2024, nr 2(59)"},"content":{"rendered":"","protected":false},"excerpt":{"rendered":"<p class=\"product_title entry-title elementor-heading-title elementor-size-default\">Problemy Wczesnej Edukacji 2024, nr 2(59): W stron\u0119 potrzeb dziecka<\/p>\n<p class=\"product_title entry-title elementor-heading-title elementor-size-default\">\u201eProblemy Wczesnej Edukacji\/Issues in Early Education\u201d to p\u00f3\u0142rocznik, w kt\u00f3rym s\u0105 publikowane artyku\u0142y naukowe w j\u0119zykach polskim i angielskim. Tematyka czasopisma wpisuje si\u0119 w nurt bada\u0144 nad dzieckiem i dzieci\u0144stwem oraz wczesn\u0105 edukacj\u0105. Teksty maj\u0105 charakter empiryczny, prezentuj\u0105 wyniki poszukiwa\u0144 badawczych w tym obszarze tematycznym.<\/p>\n<h6><a href=\"https:\/\/czasopisma.bg.ug.edu.pl\/index.php\/pwe\/issue\/view\/845\"><strong>Wersja elektroniczna<\/strong><\/a><\/h6>\n","protected":false},"featured_media":45448,"template":"","meta":{"_acf_changed":false},"journal":[6728],"rodzaj":[6667],"seria":[],"product_brand":[],"product_cat":[271],"product_tag":[],"class_list":{"0":"post-45928","1":"product","2":"type-product","3":"status-publish","4":"has-post-thumbnail","6":"journal-problemy-wczesnej-edukacji","7":"rodzaj-czasopismo","8":"product_cat-pedagogika-i-psychologia","10":"first","11":"instock","12":"taxable","13":"shipping-taxable","14":"product-type-simple"},"acf":[],"_links":{"self":[{"href":"https:\/\/wydawnictwo.ug.edu.pl\/en\/wp-json\/wp\/v2\/product\/45928","targetHints":{"allow":["GET"]}}],"collection":[{"href":"https:\/\/wydawnictwo.ug.edu.pl\/en\/wp-json\/wp\/v2\/product"}],"about":[{"href":"https:\/\/wydawnictwo.ug.edu.pl\/en\/wp-json\/wp\/v2\/types\/product"}],"wp:featuredmedia":[{"embeddable":true,"href":"https:\/\/wydawnictwo.ug.edu.pl\/en\/wp-json\/wp\/v2\/media\/45448"}],"wp:attachment":[{"href":"https:\/\/wydawnictwo.ug.edu.pl\/en\/wp-json\/wp\/v2\/media?parent=45928"}],"wp:term":[{"taxonomy":"journal","embeddable":true,"href":"https:\/\/wydawnictwo.ug.edu.pl\/en\/wp-json\/wp\/v2\/journal?post=45928"},{"taxonomy":"rodzaj","embeddable":true,"href":"https:\/\/wydawnictwo.ug.edu.pl\/en\/wp-json\/wp\/v2\/rodzaj?post=45928"},{"taxonomy":"seria","embeddable":true,"href":"https:\/\/wydawnictwo.ug.edu.pl\/en\/wp-json\/wp\/v2\/seria?post=45928"},{"taxonomy":"product_brand","embeddable":true,"href":"https:\/\/wydawnictwo.ug.edu.pl\/en\/wp-json\/wp\/v2\/product_brand?post=45928"},{"taxonomy":"product_cat","embeddable":true,"href":"https:\/\/wydawnictwo.ug.edu.pl\/en\/wp-json\/wp\/v2\/product_cat?post=45928"},{"taxonomy":"product_tag","embeddable":true,"href":"https:\/\/wydawnictwo.ug.edu.pl\/en\/wp-json\/wp\/v2\/product_tag?post=45928"}],"curies":[{"name":"wp","href":"https:\/\/api.w.org\/{rel}","templated":true}]}}