{"id":45927,"date":"2025-05-12T11:16:45","date_gmt":"2025-05-12T11:16:45","guid":{"rendered":"https:\/\/wydawnictwo.ug.edu.pl\/ksiegarnia-online\/uncategorized\/historia-prawa-w-przezroczach\/"},"modified":"2026-02-10T15:47:13","modified_gmt":"2026-02-10T15:47:13","slug":"historia-prawa-w-przezroczach","status":"publish","type":"product","link":"https:\/\/wydawnictwo.ug.edu.pl\/en\/ksiegarnia-online\/prawo-i-administracja\/historia-prawa-w-przezroczach\/","title":{"rendered":"Historia prawa w przezroczach"},"content":{"rendered":"","protected":false},"excerpt":{"rendered":"<p>Je\u017celi przyjmiemy za prawdziwe twierdzenie, ze \u201ehistoria jest nauczycielka \u017cycia\u201d (\u0142ac.\u00a0<em>historia magistra vitae<\/em>), to tym bardziej jest ni\u0105 historia prawa. Materia\u0142 zestawiony w zbiorze oddawanym do rak Czytelnika naturalnie nie tworzy wyczerpuj\u0105cego obrazu dziej\u00f3w naszej dyscypliny. To raczej impresje zwi\u0105zane z emocjonalnym przezywaniem historycznych epizod\u00f3w o prawniczym zabarwieniu, wyj\u0119tych z osi czasu. Stad tytu\u0142\u00a0<em>Historia prawa w przezroczach<\/em>. Zag\u0142\u0119bianie si\u0119 w przesz\u0142o\u015b\u0107 zawsze jest podr\u00f3\u017c\u0105. A kiedy podr\u00f3\u017cujemy, ogl\u0105dane widoki fotografujemy tylko raz na jaki\u015b czas, po czym z wykonanych zdj\u0119\u0107 wybieramy te najlepsze. Oto moja kolekcja przezroczy zwi\u0105zana z refleksjami nad histori\u0105 prawa.<\/p>\n<p style=\"text-align: right;\"><em>Ze Wst\u0119pu<\/em><\/p>\n<p>Ksi\u0105\u017cka stanowi interesuj\u0105cy bardzo zbi\u00f3r, zas\u0142uguj\u0105cy na polecenie ka\u017cdemu czytelnikowi, nie tylko historykowi prawa. Specyficzn\u0105 warto\u015bci\u0105 tego zbioru s\u0105 bowiem \u2013 obok wiadomo\u015bci i ciekawostek historycznych z kilku epok \u2013 wnikliwe spostrze\u017cenia i obserwacje, odnosz\u0105ce si\u0119 do historii ci\u0105gle \u017cywej we wsp\u00f3\u0142czesno\u015bci. Od strony merytorycznej niew\u0105tpliwie zas\u0142uguje na opublikowanie. Mamy tu wielobarwna mozaik\u0119 os\u00f3b, miejsc, wydarze\u0144, kazus\u00f3w, czyn\u00f3w oraz mniejszych i wi\u0119kszych historycznych przypadk\u00f3w. \u0141\u0105czy je historia prawa, ukazana r\u00f3wnie\u017c w r\u00f3\u017cnorodnych i zmiennych aspektach. (\u2026) Na uwag\u0119 zas\u0142uguje bogactwo tre\u015bci recenzowanej ksi\u0105\u017cki, kt\u00f3rej lektura wci\u0105ga i fascynuje.<\/p>\n<p style=\"text-align: right;\"><em>Z recenzji prof. dr. hab. Marka Kury\u0142owicza<\/em><\/p>\n<p>Publikacja sfinansowana ze \u015brodk\u00f3w Akademii \u0141om\u017cy\u0144skiej<\/p>\n<p><img decoding=\"async\" class=\"alignnone wp-image-33354\" src=\"https:\/\/wydawnictwo.ug.edu.pl\/wp-content\/uploads\/2025\/04\/Akademia-lomzynska-1.png\" alt=\"\" width=\"145\" height=\"39\" \/><\/p>\n","protected":false},"featured_media":45446,"template":"","meta":{"_acf_changed":false},"journal":[],"rodzaj":[7074],"seria":[],"product_brand":[],"product_cat":[6932],"product_tag":[7462],"class_list":{"0":"post-45927","1":"product","2":"type-product","3":"status-publish","4":"has-post-thumbnail","6":"rodzaj-ksiazki","7":"product_cat-prawo-i-administracja","8":"product_tag-maciej-jonca","10":"first","11":"instock","12":"taxable","13":"shipping-taxable","14":"purchasable","15":"product-type-simple"},"acf":[],"_links":{"self":[{"href":"https:\/\/wydawnictwo.ug.edu.pl\/en\/wp-json\/wp\/v2\/product\/45927","targetHints":{"allow":["GET"]}}],"collection":[{"href":"https:\/\/wydawnictwo.ug.edu.pl\/en\/wp-json\/wp\/v2\/product"}],"about":[{"href":"https:\/\/wydawnictwo.ug.edu.pl\/en\/wp-json\/wp\/v2\/types\/product"}],"wp:featuredmedia":[{"embeddable":true,"href":"https:\/\/wydawnictwo.ug.edu.pl\/en\/wp-json\/wp\/v2\/media\/45446"}],"wp:attachment":[{"href":"https:\/\/wydawnictwo.ug.edu.pl\/en\/wp-json\/wp\/v2\/media?parent=45927"}],"wp:term":[{"taxonomy":"journal","embeddable":true,"href":"https:\/\/wydawnictwo.ug.edu.pl\/en\/wp-json\/wp\/v2\/journal?post=45927"},{"taxonomy":"rodzaj","embeddable":true,"href":"https:\/\/wydawnictwo.ug.edu.pl\/en\/wp-json\/wp\/v2\/rodzaj?post=45927"},{"taxonomy":"seria","embeddable":true,"href":"https:\/\/wydawnictwo.ug.edu.pl\/en\/wp-json\/wp\/v2\/seria?post=45927"},{"taxonomy":"product_brand","embeddable":true,"href":"https:\/\/wydawnictwo.ug.edu.pl\/en\/wp-json\/wp\/v2\/product_brand?post=45927"},{"taxonomy":"product_cat","embeddable":true,"href":"https:\/\/wydawnictwo.ug.edu.pl\/en\/wp-json\/wp\/v2\/product_cat?post=45927"},{"taxonomy":"product_tag","embeddable":true,"href":"https:\/\/wydawnictwo.ug.edu.pl\/en\/wp-json\/wp\/v2\/product_tag?post=45927"}],"curies":[{"name":"wp","href":"https:\/\/api.w.org\/{rel}","templated":true}]}}