{"id":45926,"date":"2025-05-12T11:23:53","date_gmt":"2025-05-12T11:23:53","guid":{"rendered":"https:\/\/wydawnictwo.ug.edu.pl\/ksiegarnia-online\/uncategorized\/teatr-literatura-zarzadzanie\/"},"modified":"2026-02-10T15:47:16","modified_gmt":"2026-02-10T15:47:16","slug":"teatr-literatura-zarzadzanie","status":"publish","type":"product","link":"https:\/\/wydawnictwo.ug.edu.pl\/en\/ksiegarnia-online\/literaturoznawstwo\/teatr-literatura-zarzadzanie\/","title":{"rendered":"Teatr \u2013 Literatura \u2013 Zarz\u0105dzanie"},"content":{"rendered":"","protected":false},"excerpt":{"rendered":"<p><em>Teatr \u2013 Literatura \u2013 Zarz\u0105dzanie<\/em>\u00a0to wieloautorska monografia podsumowuj\u0105ca badania prowadzone w latach 2022\u20132024 w Pracowni Badawczej Between.Pomi\u0119dzy na Uniwersytecie Gda\u0144skim. Publikacja \u0142\u0105czy perspektywy akademickie i praktyczne \u2013 zawiera teksty badaczy zajmuj\u0105cych si\u0119 zarz\u0105dzaniem kultur\u0105, a tak\u017ce praktyk\u00f3w dzia\u0142aj\u0105cych w obszarze teatru i literatury.<\/p>\n<p>Ksi\u0105\u017cka koncentruje si\u0119 na relacjach mi\u0119dzy sztuk\u0105 a zarz\u0105dzaniem i ekonomi\u0105, analizuj\u0105c m.in. strategie wsp\u00f3\u0142pracy artyst\u00f3w z instytucjami i biznesem, finansowanie kultury, globaln\u0105 dost\u0119pno\u015b\u0107 tre\u015bci artystycznych, festiwale jako formy organizacyjne, a tak\u017ce rol\u0119 teatru i literatury w budowaniu dialogu spo\u0142ecznego i mi\u0119dzykulturowego.<\/p>\n","protected":false},"featured_media":45443,"template":"","meta":{"_acf_changed":false},"journal":[],"rodzaj":[7074],"seria":[],"product_brand":[],"product_cat":[6936,6925],"product_tag":[7458,7459,7460,7461],"class_list":{"0":"post-45926","1":"product","2":"type-product","3":"status-publish","4":"has-post-thumbnail","6":"rodzaj-ksiazki","7":"product_cat-historia-sztuki-i-kulturoznawstwo","8":"product_cat-literaturoznawstwo","9":"product_tag-katarzyna-kreglewskakatarzyna-kreglewska","10":"product_tag-katarzyna-pastuszak","11":"product_tag-roksana-zgierska","12":"product_tag-tomasz-wisniewskitomasz-wisniewski","14":"first","15":"instock","16":"taxable","17":"shipping-taxable","18":"product-type-simple"},"acf":[],"_links":{"self":[{"href":"https:\/\/wydawnictwo.ug.edu.pl\/en\/wp-json\/wp\/v2\/product\/45926","targetHints":{"allow":["GET"]}}],"collection":[{"href":"https:\/\/wydawnictwo.ug.edu.pl\/en\/wp-json\/wp\/v2\/product"}],"about":[{"href":"https:\/\/wydawnictwo.ug.edu.pl\/en\/wp-json\/wp\/v2\/types\/product"}],"wp:featuredmedia":[{"embeddable":true,"href":"https:\/\/wydawnictwo.ug.edu.pl\/en\/wp-json\/wp\/v2\/media\/45443"}],"wp:attachment":[{"href":"https:\/\/wydawnictwo.ug.edu.pl\/en\/wp-json\/wp\/v2\/media?parent=45926"}],"wp:term":[{"taxonomy":"journal","embeddable":true,"href":"https:\/\/wydawnictwo.ug.edu.pl\/en\/wp-json\/wp\/v2\/journal?post=45926"},{"taxonomy":"rodzaj","embeddable":true,"href":"https:\/\/wydawnictwo.ug.edu.pl\/en\/wp-json\/wp\/v2\/rodzaj?post=45926"},{"taxonomy":"seria","embeddable":true,"href":"https:\/\/wydawnictwo.ug.edu.pl\/en\/wp-json\/wp\/v2\/seria?post=45926"},{"taxonomy":"product_brand","embeddable":true,"href":"https:\/\/wydawnictwo.ug.edu.pl\/en\/wp-json\/wp\/v2\/product_brand?post=45926"},{"taxonomy":"product_cat","embeddable":true,"href":"https:\/\/wydawnictwo.ug.edu.pl\/en\/wp-json\/wp\/v2\/product_cat?post=45926"},{"taxonomy":"product_tag","embeddable":true,"href":"https:\/\/wydawnictwo.ug.edu.pl\/en\/wp-json\/wp\/v2\/product_tag?post=45926"}],"curies":[{"name":"wp","href":"https:\/\/api.w.org\/{rel}","templated":true}]}}